{"id":19575,"date":"2024-10-21T11:29:20","date_gmt":"2024-10-21T10:29:20","guid":{"rendered":"https:\/\/formotor.com\/flota\/senza-categoria\/fiat-panda-cross\/"},"modified":"2024-10-21T11:29:20","modified_gmt":"2024-10-21T10:29:20","slug":"fiat-panda-cross","status":"publish","type":"product","link":"https:\/\/formotor.com\/it\/flotta\/automobili\/fiat-panda-cross\/","title":{"rendered":"Fiat Panda Cross"},"content":{"rendered":"<h1>Noleggiare una Fiat Panda Cross a Formentera<\/h1>\n<p>La Fiat Panda Cross \u00e8 il compagno perfetto per esplorare Formentera, grazie al suo design compatto e robusto che consente una guida comoda e agile. Nonostante le sue dimensioni ridotte, questo veicolo offre un interno ben sfruttato, con spazio sufficiente per 4 persone e i loro effetti personali.<\/p>\n<p>L\u2019accesso all\u2019interno \u00e8 semplice grazie alle 5 porte disponibili, che sottolineano la sua versatilit\u00e0 sia per la guida in citt\u00e0 che per i percorsi pi\u00f9 avventurosi dell\u2019isola.<\/p>\n<h2>Perch\u00e9 noleggiare una Fiat Panda Cross?<\/h2>\n<p>Perch\u00e9 \u00e8 compatta ma resistente, ideale per la mobilit\u00e0 sui vari terreni dell\u2019isola, offrendo un\u2019esperienza di guida comoda e sicura.<\/p>\n","protected":false},"excerpt":{"rendered":"<p>Noleggiare una Fiat Panda Cross a Formentera La Fiat Panda Cross \u00e8 il compagno perfetto per esplorare Formentera, grazie al [&hellip;]<\/p>\n","protected":false},"featured_media":19560,"comment_status":"open","ping_status":"closed","template":"","meta":{"_acf_changed":false},"product_cat":[232],"product_tag":[],"class_list":{"0":"post-19575","1":"product","2":"type-product","3":"status-publish","4":"has-post-thumbnail","6":"product_cat-automobili","8":"first","9":"instock","10":"sale","11":"shipping-taxable","12":"purchasable","13":"product-type-simple"},"acf":[],"_links":{"self":[{"href":"https:\/\/formotor.com\/it\/wp-json\/wp\/v2\/product\/19575","targetHints":{"allow":["GET"]}}],"collection":[{"href":"https:\/\/formotor.com\/it\/wp-json\/wp\/v2\/product"}],"about":[{"href":"https:\/\/formotor.com\/it\/wp-json\/wp\/v2\/types\/product"}],"replies":[{"embeddable":true,"href":"https:\/\/formotor.com\/it\/wp-json\/wp\/v2\/comments?post=19575"}],"wp:featuredmedia":[{"embeddable":true,"href":"https:\/\/formotor.com\/it\/wp-json\/wp\/v2\/media\/19560"}],"wp:attachment":[{"href":"https:\/\/formotor.com\/it\/wp-json\/wp\/v2\/media?parent=19575"}],"wp:term":[{"taxonomy":"product_cat","embeddable":true,"href":"https:\/\/formotor.com\/it\/wp-json\/wp\/v2\/product_cat?post=19575"},{"taxonomy":"product_tag","embeddable":true,"href":"https:\/\/formotor.com\/it\/wp-json\/wp\/v2\/product_tag?post=19575"}],"curies":[{"name":"wp","href":"https:\/\/api.w.org\/{rel}","templated":true}]}}