{"id":19488,"date":"2024-07-18T07:30:44","date_gmt":"2024-07-18T06:30:44","guid":{"rendered":"https:\/\/formotor.com\/flota\/senza-categoria\/honda-sh-125\/"},"modified":"2024-07-18T10:08:23","modified_gmt":"2024-07-18T09:08:23","slug":"honda-sh-125","status":"publish","type":"product","link":"https:\/\/formotor.com\/it\/flotta\/moto-it\/honda-sh-125\/","title":{"rendered":"Honda SH 125"},"content":{"rendered":"<h1>Noleggia Honda SH 125 a Formentera<\/h1>\n<h2>Perch\u00e9 noleggiare un Honda SH 125?<\/h2>\n<p>Raramente si pu\u00f2 essere cos\u00ec categorici da affermare che un veicolo \u00e8 quasi perfetto. Ma questa \u00e8 una di quelle rare occasioni. L&#8217;Honda SH125 \u00e8 lo scooter di riferimento a ruota alta con ruote da 16\u2032. Uno scooter moderno e tecnologico, dotato di bagagliaio e chiavi intelligenti per scoprire l&#8217;isola su 2 ruote.<\/p>\n<p><img decoding=\"async\" class=\"alignnone size-full wp-image-19411\" src=\"https:\/\/formotor.com\/wp-content\/uploads\/2021\/01\/frase-oficinas-Formotor-1_page-0001-scaled.webp\" alt=\"\" width=\"2560\" height=\"615\" srcset=\"https:\/\/formotor.com\/wp-content\/uploads\/2021\/01\/frase-oficinas-Formotor-1_page-0001-scaled.webp 2560w, https:\/\/formotor.com\/wp-content\/uploads\/2021\/01\/frase-oficinas-Formotor-1_page-0001-300x72.webp 300w, https:\/\/formotor.com\/wp-content\/uploads\/2021\/01\/frase-oficinas-Formotor-1_page-0001-1024x246.webp 1024w, https:\/\/formotor.com\/wp-content\/uploads\/2021\/01\/frase-oficinas-Formotor-1_page-0001-768x184.webp 768w, https:\/\/formotor.com\/wp-content\/uploads\/2021\/01\/frase-oficinas-Formotor-1_page-0001-1536x369.webp 1536w, https:\/\/formotor.com\/wp-content\/uploads\/2021\/01\/frase-oficinas-Formotor-1_page-0001-2048x492.webp 2048w, https:\/\/formotor.com\/wp-content\/uploads\/2021\/01\/frase-oficinas-Formotor-1_page-0001-600x144.webp 600w\" sizes=\"(max-width: 2560px) 100vw, 2560px\" \/><\/p>\n","protected":false},"excerpt":{"rendered":"<p>Noleggia Honda SH 125 a Formentera Perch\u00e9 noleggiare un Honda SH 125? Raramente si pu\u00f2 essere cos\u00ec categorici da affermare [&hellip;]<\/p>\n","protected":false},"featured_media":19483,"comment_status":"open","ping_status":"closed","template":"","meta":{"_acf_changed":false},"product_cat":[250],"product_tag":[],"class_list":{"0":"post-19488","1":"product","2":"type-product","3":"status-publish","4":"has-post-thumbnail","6":"product_cat-moto-it","8":"first","9":"instock","10":"shipping-taxable","11":"purchasable","12":"product-type-simple"},"acf":[],"_links":{"self":[{"href":"https:\/\/formotor.com\/it\/wp-json\/wp\/v2\/product\/19488","targetHints":{"allow":["GET"]}}],"collection":[{"href":"https:\/\/formotor.com\/it\/wp-json\/wp\/v2\/product"}],"about":[{"href":"https:\/\/formotor.com\/it\/wp-json\/wp\/v2\/types\/product"}],"replies":[{"embeddable":true,"href":"https:\/\/formotor.com\/it\/wp-json\/wp\/v2\/comments?post=19488"}],"wp:featuredmedia":[{"embeddable":true,"href":"https:\/\/formotor.com\/it\/wp-json\/wp\/v2\/media\/19483"}],"wp:attachment":[{"href":"https:\/\/formotor.com\/it\/wp-json\/wp\/v2\/media?parent=19488"}],"wp:term":[{"taxonomy":"product_cat","embeddable":true,"href":"https:\/\/formotor.com\/it\/wp-json\/wp\/v2\/product_cat?post=19488"},{"taxonomy":"product_tag","embeddable":true,"href":"https:\/\/formotor.com\/it\/wp-json\/wp\/v2\/product_tag?post=19488"}],"curies":[{"name":"wp","href":"https:\/\/api.w.org\/{rel}","templated":true}]}}