{"id":15581,"date":"2021-01-27T17:08:41","date_gmt":"2021-01-27T16:08:41","guid":{"rendered":"https:\/\/formotordev.developallin.com\/flota\/senza-categoria\/fiat-500c\/"},"modified":"2024-07-01T00:00:51","modified_gmt":"2024-06-30T23:00:51","slug":"fiat-500c","status":"publish","type":"product","link":"https:\/\/formotor.com\/it\/flotta\/automobili\/fiat-500c\/","title":{"rendered":"Fiat 500C"},"content":{"rendered":"<h1> Noleggia Fiat 500C a Formentera <\/h1>\n<p>L&#8217;essenza inconfondibile della Fiat 500 Cabrio traspare dal design Star, un modello urbano convertibile da sfoggiare al meglio. Ha un cappuccio in tela che si ripiega automaticamente. Senza dimenticare il sistema di aria condizionata incluso nel veicolo, capace di contrastare le giornate pi\u00f9 calde dell&#8217;estate.<\/p>\n<p>Con un interno per un massimo di quattro passeggeri, \u00e8 un modello per godersi la giornata a proprio piacimento, capace di percorrere chilometri e sfruttare il momento, che \u00e8 ci\u00f2 che conta davvero, soprattutto quando si visita l&#8217;isola di Formentera.<\/p>\n<h2> Perch\u00e9 noleggiare una Fiat 500 Cabrio? <\/h2>\n<p>Perch\u00e9 \u00e8 piccolo, maneggevole, facile da parcheggiare, pratico e soprattutto, quando partire con un veicolo decappottabile, se non su un&#8217;isola paradisiaca?<\/p>\n","protected":false},"excerpt":{"rendered":"<p>Noleggia Fiat 500C a Formentera L&#8217;essenza inconfondibile della Fiat 500 Cabrio traspare dal design Star, un modello urbano convertibile da [&hellip;]<\/p>\n","protected":false},"featured_media":15249,"comment_status":"closed","ping_status":"closed","template":"","meta":{"_acf_changed":false},"product_cat":[232],"product_tag":[],"class_list":{"0":"post-15581","1":"product","2":"type-product","3":"status-publish","4":"has-post-thumbnail","6":"product_cat-automobili","8":"first","9":"instock","10":"sale","11":"purchasable","12":"product-type-simple"},"acf":[],"_links":{"self":[{"href":"https:\/\/formotor.com\/it\/wp-json\/wp\/v2\/product\/15581","targetHints":{"allow":["GET"]}}],"collection":[{"href":"https:\/\/formotor.com\/it\/wp-json\/wp\/v2\/product"}],"about":[{"href":"https:\/\/formotor.com\/it\/wp-json\/wp\/v2\/types\/product"}],"replies":[{"embeddable":true,"href":"https:\/\/formotor.com\/it\/wp-json\/wp\/v2\/comments?post=15581"}],"wp:featuredmedia":[{"embeddable":true,"href":"https:\/\/formotor.com\/it\/wp-json\/wp\/v2\/media\/15249"}],"wp:attachment":[{"href":"https:\/\/formotor.com\/it\/wp-json\/wp\/v2\/media?parent=15581"}],"wp:term":[{"taxonomy":"product_cat","embeddable":true,"href":"https:\/\/formotor.com\/it\/wp-json\/wp\/v2\/product_cat?post=15581"},{"taxonomy":"product_tag","embeddable":true,"href":"https:\/\/formotor.com\/it\/wp-json\/wp\/v2\/product_tag?post=15581"}],"curies":[{"name":"wp","href":"https:\/\/api.w.org\/{rel}","templated":true}]}}