{"id":15579,"date":"2021-01-27T17:08:41","date_gmt":"2021-01-27T16:08:41","guid":{"rendered":"https:\/\/formotordev.developallin.com\/flota\/senza-categoria\/honda-vision-110cc\/"},"modified":"2024-05-27T09:25:05","modified_gmt":"2024-05-27T08:25:05","slug":"honda-vision-110cc","status":"publish","type":"product","link":"https:\/\/formotor.com\/it\/flotta\/moto-it\/honda-vision-110cc\/","title":{"rendered":"Honda Vision 110cc"},"content":{"rendered":"<h1>Noleggia Honda Vision a Formentera<\/h1>\n<p>L&#8217;Honda Vision 110cc \u00e8 uno scooter a ruota alta, caratterizzato dalla sua semplicit\u00e0 e bassa manutenzione. Il suo corpo compatto mantiene lo stile ma ha forme pi\u00f9 nitide. In termini di ergonomia, offre un grande comfort a entrambi gli occupanti<\/p>\n<p>La Honda Vision 110cc \u00e8 leggera in movimento e molto facile da trasportare. Un&#8217;ottima opzione per considerare questa calda vacanza per viaggiare tra le spiagge di Formentera.<\/p>\n<h2>Perch\u00e9 noleggiare una Honda Vision?<\/h2>\n<p>Perch\u00e9 \u00e8 una moto piccola, leggera e super pratica da maneggiare<\/p>\n","protected":false},"excerpt":{"rendered":"<p>Noleggia Honda Vision a Formentera L&#8217;Honda Vision 110cc \u00e8 uno scooter a ruota alta, caratterizzato dalla sua semplicit\u00e0 e bassa [&hellip;]<\/p>\n","protected":false},"featured_media":19431,"comment_status":"closed","ping_status":"closed","template":"","meta":{"_acf_changed":false},"product_cat":[250],"product_tag":[],"class_list":{"0":"post-15579","1":"product","2":"type-product","3":"status-publish","4":"has-post-thumbnail","6":"product_cat-moto-it","8":"first","9":"instock","10":"sale","11":"purchasable","12":"product-type-simple"},"acf":[],"_links":{"self":[{"href":"https:\/\/formotor.com\/it\/wp-json\/wp\/v2\/product\/15579","targetHints":{"allow":["GET"]}}],"collection":[{"href":"https:\/\/formotor.com\/it\/wp-json\/wp\/v2\/product"}],"about":[{"href":"https:\/\/formotor.com\/it\/wp-json\/wp\/v2\/types\/product"}],"replies":[{"embeddable":true,"href":"https:\/\/formotor.com\/it\/wp-json\/wp\/v2\/comments?post=15579"}],"wp:featuredmedia":[{"embeddable":true,"href":"https:\/\/formotor.com\/it\/wp-json\/wp\/v2\/media\/19431"}],"wp:attachment":[{"href":"https:\/\/formotor.com\/it\/wp-json\/wp\/v2\/media?parent=15579"}],"wp:term":[{"taxonomy":"product_cat","embeddable":true,"href":"https:\/\/formotor.com\/it\/wp-json\/wp\/v2\/product_cat?post=15579"},{"taxonomy":"product_tag","embeddable":true,"href":"https:\/\/formotor.com\/it\/wp-json\/wp\/v2\/product_tag?post=15579"}],"curies":[{"name":"wp","href":"https:\/\/api.w.org\/{rel}","templated":true}]}}