{"id":15577,"date":"2021-01-27T17:08:41","date_gmt":"2021-01-27T16:08:41","guid":{"rendered":"https:\/\/formotordev.developallin.com\/flota\/senza-categoria\/ford-tourneo-connect\/"},"modified":"2024-09-30T07:50:09","modified_gmt":"2024-09-30T06:50:09","slug":"peugeot-5008","status":"publish","type":"product","link":"https:\/\/formotor.com\/it\/flotta\/automobili\/peugeot-5008\/","title":{"rendered":"Peugeot 5008"},"content":{"rendered":"<h1>Noleggia PEUGEOT 5008 a Formentera<\/h1>\n<p>Dalla gamma Peugeot, il Peugeot 5008  \u00e8 dotato di un enorme bagagliaio e di un abitacolo spazioso.<\/p>\n<p>Esternamente presenta un design pi\u00f9 deciso grazie a linee pi\u00f9 marcate. Il suo interno offre invece un rivestimento con materiali pi\u00f9 eleganti e resistenti.<\/p>\n<p>La guida di questo modello \u00e8 buona sotto ogni aspetto. Un mezzo consigliato, spazioso, pratico e al miglior prezzo. Goditi il Peugeot 5008 , visitando i luoghi pi\u00f9 emblematici di Formentera.<\/p>\n<h2>Perch\u00e9 noleggiare un Peugeot 5008 ?<\/h2>\n<p>Minivan 7 posti, ideale se vuoi trascorrere una vacanza in compagnia o con la tua grande famiglia<\/p>\n","protected":false},"excerpt":{"rendered":"<p>Noleggia PEUGEOT 5008 a Formentera Dalla gamma Peugeot, il Peugeot 5008 \u00e8 dotato di un enorme bagagliaio e di un [&hellip;]<\/p>\n","protected":false},"featured_media":19331,"comment_status":"closed","ping_status":"closed","template":"","meta":{"_acf_changed":false},"product_cat":[232],"product_tag":[],"class_list":{"0":"post-15577","1":"product","2":"type-product","3":"status-publish","4":"has-post-thumbnail","6":"product_cat-automobili","8":"first","9":"instock","10":"purchasable","11":"product-type-simple"},"acf":[],"_links":{"self":[{"href":"https:\/\/formotor.com\/it\/wp-json\/wp\/v2\/product\/15577","targetHints":{"allow":["GET"]}}],"collection":[{"href":"https:\/\/formotor.com\/it\/wp-json\/wp\/v2\/product"}],"about":[{"href":"https:\/\/formotor.com\/it\/wp-json\/wp\/v2\/types\/product"}],"replies":[{"embeddable":true,"href":"https:\/\/formotor.com\/it\/wp-json\/wp\/v2\/comments?post=15577"}],"wp:featuredmedia":[{"embeddable":true,"href":"https:\/\/formotor.com\/it\/wp-json\/wp\/v2\/media\/19331"}],"wp:attachment":[{"href":"https:\/\/formotor.com\/it\/wp-json\/wp\/v2\/media?parent=15577"}],"wp:term":[{"taxonomy":"product_cat","embeddable":true,"href":"https:\/\/formotor.com\/it\/wp-json\/wp\/v2\/product_cat?post=15577"},{"taxonomy":"product_tag","embeddable":true,"href":"https:\/\/formotor.com\/it\/wp-json\/wp\/v2\/product_tag?post=15577"}],"curies":[{"name":"wp","href":"https:\/\/api.w.org\/{rel}","templated":true}]}}