{"id":15576,"date":"2021-01-27T17:08:41","date_gmt":"2021-01-27T16:08:41","guid":{"rendered":"https:\/\/formotordev.developallin.com\/flota\/senza-categoria\/ford-courier\/"},"modified":"2024-07-01T00:00:51","modified_gmt":"2024-06-30T23:00:51","slug":"citroen-berlingo","status":"publish","type":"product","link":"https:\/\/formotor.com\/it\/flotta\/automobili\/citroen-berlingo\/","title":{"rendered":"Citro\u00ebn Berlingo"},"content":{"rendered":"<h1>Noleggia il Citro\u00ebn Berlingo a Formentera<\/h1>\n<p>Pratico e familiare, cos\u00ec viene definito il Citro\u00ebn Berlingo. Un veicolo con un ampio bagagliaio e spazio sufficiente per consentire al conducente e ai passeggeri di viaggiare comodamente.<\/p>\n<p>Quando si tratta di guidare, \u00e8 un modello simile a un&#8217;auto. Questo perch\u00e9 la posizione del guidatore non \u00e8 cos\u00ec alta come in un minivan e ci d\u00e0 poche vibrazioni ai bassi regimi, il che \u00e8 ottimo per i lunghi viaggi.<\/p>\n<p>Il Citro\u00ebn Berlingo pu\u00f2 ospitare fino a 5 persone all&#8217;interno.<\/p>\n<h2>Perch\u00e9 noleggiare un Citro\u00ebn Berlingo?<\/h2>\n<p>Per le famiglie in cerca di praticit\u00e0, nessun veicolo pu\u00f2 batterlo. Ebbene, ha un ampio bagagliaio e le porte scorrevoli per i passeggeri lo rendono molto confortevole.<\/p>\n","protected":false},"excerpt":{"rendered":"<p>Noleggia il Citro\u00ebn Berlingo a Formentera Pratico e familiare, cos\u00ec viene definito il Citro\u00ebn Berlingo. Un veicolo con un ampio [&hellip;]<\/p>\n","protected":false},"featured_media":19336,"comment_status":"closed","ping_status":"closed","template":"","meta":{"_acf_changed":false},"product_cat":[232],"product_tag":[],"class_list":{"0":"post-15576","1":"product","2":"type-product","3":"status-publish","4":"has-post-thumbnail","6":"product_cat-automobili","8":"first","9":"instock","10":"sale","11":"purchasable","12":"product-type-simple"},"acf":[],"_links":{"self":[{"href":"https:\/\/formotor.com\/it\/wp-json\/wp\/v2\/product\/15576","targetHints":{"allow":["GET"]}}],"collection":[{"href":"https:\/\/formotor.com\/it\/wp-json\/wp\/v2\/product"}],"about":[{"href":"https:\/\/formotor.com\/it\/wp-json\/wp\/v2\/types\/product"}],"replies":[{"embeddable":true,"href":"https:\/\/formotor.com\/it\/wp-json\/wp\/v2\/comments?post=15576"}],"wp:featuredmedia":[{"embeddable":true,"href":"https:\/\/formotor.com\/it\/wp-json\/wp\/v2\/media\/19336"}],"wp:attachment":[{"href":"https:\/\/formotor.com\/it\/wp-json\/wp\/v2\/media?parent=15576"}],"wp:term":[{"taxonomy":"product_cat","embeddable":true,"href":"https:\/\/formotor.com\/it\/wp-json\/wp\/v2\/product_cat?post=15576"},{"taxonomy":"product_tag","embeddable":true,"href":"https:\/\/formotor.com\/it\/wp-json\/wp\/v2\/product_tag?post=15576"}],"curies":[{"name":"wp","href":"https:\/\/api.w.org\/{rel}","templated":true}]}}