{"id":15575,"date":"2021-01-27T17:08:41","date_gmt":"2021-01-27T16:08:41","guid":{"rendered":"https:\/\/formotordev.developallin.com\/flota\/senza-categoria\/piaggio-vespa-lx-125cc\/"},"modified":"2024-07-01T00:00:51","modified_gmt":"2024-06-30T23:00:51","slug":"piaggio-vespa-lx-125cc","status":"publish","type":"product","link":"https:\/\/formotor.com\/it\/flotta\/moto-it\/piaggio-vespa-lx-125cc\/","title":{"rendered":"Piaggio Vespa LX 125cc"},"content":{"rendered":"<h1>Noleggia Piaggio Vespa LX a Formentera<\/h1>\n<p>L&#8217;emblematico modello di Vespa, anche in Formotor. La Vespa LX 125 Piaggio si guida con la patente automobilistica, ha tre anni ed \u00e8 consigliata esperienza nella guida motociclistica. Visivamente offre un&#8217;estetica pi\u00f9 classica ed elegante, consentendo una buona capacit\u00e0 di carico grazie all&#8217;incavo sotto la seduta, al gancio portaborse e al vano portaoggetti del controscudo.<\/p>\n<p>La sua stabilit\u00e0 ricorda chiaramente le Vespe, favorendo la manovrabilit\u00e0 e il buon raggio di sterzata. Si caratterizza per essere leggero, con una capacit\u00e0 del serbatoio interessante, che gli consente di raggiungere un&#8217;autonomia di circa 250 km.<\/p>\n<p>Insomma, una soluzione urbana dal tocco classico e dinamico per vivere questa vacanza sull&#8217;isola di Formentera in coppia o con gli amici.<\/p>\n<h2>Perch\u00e9 noleggiare una Piaggio Vespa LX?<\/h2>\n<p>Tutti sanno che lo scooter \u00e8 un&#8217;icona per le vacanze. Quindi, se la tua idea \u00e8 quella di fare una vacanza da sogno, questo \u00e8 il tuo veicolo.<\/p>\n<p><img decoding=\"async\" class=\"alignnone size-full wp-image-19411\" src=\"https:\/\/formotor.com\/wp-content\/uploads\/2021\/01\/frase-oficinas-Formotor-1_page-0001-scaled.webp\" alt=\"\" width=\"2560\" height=\"615\" srcset=\"https:\/\/formotor.com\/wp-content\/uploads\/2021\/01\/frase-oficinas-Formotor-1_page-0001-scaled.webp 2560w, https:\/\/formotor.com\/wp-content\/uploads\/2021\/01\/frase-oficinas-Formotor-1_page-0001-300x72.webp 300w, https:\/\/formotor.com\/wp-content\/uploads\/2021\/01\/frase-oficinas-Formotor-1_page-0001-1024x246.webp 1024w, https:\/\/formotor.com\/wp-content\/uploads\/2021\/01\/frase-oficinas-Formotor-1_page-0001-768x184.webp 768w, https:\/\/formotor.com\/wp-content\/uploads\/2021\/01\/frase-oficinas-Formotor-1_page-0001-1536x369.webp 1536w, https:\/\/formotor.com\/wp-content\/uploads\/2021\/01\/frase-oficinas-Formotor-1_page-0001-2048x492.webp 2048w, https:\/\/formotor.com\/wp-content\/uploads\/2021\/01\/frase-oficinas-Formotor-1_page-0001-600x144.webp 600w\" sizes=\"(max-width: 2560px) 100vw, 2560px\" \/><\/p>\n","protected":false},"excerpt":{"rendered":"<p>Noleggia Piaggio Vespa LX a Formentera L&#8217;emblematico modello di Vespa, anche in Formotor. La Vespa LX 125 Piaggio si guida [&hellip;]<\/p>\n","protected":false},"featured_media":19448,"comment_status":"closed","ping_status":"closed","template":"","meta":{"_acf_changed":false},"product_cat":[250],"product_tag":[],"class_list":{"0":"post-15575","1":"product","2":"type-product","3":"status-publish","4":"has-post-thumbnail","6":"product_cat-moto-it","8":"first","9":"instock","10":"sale","11":"purchasable","12":"product-type-simple"},"acf":[],"_links":{"self":[{"href":"https:\/\/formotor.com\/it\/wp-json\/wp\/v2\/product\/15575","targetHints":{"allow":["GET"]}}],"collection":[{"href":"https:\/\/formotor.com\/it\/wp-json\/wp\/v2\/product"}],"about":[{"href":"https:\/\/formotor.com\/it\/wp-json\/wp\/v2\/types\/product"}],"replies":[{"embeddable":true,"href":"https:\/\/formotor.com\/it\/wp-json\/wp\/v2\/comments?post=15575"}],"wp:featuredmedia":[{"embeddable":true,"href":"https:\/\/formotor.com\/it\/wp-json\/wp\/v2\/media\/19448"}],"wp:attachment":[{"href":"https:\/\/formotor.com\/it\/wp-json\/wp\/v2\/media?parent=15575"}],"wp:term":[{"taxonomy":"product_cat","embeddable":true,"href":"https:\/\/formotor.com\/it\/wp-json\/wp\/v2\/product_cat?post=15575"},{"taxonomy":"product_tag","embeddable":true,"href":"https:\/\/formotor.com\/it\/wp-json\/wp\/v2\/product_tag?post=15575"}],"curies":[{"name":"wp","href":"https:\/\/api.w.org\/{rel}","templated":true}]}}