{"id":15574,"date":"2021-01-27T17:08:41","date_gmt":"2021-01-27T16:08:41","guid":{"rendered":"https:\/\/formotordev.developallin.com\/flota\/senza-categoria\/piaggio-typhoon-50cc\/"},"modified":"2024-07-01T00:00:50","modified_gmt":"2024-06-30T23:00:50","slug":"piaggio-typhoon-50cc","status":"publish","type":"product","link":"https:\/\/formotor.com\/it\/flotta\/moto-it\/piaggio-typhoon-50cc\/","title":{"rendered":"Piaggio Typhoon 50cc"},"content":{"rendered":"<h1>Noleggia Piaggio Typhoon a Formentera<\/h1>\n<p>Da oltre 20 anni il modello Piaggio Typhoon 50 \u00e8 diventato un riferimento mitico. Si tratta di uno scooter 50cc con motore a 2 tempi conforme alla Euro4 grazie all&#8217;utilizzo di un carburatore elettronico.<\/p>\n<p>Visivamente ha un aspetto robusto in riferimento all&#8217;aspetto dinamico, si distingue per il suo comfort, soprattutto su pavimenti sconnessi. La sua capacit\u00e0 di carico \u00e8 un punto culminante, con spazio per un casco sotto il sedile.<\/p>\n<p>Praticit\u00e0 e semplicit\u00e0 di utilizzo sono caratteristiche di Piaggio Typhoon 50, un&#8217;icona che denota libert\u00e0 e autenticit\u00e0. Senza dimenticare l&#8217;opportunit\u00e0 di portare una persona cara o un amico nel tuo viaggio in quanto ha una capacit\u00e0 fino a 2 persone. Non male per questa vacanza a Formentera.<\/p>\n<h2>Perch\u00e9 noleggiare un Piaggio Typhoon?<\/h2>\n<p>Perch\u00e9 ti permette di scoprire l&#8217;isola con un ritmo diverso, tranquillo e immerso al 100% nella natura, assorbendo ogni dettaglio.<\/p>\n<p><img decoding=\"async\" class=\"alignnone size-full wp-image-19411\" src=\"https:\/\/formotor.com\/wp-content\/uploads\/2021\/01\/frase-oficinas-Formotor-1_page-0001-scaled.webp\" alt=\"\" width=\"2560\" height=\"615\" srcset=\"https:\/\/formotor.com\/wp-content\/uploads\/2021\/01\/frase-oficinas-Formotor-1_page-0001-scaled.webp 2560w, https:\/\/formotor.com\/wp-content\/uploads\/2021\/01\/frase-oficinas-Formotor-1_page-0001-300x72.webp 300w, https:\/\/formotor.com\/wp-content\/uploads\/2021\/01\/frase-oficinas-Formotor-1_page-0001-1024x246.webp 1024w, https:\/\/formotor.com\/wp-content\/uploads\/2021\/01\/frase-oficinas-Formotor-1_page-0001-768x184.webp 768w, https:\/\/formotor.com\/wp-content\/uploads\/2021\/01\/frase-oficinas-Formotor-1_page-0001-1536x369.webp 1536w, https:\/\/formotor.com\/wp-content\/uploads\/2021\/01\/frase-oficinas-Formotor-1_page-0001-2048x492.webp 2048w, https:\/\/formotor.com\/wp-content\/uploads\/2021\/01\/frase-oficinas-Formotor-1_page-0001-600x144.webp 600w\" sizes=\"(max-width: 2560px) 100vw, 2560px\" \/><\/p>\n","protected":false},"excerpt":{"rendered":"<p>Noleggia Piaggio Typhoon a Formentera Da oltre 20 anni il modello Piaggio Typhoon 50 \u00e8 diventato un riferimento mitico. Si [&hellip;]<\/p>\n","protected":false},"featured_media":19438,"comment_status":"closed","ping_status":"closed","template":"","meta":{"_acf_changed":false},"product_cat":[250],"product_tag":[],"class_list":{"0":"post-15574","1":"product","2":"type-product","3":"status-publish","4":"has-post-thumbnail","6":"product_cat-moto-it","8":"first","9":"instock","10":"sale","11":"purchasable","12":"product-type-simple"},"acf":[],"_links":{"self":[{"href":"https:\/\/formotor.com\/it\/wp-json\/wp\/v2\/product\/15574","targetHints":{"allow":["GET"]}}],"collection":[{"href":"https:\/\/formotor.com\/it\/wp-json\/wp\/v2\/product"}],"about":[{"href":"https:\/\/formotor.com\/it\/wp-json\/wp\/v2\/types\/product"}],"replies":[{"embeddable":true,"href":"https:\/\/formotor.com\/it\/wp-json\/wp\/v2\/comments?post=15574"}],"wp:featuredmedia":[{"embeddable":true,"href":"https:\/\/formotor.com\/it\/wp-json\/wp\/v2\/media\/19438"}],"wp:attachment":[{"href":"https:\/\/formotor.com\/it\/wp-json\/wp\/v2\/media?parent=15574"}],"wp:term":[{"taxonomy":"product_cat","embeddable":true,"href":"https:\/\/formotor.com\/it\/wp-json\/wp\/v2\/product_cat?post=15574"},{"taxonomy":"product_tag","embeddable":true,"href":"https:\/\/formotor.com\/it\/wp-json\/wp\/v2\/product_tag?post=15574"}],"curies":[{"name":"wp","href":"https:\/\/api.w.org\/{rel}","templated":true}]}}