{"id":12534,"date":"2021-01-27T17:08:41","date_gmt":"2021-01-27T16:08:41","guid":{"rendered":"https:\/\/www.formotor.com\/flota\/senza%20categoria\/piaggio-liberty-125cc-o-similar-con-baul\/"},"modified":"2024-07-01T00:00:50","modified_gmt":"2024-06-30T23:00:50","slug":"piaggio-liberty-125cc-o-simile-con-baule","status":"publish","type":"product","link":"https:\/\/formotor.com\/it\/flotta\/moto-it\/piaggio-liberty-125cc-o-simile-con-baule\/","title":{"rendered":"Piaggio Liberty 125cc o simile"},"content":{"rendered":"<h1>Noleggia Piaggio Liberty a Formentera<\/h1>\n<p>I modelli Liberty da anni sono considerati i grandi successi della Piaggio nel mondo. Uno scooter elegante con una ruota alta e un approccio economico. Include anche un pratico baule per trasportare i tuoi effetti personali ovunque ti serva.<\/p>\n<p>La guida della Liberty 125cc \u00e8 comoda, fluida, silenziosa e sicura indipendentemente dalle condizioni stradali. Senza dimenticare l&#8217;opportunit\u00e0 di portare un partner durante il viaggio in quanto ha una capacit\u00e0 fino a 2 persone. La sicurezza \u00e8 garantita grazie alla sua solida base tecnologica.<\/p>\n<p>Una deliziosa esperienza di guida per muoverti con disinvoltura sull&#8217;isola di Formentera.<\/p>\n<h2>Perch\u00e9 affittare una Liberty?<\/h2>\n<p>Se ti piace andare in moto, per l&#8217;agilit\u00e0 e la facilit\u00e0 di movimento\u2026 Questo \u00e8 il tuo scooter, pratico, agile e per di pi\u00f9 hai la possibilit\u00e0 di riporre entrambi i caschi.<\/p>\n<p><img decoding=\"async\" class=\"alignnone size-full wp-image-19411\" src=\"https:\/\/formotor.com\/wp-content\/uploads\/2021\/01\/frase-oficinas-Formotor-1_page-0001-scaled.webp\" alt=\"\" width=\"2560\" height=\"615\" srcset=\"https:\/\/formotor.com\/wp-content\/uploads\/2021\/01\/frase-oficinas-Formotor-1_page-0001-scaled.webp 2560w, https:\/\/formotor.com\/wp-content\/uploads\/2021\/01\/frase-oficinas-Formotor-1_page-0001-300x72.webp 300w, https:\/\/formotor.com\/wp-content\/uploads\/2021\/01\/frase-oficinas-Formotor-1_page-0001-1024x246.webp 1024w, https:\/\/formotor.com\/wp-content\/uploads\/2021\/01\/frase-oficinas-Formotor-1_page-0001-768x184.webp 768w, https:\/\/formotor.com\/wp-content\/uploads\/2021\/01\/frase-oficinas-Formotor-1_page-0001-1536x369.webp 1536w, https:\/\/formotor.com\/wp-content\/uploads\/2021\/01\/frase-oficinas-Formotor-1_page-0001-2048x492.webp 2048w, https:\/\/formotor.com\/wp-content\/uploads\/2021\/01\/frase-oficinas-Formotor-1_page-0001-600x144.webp 600w\" sizes=\"(max-width: 2560px) 100vw, 2560px\" \/><\/p>\n","protected":false},"excerpt":{"rendered":"<p>Noleggia Piaggio Liberty a Formentera I modelli Liberty da anni sono considerati i grandi successi della Piaggio nel mondo. Uno [&hellip;]<\/p>\n","protected":false},"featured_media":19421,"comment_status":"closed","ping_status":"closed","template":"","meta":{"_acf_changed":false},"product_cat":[250],"product_tag":[],"class_list":{"0":"post-12534","1":"product","2":"type-product","3":"status-publish","4":"has-post-thumbnail","6":"product_cat-moto-it","8":"first","9":"instock","10":"sale","11":"purchasable","12":"product-type-simple"},"acf":[],"_links":{"self":[{"href":"https:\/\/formotor.com\/it\/wp-json\/wp\/v2\/product\/12534","targetHints":{"allow":["GET"]}}],"collection":[{"href":"https:\/\/formotor.com\/it\/wp-json\/wp\/v2\/product"}],"about":[{"href":"https:\/\/formotor.com\/it\/wp-json\/wp\/v2\/types\/product"}],"replies":[{"embeddable":true,"href":"https:\/\/formotor.com\/it\/wp-json\/wp\/v2\/comments?post=12534"}],"wp:featuredmedia":[{"embeddable":true,"href":"https:\/\/formotor.com\/it\/wp-json\/wp\/v2\/media\/19421"}],"wp:attachment":[{"href":"https:\/\/formotor.com\/it\/wp-json\/wp\/v2\/media?parent=12534"}],"wp:term":[{"taxonomy":"product_cat","embeddable":true,"href":"https:\/\/formotor.com\/it\/wp-json\/wp\/v2\/product_cat?post=12534"},{"taxonomy":"product_tag","embeddable":true,"href":"https:\/\/formotor.com\/it\/wp-json\/wp\/v2\/product_tag?post=12534"}],"curies":[{"name":"wp","href":"https:\/\/api.w.org\/{rel}","templated":true}]}}