{"id":12509,"date":"2021-01-27T17:08:41","date_gmt":"2021-01-27T16:08:41","guid":{"rendered":"https:\/\/www.formotor.com\/flota\/senza%20categoria\/fiat-panda-or-similar\/"},"modified":"2024-07-01T00:00:51","modified_gmt":"2024-06-30T23:00:51","slug":"fiat-panda-o-simili","status":"publish","type":"product","link":"https:\/\/formotor.com\/it\/flotta\/automobili\/fiat-panda-o-simili\/","title":{"rendered":"Fiat Panda o simili"},"content":{"rendered":"<h1>Noleggia Fiat Panda a Formentera<\/h1>\n<p>Se cerchi spazio e funzionalit\u00e0, Fiat Panda fa per te. Dal design semplice ed elegante, Fiat Panda sa come affrontare ogni situazione. Un&#8217;icona nella storia dell&#8217;automobile, compatta e urbana.<\/p>\n<p>La personalit\u00e0 di Fiat Panda \u00e8 legata alla funzionalit\u00e0 e alla massima semplicit\u00e0 in dimensioni esterne molto compatte, con uno spazio interno pienamente sfruttato e adattabile a qualsiasi esigenza di trasporto.<\/p>\n<p>La Fiat Panda pu\u00f2 sembrare piccola. Tuttavia, pu\u00f2 ospitare fino a 5 persone all&#8217;interno, con 5 porte di accesso.<\/p>\n<p>Il design \u00e8 semplice e versatile, accattivante per gli amanti della semplicit\u00e0 e per coloro che preferiscono concentrarsi esclusivamente sul godersi la strada o il fuoristrada. Basta guidare e godersi il bellissimo paesaggio di Formentera.<\/p>\n<h2>Perch\u00e9 noleggiare una Fiat Panda?<\/h2>\n<p>\u00c8 l&#8217;icona delle vacanze a Formentera, se stai cercando un&#8217;auto economica e pratica questo \u00e8 il tuo veicolo.<\/p>\n","protected":false},"excerpt":{"rendered":"<p>Noleggia Fiat Panda a Formentera Se cerchi spazio e funzionalit\u00e0, Fiat Panda fa per te. Dal design semplice ed elegante, [&hellip;]<\/p>\n","protected":false},"featured_media":15241,"comment_status":"closed","ping_status":"closed","template":"","meta":{"_acf_changed":false},"product_cat":[232],"product_tag":[],"class_list":{"0":"post-12509","1":"product","2":"type-product","3":"status-publish","4":"has-post-thumbnail","6":"product_cat-automobili","8":"first","9":"instock","10":"sale","11":"purchasable","12":"product-type-simple"},"acf":[],"_links":{"self":[{"href":"https:\/\/formotor.com\/it\/wp-json\/wp\/v2\/product\/12509","targetHints":{"allow":["GET"]}}],"collection":[{"href":"https:\/\/formotor.com\/it\/wp-json\/wp\/v2\/product"}],"about":[{"href":"https:\/\/formotor.com\/it\/wp-json\/wp\/v2\/types\/product"}],"replies":[{"embeddable":true,"href":"https:\/\/formotor.com\/it\/wp-json\/wp\/v2\/comments?post=12509"}],"wp:featuredmedia":[{"embeddable":true,"href":"https:\/\/formotor.com\/it\/wp-json\/wp\/v2\/media\/15241"}],"wp:attachment":[{"href":"https:\/\/formotor.com\/it\/wp-json\/wp\/v2\/media?parent=12509"}],"wp:term":[{"taxonomy":"product_cat","embeddable":true,"href":"https:\/\/formotor.com\/it\/wp-json\/wp\/v2\/product_cat?post=12509"},{"taxonomy":"product_tag","embeddable":true,"href":"https:\/\/formotor.com\/it\/wp-json\/wp\/v2\/product_tag?post=12509"}],"curies":[{"name":"wp","href":"https:\/\/api.w.org\/{rel}","templated":true}]}}