{"id":991748,"date":"2026-04-01T08:54:19","date_gmt":"2026-04-01T08:54:19","guid":{"rendered":"https:\/\/formotor.developallin.com\/?page_id=991748"},"modified":"2026-04-22T07:58:59","modified_gmt":"2026-04-22T07:58:59","slug":"note-legali-e-condizioni-duso-del-sito-web","status":"publish","type":"page","link":"https:\/\/formotor.com\/it\/note-legali-e-condizioni-duso-del-sito-web\/","title":{"rendered":"Note legali e condizioni d&#8217;uso del sito web"},"content":{"rendered":"<p>L\u2019accesso al sito web www.formotor.com attribuisce la condizione di UTENTE e implica l\u2019accettazione piena e senza riserve, a partire da tale accesso e\/o utilizzo, della presente nota legale e della politica sulla privacy nella sua ultima versione, fatti salvi i Termini e Condizioni Generali di Contrattazione che, se del caso, risultino di obbligatorio rispetto. Per tale motivo, le consigliamo di leggere questi documenti prima di utilizzare le funzionalit\u00e0 offerte da questo sito Web, nonch\u00e9 ogni volta che vi accede, poich\u00e9 ci riserviamo il diritto di cambiare, modificare, aggiungere o eliminare in qualsiasi momento parte di queste condizioni.<\/p>\n<p>Il mero accesso a questo sito Web non comporta in alcun caso l\u2019esistenza di un rapporto commerciale tra l\u2019utente e il sito web.<\/p>\n<ol>\n<li><b> TITOLARE DEL SITO WEB<\/b><\/li>\n<\/ol>\n<p>Ai fini di quanto previsto dall\u2019Art. 10 della Legge 34\/2002, dell\u201911 luglio, sui Servizi della Societ\u00e0 dell\u2019Informazione e del Commercio Elettronico, si forniscono le seguenti informazioni sulla titolare di questo sito Web:<\/p>\n<ul>\n<li aria-level=\"1\"><b>Titolare del sito Web<\/b>: FORMENTERA MOTOR, S.L. (di seguito FORMOTOR)<\/li>\n<li aria-level=\"1\"><b>Sede legale<\/b>: La Savina, 07870 Formentera (Isole Baleari), Spagna<\/li>\n<li aria-level=\"1\"><b>C.I.F. <\/b>B07609951<\/li>\n<li aria-level=\"1\"><b>Dati di registrazione<\/b>: Iscritta al Registro Mercantile di Eivissa, Tomo 22, Libro 22, Sezione 8, Foglio 171, Scheda IB-1035, Iscrizione 2.<\/li>\n<\/ul>\n<p>Oltre alla sede legale, sono messi a disposizione degli utenti i seguenti canali per inoltrare richieste, domande o reclami:<\/p>\n<ul>\n<li aria-level=\"1\">Modulo di contatto del sito web<\/li>\n<li aria-level=\"1\">Tel. Ufficio La Savina &#8211; 0034 971 32 29 29<\/li>\n<li aria-level=\"1\">Tel. Ufficio Es Cal\u00f3 &#8211; 0034 971 32 70 48<\/li>\n<li aria-level=\"1\">Tel. Garage &#8211; 0034 971 32 22 42<\/li>\n<li aria-level=\"1\">Telefax &#8211; 0034 971 32 27 52<\/li>\n<li aria-level=\"1\">Mail &#8211; rent@formotor.com<\/li>\n<\/ul>\n<ol>\n<li><b> CONDIZIONI D\u2019USO<\/b><\/li>\n<li><b> Introduzione. FORMOTOR<\/b> offre in questo sito web servizi di noleggio veicoli. Accedendo e utilizzando questo sito web, lei accetta di essere vincolato alle condizioni di seguito esposte, pertanto le si raccomanda di leggere attentamente questa sezione prima di iniziare la navigazione.<\/li>\n<li><b> Obblighi degli Utenti. <\/b>Gli Utenti si impegnano a utilizzare questo sito Web in modo lecito, conformemente a quanto disposto nelle presenti condizioni e in modo da non arrecare pregiudizio ai diritti o agli interessi di <b>FORMOTOR<\/b> o di terzi. A titolo esemplificativo e in nessun caso limitativo o esclusivo, l\u2019Utente si impegna inoltre a:<\/li>\n<\/ol>\n<ul>\n<li aria-level=\"1\">Non svolgere attivit\u00e0 illegali o contrarie all\u2019ordine pubblico o alla buona fede;<\/li>\n<li aria-level=\"1\">Non utilizzare i dati pubblicati sul sito Web per l\u2019invio di comunicazioni non richieste (spam).<\/li>\n<li aria-level=\"1\">Non introdurre o diffondere nel sito web informazioni o contenuti falsi, ingannevoli, ambigui o inesatti in modo da indurre in errore i destinatari dell\u2019informazione, n\u00e9 diffondere contenuti di carattere razzista, xenofobo, pornografico, di apologia del terrorismo o lesivi dei diritti umani o dei minori;<\/li>\n<li aria-level=\"1\">Non compiere azioni che comportino o implichino una violazione dei diritti di propriet\u00e0 intellettuale di <b>FORMOTOR<\/b> o di terzi;<\/li>\n<li aria-level=\"1\">Non provocare danni ai sistemi fisici e logici di <b>FORMOTOR<\/b>, dei suoi fornitori o di terze persone;<\/li>\n<li aria-level=\"1\">Non introdurre o diffondere nella rete virus informatici n\u00e9 utilizzare qualsivoglia altro sistema fisico o logico che sia suscettibile di provocare i danni sopra menzionati.<\/li>\n<li aria-level=\"1\">Non rimuovere, alterare, eludere o manipolare qualsiasi dispositivo di protezione o sistema di sicurezza installato nelle pagine di questo sito Web<\/li>\n<\/ul>\n<ol start=\"3\">\n<li><b> Esclusione di responsabilit\u00e0. Questo sito Web \u00e8 fornito \u201ccos\u00ec com\u2019\u00e8\u201d e il suo utilizzo avviene a rischio dell\u2019Utente stesso, pertanto n\u00e9 FORMOTOR, n\u00e9 i suoi amministratori, dipendenti, fornitori o collaboratori saranno responsabili per danni di qualsiasi natura, diretti o indiretti, derivanti dall\u2019uso del sito Web, escludendo espressamente FORMOTOR, nella misura massima consentita dalla Legge, qualsiasi tipo di garanzia, sia espressa che implicita.<\/b><\/li>\n<\/ol>\n<p><b>FORMOTOR<\/b> non garantisce la disponibilit\u00e0 e l\u2019accessibilit\u00e0 del sito Web, pur compiendo tutti gli sforzi ragionevoli in tal senso. In alcune occasioni, potranno verificarsi interruzioni per il tempo necessario all\u2019esecuzione delle corrispondenti operazioni di manutenzione.<\/p>\n<p><b>FORMOTOR<\/b> non \u00e8 responsabile di eventuali danni derivanti da interferenze, interruzioni, virus informatici, guasti telefonici o disconnessioni telefoniche dovute a cause estranee alla suddetta entit\u00e0; di ritardi o blocchi nell\u2019uso del presente sistema elettronico causati da carenze o sovraccarichi nel centro di elaborazione dati, nelle linee telefoniche, nel sistema Internet o in altri sistemi elettrici; n\u00e9 di qualsiasi altra alterazione che possa verificarsi nel Software o Hardware degli Utenti. N\u00e9 garantisce l\u2019assenza di virus, malware, trojan o altri elementi che possano provocare alterazioni nel sistema informatico, nei documenti o nei file dell\u2019Utente, escludendo qualsiasi responsabilit\u00e0 per danni di qualsiasi natura causati all\u2019Utente per tale motivo. Allo stesso modo, <b>FORMOTOR<\/b> non risponder\u00e0 dei danni causati da terze persone mediante intrusioni illegittime al di fuori del suo controllo.<\/p>\n<p>N\u00e9 risponder\u00e0 dei danni e pregiudizi causati dall\u2019uso o dal cattivo uso dei contenuti del sito Web, n\u00e9 delle conseguenze che possano derivare da errori, difetti o omissioni nei contenuti che possano apparire in questo sito Web forniti dagli Utenti stessi o da altri terzi. <b>FORMOTOR<\/b> non assume alcun obbligo n\u00e9 responsabilit\u00e0 in relazione a quei servizi che non presta direttamente.<\/p>\n<ol start=\"4\">\n<li><b> Link esterni. <\/b>In nessun caso <b>FORMOTOR<\/b> assumer\u00e0 alcuna responsabilit\u00e0 per i contenuti dei link appartenenti a un sito web esterno, n\u00e9 garantir\u00e0 la disponibilit\u00e0 tecnica, la qualit\u00e0, l\u2019affidabilit\u00e0, l\u2019esattezza, l\u2019ampiezza, la veridicit\u00e0, la validit\u00e0 e la legalit\u00e0 di qualsiasi materiale o informazione contenuti in detti hyperlink o in altri siti Internet. Allo stesso modo, l\u2019inclusione di tali connessioni esterne non implicher\u00e0 alcun tipo di associazione, fusione o partecipazione con le entit\u00e0 collegate.<\/li>\n<li><b> Diniego di accesso e cancellazione degli account. FORMOTOR<\/b> si riserva il diritto di negare l\u2019accesso al sito Web, nonch\u00e9 di sospendere o cancellare gli account di quegli Utenti che non rispettino le presenti condizioni; in caso di problemi tecnici o di sicurezza imprevisti; di inattivit\u00e0 dell\u2019account per un periodo significativo; o in adempimento di una richiesta e\/o di un ordine di polizia, giudiziario o amministrativo.<\/li>\n<\/ol>\n<p>Tale cancellazione o sospensione sar\u00e0 effettuata a esclusiva discrezione di <b>FORMOTOR<\/b> e non dar\u00e0 luogo ad alcun tipo di indennizzo.<\/p>\n<ol start=\"6\">\n<li><b> Blog, forum e pubblicazione di commenti.<\/b> L\u2019utilizzo delle funzionalit\u00e0 partecipative rese disponibili sul sito Web avverr\u00e0 sotto la responsabilit\u00e0 esclusiva degli Utenti. In conformit\u00e0 a quanto previsto dall\u2019Art. 16.1 della Legge 34\/2002, dell\u201911 luglio, sui servizi della societ\u00e0 dell\u2019informazione e del commercio elettronico, <b>FORMOTOR<\/b> non si assume alcuna responsabilit\u00e0 per le informazioni memorizzate su richiesta degli utenti e in particolare per le opinioni espresse, n\u00e9 per l\u2019esattezza, la qualit\u00e0, l\u2019affidabilit\u00e0 e la correttezza delle informazioni che gli utenti vi incorporano. <b>FORMOTOR<\/b> si riserva il diritto di ritirare o non pubblicare tutti quei commenti e contributi che non rispettino le presenti condizioni d\u2019uso e in particolare quelli che violino il rispetto della dignit\u00e0 della persona, siano discriminatori, xenofobi, razzisti, pornografici, che ledano la giovent\u00f9 o l\u2019infanzia, l\u2019ordine o la sicurezza pubblica o che, a suo giudizio, non risultino adeguati.<\/li>\n<li><b> Trattamento dei dati personali. <\/b>Gli Utenti acconsentono al trattamento dei loro dati personali nella portata e nei termini indicati nella nostra politica sulla privacy, disponibile nella home page del sito Web, restando altres\u00ec tale politica incorporata alle presenti condizioni per riferimento. In tale politica, gli Utenti troveranno informazioni sul modo di esercitare i loro diritti di accesso, cancellazione e rettifica delle loro informazioni personali, nonch\u00e9 il diritto di opposizione al loro trattamento.<\/li>\n<li><b> Propriet\u00e0 intellettuale e diritti d\u2019autore. <\/b>Fatti salvi i contenuti forniti dagli Utenti stessi o sui quali terzi vantassero diritti intellettuali, i diritti di propriet\u00e0 intellettuale del sito Web, il nome di dominio, il suo codice sorgente, il design e la struttura di navigazione e gli elementi in esso contenuti (a titolo esemplificativo, immagini, suono, audio, video, software o testi; marchi o logotipi, combinazioni di colori, struttura e design, ecc.) sono di titolarit\u00e0 di <b>FORMOTOR<\/b> , al quale spetta l\u2019esercizio esclusivo dei diritti di sfruttamento degli stessi in qualsiasi forma e, in particolare, dei diritti di riproduzione, distribuzione, comunicazione pubblica e trasformazione, in conformit\u00e0 a quanto previsto dalla vigente Legge sulla Propriet\u00e0 Intellettuale. Sono espressamente vietate la riproduzione, la distribuzione e la comunicazione pubblica, inclusa la modalit\u00e0 di messa a disposizione, della totalit\u00e0 o di parte dei contenuti di questo sito web su qualsiasi supporto e con qualsiasi mezzo tecnico, senza l\u2019autorizzazione di <b>FORMOTOR<\/b> o, se del caso, dei terzi titolari dei diritti di propriet\u00e0 intellettuale o d\u2019autore sui contenuti interessati. Nonostante quanto sopra, l\u2019utente del sito web potr\u00e0 visualizzare gli elementi di questo sito Web e persino stamparli, copiarli e memorizzarli sul disco rigido del proprio computer o su qualsiasi altro supporto fisico, purch\u00e9 ci\u00f2 avvenga unicamente ed esclusivamente per il proprio uso personale e privato. Quelle entit\u00e0 o persone che, previa autorizzazione del titolare di questo sito web, intendano stabilire un link con esso, dovranno garantire che consenta unicamente l\u2019accesso a questo sito Web o servizio ma non effettui riproduzione dei suoi contenuti e servizi.<\/li>\n<li><b> Nullit\u00e0 delle clausole. <\/b>Nel caso in cui una clausola delle presenti condizioni d\u2019uso fosse dichiarata nulla, ci\u00f2 riguarder\u00e0 solo tale disposizione o quella parte che sia stata cos\u00ec dichiarata, restando le condizioni valide in tutto il resto e considerandosi tale disposizione, o la parte interessata, come non apposta.<\/li>\n<li><b> Accettazione. <\/b>L\u2019accesso al sito Web e il suo utilizzo implicano necessariamente che tutte e ciascuna delle presenti condizioni d\u2019uso siano da lei espressamente accettate.<\/li>\n<li><b> Legge e giurisdizione applicabili. <\/b>Fatti salvi i diritti riconosciuti ai consumatori dal Regio Decreto Legislativo 1\/2007, del 16 novembre, il presente sito web sar\u00e0 regolato dalla legge spagnola con esclusione delle sue norme di conflitto di legge e qualsiasi controversia che possa derivare dal suo utilizzo o dai servizi ad esso collegati sar\u00e0 sottoposta alla giurisdizione e competenza dei Giudici e Tribunali competenti in base al domicilio della titolare del sito Web, rinunciando espressamente gli utenti al proprio foro, ove ne avessero uno.<\/li>\n<\/ol>\n<p>La Commissione Europea mette a disposizione una piattaforma di risoluzione delle controversie online rivolta ai consumatori, alla quale questi possono accedere tramite il seguente link: https:\/\/webgate.ec.europa.eu\/odr\/main\/index.cfm?event=main.home.chooseLanguage<\/p>\n<p>Versione 1.0 \u2013 dicembre 2017<\/p>\n","protected":false},"excerpt":{"rendered":"<p>L\u2019accesso al sito web www.formotor.com attribuisce la condizione di UTENTE e implica l\u2019accettazione piena e senza riserve, a partire da tale accesso e\/o utilizzo, della presente nota legale e della politica sulla privacy nella sua ultima versione, fatti salvi i Termini e Condizioni Generali di Contrattazione che, se del caso, risultino di obbligatorio rispetto. Per [&hellip;]<\/p>\n","protected":false},"author":1,"featured_media":0,"parent":0,"menu_order":0,"comment_status":"closed","ping_status":"closed","template":"","meta":{"_acf_changed":false,"footnotes":""},"class_list":["post-991748","page","type-page","status-publish","hentry"],"acf":[],"_links":{"self":[{"href":"https:\/\/formotor.com\/it\/wp-json\/wp\/v2\/pages\/991748","targetHints":{"allow":["GET"]}}],"collection":[{"href":"https:\/\/formotor.com\/it\/wp-json\/wp\/v2\/pages"}],"about":[{"href":"https:\/\/formotor.com\/it\/wp-json\/wp\/v2\/types\/page"}],"author":[{"embeddable":true,"href":"https:\/\/formotor.com\/it\/wp-json\/wp\/v2\/users\/1"}],"replies":[{"embeddable":true,"href":"https:\/\/formotor.com\/it\/wp-json\/wp\/v2\/comments?post=991748"}],"version-history":[{"count":1,"href":"https:\/\/formotor.com\/it\/wp-json\/wp\/v2\/pages\/991748\/revisions"}],"predecessor-version":[{"id":991749,"href":"https:\/\/formotor.com\/it\/wp-json\/wp\/v2\/pages\/991748\/revisions\/991749"}],"wp:attachment":[{"href":"https:\/\/formotor.com\/it\/wp-json\/wp\/v2\/media?parent=991748"}],"curies":[{"name":"wp","href":"https:\/\/api.w.org\/{rel}","templated":true}]}}