{"id":991738,"date":"2025-02-19T13:37:15","date_gmt":"2025-02-19T13:37:15","guid":{"rendered":"https:\/\/formotor.developallin.com\/?page_id=991738"},"modified":"2026-04-22T07:46:08","modified_gmt":"2026-04-22T07:46:08","slug":"informativa-sulla-privacy","status":"publish","type":"page","link":"https:\/\/formotor.com\/it\/informativa-sulla-privacy\/","title":{"rendered":"Informativa sulla privacy"},"content":{"rendered":"\n\n<p>La presente informativa sulla privacy si applica al sito web&nbsp;<a href=\"http:\/\/www.formotor.com\/\">www.formotor.com<\/a>&nbsp;(di seguito, il sito web).<\/p>\n\n\n\n\n<p>La preghiamo di leggerla attentamente. In essa trover\u00e0 informazioni importanti sul trattamento dei suoi dati personali e sui diritti che le sono riconosciuti dalla normativa vigente in materia.<\/p>\n\n\n\n\n<p>Ci riserviamo il diritto di aggiornare la nostra informativa sulla privacy in qualsiasi momento per motivi aziendali, nonch\u00e9 per conformarci a eventuali modifiche legislative o giurisprudenziali. Se ha dubbi o necessita di qualsiasi chiarimento in merito alla nostra Informativa sulla privacy o ai suoi diritti, pu\u00f2 contattarci attraverso i canali indicati di seguito.<\/p>\n\n\n\n\n<p>Lei dichiara che i dati che ci fornisce, ora o in futuro, sono corretti e veritieri e si impegna a comunicarci qualsiasi modifica degli stessi. In caso di fornitura di dati personali di terzi, si impegna a ottenere il previo consenso degli interessati e a informarli del contenuto della presente informativa.<\/p>\n\n\n\n\n<p>I campi dei nostri moduli contrassegnati come obbligatori dovranno necessariamente essere compilati per poter dare seguito alle sue richieste.<\/p>\n\n\n\n\n<ol class=\"wp-block-list\">\n<li><strong>Chi \u00e8 il responsabile del trattamento dei suoi dati? <\/strong>\n<ul class=\"wp-block-list\">\n<li>Responsabile:  <strong>FORMENTERA MOTOR, S.L.<\/strong>   Indirizzo postale: C\/ Almadraba n\u00ba 34, local 13, La Savina, 07870 Formentera (Isole Baleari), Spagna  Telefono:  971 32 29 29  Posta elettronica: rent@formotor.com<\/li>\n<\/ul>\n<\/li>\n\n\n\n\n<li><strong>Per quali finalit\u00e0 tratteremo i suoi dati e su quale base giuridica? <\/strong>\n<ul class=\"wp-block-list\">\n<li><strong>Gestione del rapporto con gli utenti: <\/strong>Trattiamo i dati che i nostri utenti forniscono nelle loro richieste per dare seguito alle stesse. Tali trattamenti sono necessari per l\u2019esecuzione del rapporto giuridico con gli utenti del sito web o per l\u2019applicazione di misure precontrattuali su loro richiesta. <strong>Prestazione dei servizi richiesti e gestione delle prenotazioni: <\/strong>Trattiamo i dati che i nostri clienti forniscono nel modulo di prenotazione per prestare i servizi contrattati e gestire la loro prenotazione. I dati delle transazioni effettuate sul sito web saranno altres\u00ec trattati per finalit\u00e0 di gestione contabile e amministrativa e per l\u2019adempimento dei nostri obblighi legali in materia contabile e fiscale. Tale trattamento \u00e8 necessario per l\u2019esecuzione delle condizioni contrattuali della prenotazione o del servizio.<strong>Pubblicazione di commenti.<\/strong> I dati forniti nel modulo di pubblicazione dei commenti sul nostro Blog saranno trattati per l\u2019amministrazione di questa funzionalit\u00e0. Il suo nome e il commento saranno pubblicati sul sito web, diventando informazioni pubbliche. Dovr\u00e0 prestare particolare cautela quando decide di pubblicare commenti o condividere le sue informazioni personali. Se ha selezionato l\u2019opzione per salvare il suo nome, l\u2019indirizzo e-mail e il sito web, queste informazioni saranno conservate nel suo browser. A tal fine utilizziamo un cookie (+ maggiori informazioni sui cookie nella nostra politica dei cookie). Tali trattamenti sono necessari per la prestazione del servizio richiesto. Raccogliamo il suo indirizzo e-mail per la gestione di eventuali responsabilit\u00e0 derivanti dall\u2019uso della funzionalit\u00e0 di pubblicazione dei commenti. Questo trattamento si basa sul nostro legittimo interesse a poter identificare gli autori dei commenti in caso di possibili violazioni delle condizioni d\u2019uso del sito web o commissione di reati. Per il bilanciamento di tale interesse rispetto ai suoi diritti e libert\u00e0, sono stati presi in considerazione i seguenti elementi: questo trattamento \u00e8 necessario per l\u2019amministrazione di una funzionalit\u00e0 partecipativa al fine di proteggere gli interessi di terze persone che potrebbero essere danneggiate dai commenti pubblicati, oltre a corrispondere a pratiche di sicurezza generalizzate e, pertanto, non viola le ragionevoli aspettative degli interessati e non comporta minacce significative per gli stessi.<strong>Amministrazione e gestione della sicurezza del sito web:<\/strong> Trattiamo dati di navigazione (indirizzi IP o log) per amministrare e gestire la sicurezza del sito web. Questo trattamento si basa sul nostro legittimo interesse a garantire la sicurezza del sito web. Tale interesse \u00e8 espressamente riconosciuto dal considerando 49 del RGPD. Per il bilanciamento di tale interesse rispetto ai suoi diritti e libert\u00e0 si \u00e8 tenuto conto del fatto che questo trattamento corrisponde a pratiche di sicurezza generalizzate e non comporta minacce significative per gli interessati.<strong>Finalit\u00e0 statistiche e di gestione della qualit\u00e0:<\/strong> Al fine di valutare e gestire la qualit\u00e0 dei nostri servizi, elaboriamo statistiche a partire da dati aggregati ottenuti da dati relativi alle transazioni e da dati di navigazione sul sito web, ad es. indirizzo IP, weblog, pagine visitate o azioni effettuate sul Sito web (+ maggiori informazioni nella nostra politica dei cookie). Tali trattamenti si basano sul nostro legittimo interesse a valutare e gestire la qualit\u00e0 dei nostri servizi. Per il bilanciamento di tale interesse rispetto ai suoi diritti e libert\u00e0, si \u00e8 stabilito che il trattamento aveva un impatto limitato sulla privacy degli interessati, corrispondeva alle loro ragionevoli aspettative e non comportava minacce significative.<strong>Se \u00e8 interessato a ricevere informazioni commerciali: <\/strong><strong>Invio di comunicazioni commerciali e gestione di liste di distribuzione: <\/strong>Trattiamo i dati identificativi e di contatto forniti dai nostri clienti e utenti per gestire la nostra lista di distribuzione e inviare loro comunicazioni relative ai nostri servizi. Per gestire le nostre liste di distribuzione effettuiamo una segmentazione dei destinatari delle nostre comunicazioni in funzione del loro mercato o della loro lingua. Questo trattamento consiste in una semplice classificazione secondo criteri oggettivi e non ha come finalit\u00e0 la realizzazione di profili commerciali, previsioni o analisi comportamentali. Tali trattamenti si basano sul nostro legittimo interesse a promuovere i nostri servizi presso i nostri clienti. Per il bilanciamento di tale interesse, si \u00e8 stabilito che il trattamento aveva un impatto limitato sulla privacy degli interessati, corrispondeva alle loro ragionevoli aspettative e non comportava minacce significative.  Allo stesso modo, questo trattamento si basa anche sul suo consenso alla ricezione di tali comunicazioni con mezzi elettronici. Il mancato conferimento del consenso o la sua revoca non condizionano l\u2019esecuzione dell\u2019ordine o la prestazione dei servizi contrattati. In qualsiasi momento potr\u00e0 chiedere la cancellazione dai trattamenti per finalit\u00e0 commerciali attivando il link previsto a tal fine nelle nostre comunicazioni o inviando un\u2019email <a href=\"about:blank\">a rent@formotor.com<\/a>.<\/li>\n<\/ul>\n<\/li>\n\n\n\n\n<li><strong>Per quanto tempo conserveremo i suoi dati?<\/strong>\n<ul class=\"wp-block-list\">\n<li>In generale conserviamo i suoi dati per tutta la durata del rapporto che intrattiene con noi e in ogni caso per i termini previsti dalle disposizioni di legge applicabili e per il tempo necessario a far fronte a eventuali responsabilit\u00e0 derivanti dal trattamento. Cancelleremo i suoi dati quando non saranno pi\u00f9 necessari o pertinenti per le finalit\u00e0 per cui sono stati raccolti. Le informazioni relative alla navigazione saranno cancellate una volta terminata la connessione web e una volta elaborate le statistiche. I dati trattati per l\u2019invio di comunicazioni informative resteranno validi finch\u00e9 non ne richieder\u00e0 la soppressione.<\/li>\n<\/ul>\n<\/li>\n\n\n\n\n<li><strong>A chi possiamo comunicare i suoi dati?<\/strong>\n<ul class=\"wp-block-list\">\n<li>I suoi dati saranno comunicati a terzi solo per obbligo di legge, con il suo consenso o quando la sua richiesta implichi tale comunicazione.<\/li>\n<\/ul>\n<\/li>\n\n\n\n\n<li><strong>Quali sono i suoi diritti? <\/strong><\/li>\n<\/ol>\n\n\n\n\n<p>Ha il diritto di ottenere conferma che sia o meno in corso un trattamento dei suoi dati personali e, in tal caso, di accedervi.&nbsp; Pu\u00f2 altres\u00ec chiedere che i suoi dati siano rettificati quando inesatti o che siano completati i dati incompleti, nonch\u00e9 richiederne la cancellazione quando, tra gli altri motivi, i dati non siano pi\u00f9 necessari per le finalit\u00e0 per le quali sono stati raccolti.<\/p>\n\n\n\n\n<p>In determinate circostanze, potr\u00e0 richiedere la limitazione del trattamento dei suoi dati. In tal caso, tratteremo i dati interessati solo per la formulazione, l\u2019esercizio o la difesa di reclami oppure al fine di proteggere i diritti di altre persone. In determinate condizioni e per motivi connessi alla sua situazione particolare, potr\u00e0 altres\u00ec opporsi al trattamento dei suoi dati. In questo caso, cesseremo di trattare i dati salvo che per motivi legittimi cogenti che prevalgano sui suoi interessi o diritti e libert\u00e0, oppure per la formulazione, l\u2019esercizio o la difesa di reclami. Allo stesso modo e a determinate condizioni, potr\u00e0 richiedere la portabilit\u00e0 dei suoi dati affinch\u00e9 siano trasmessi a un altro responsabile del trattamento.<\/p>\n\n\n\n\n<p>Pu\u00f2 revocare il consenso eventualmente prestato per determinate finalit\u00e0, senza che ci\u00f2 pregiudichi la liceit\u00e0 del trattamento basato sul consenso prima della revoca, e presentare un reclamo all\u2019Agenzia Spagnola per la Protezione dei Dati.<\/p>\n\n\n\n\n<p>Per esercitare i suoi diritti dovr\u00e0 inviarci una richiesta accompagnata da una copia del suo documento nazionale d\u2019identit\u00e0 o di un altro documento valido che la identifichi, per posta o per e-mail agli indirizzi indicati nella sezione Chi \u00e8 il responsabile del trattamento dei suoi dati?.<\/p>\n\n\n\n\n<p>Potr\u00e0 ottenere maggiori informazioni sui suoi diritti e su come esercitarli sul sito dell\u2019Agenzia Spagnola per la Protezione dei Dati all\u2019indirizzo&nbsp;<a href=\"http:\/\/www.aepd.es\/\" rel=\"nofollow noopener\" target=\"_blank\">http:\/\/www.aepd.es<\/a>.<\/p>\n\n","protected":false},"excerpt":{"rendered":"<p>La presente informativa sulla privacy si applica al sito web&nbsp;www.formotor.com&nbsp;(di seguito, il sito web). La preghiamo di leggerla attentamente. In essa trover\u00e0 informazioni importanti sul trattamento dei suoi dati personali e sui diritti che le sono riconosciuti dalla normativa vigente in materia. Ci riserviamo il diritto di aggiornare la nostra informativa sulla privacy in qualsiasi [&hellip;]<\/p>\n","protected":false},"author":1,"featured_media":0,"parent":0,"menu_order":0,"comment_status":"closed","ping_status":"closed","template":"","meta":{"_acf_changed":false,"footnotes":""},"class_list":["post-991738","page","type-page","status-publish","hentry"],"acf":[],"_links":{"self":[{"href":"https:\/\/formotor.com\/it\/wp-json\/wp\/v2\/pages\/991738","targetHints":{"allow":["GET"]}}],"collection":[{"href":"https:\/\/formotor.com\/it\/wp-json\/wp\/v2\/pages"}],"about":[{"href":"https:\/\/formotor.com\/it\/wp-json\/wp\/v2\/types\/page"}],"author":[{"embeddable":true,"href":"https:\/\/formotor.com\/it\/wp-json\/wp\/v2\/users\/1"}],"replies":[{"embeddable":true,"href":"https:\/\/formotor.com\/it\/wp-json\/wp\/v2\/comments?post=991738"}],"version-history":[{"count":1,"href":"https:\/\/formotor.com\/it\/wp-json\/wp\/v2\/pages\/991738\/revisions"}],"predecessor-version":[{"id":991739,"href":"https:\/\/formotor.com\/it\/wp-json\/wp\/v2\/pages\/991738\/revisions\/991739"}],"wp:attachment":[{"href":"https:\/\/formotor.com\/it\/wp-json\/wp\/v2\/media?parent=991738"}],"curies":[{"name":"wp","href":"https:\/\/api.w.org\/{rel}","templated":true}]}}