{"id":16226,"date":"2022-03-03T11:55:36","date_gmt":"2022-03-03T10:55:36","guid":{"rendered":"https:\/\/formotordev.developallin.com\/condiciones\/"},"modified":"2025-02-27T09:43:25","modified_gmt":"2025-02-27T08:43:25","slug":"condizioni","status":"publish","type":"page","link":"https:\/\/formotor.com\/it\/condizioni\/","title":{"rendered":"Formotor Rent\/ Condizioni generali di prenotazione"},"content":{"rendered":"<h2><u>INTRODUZIONE<\/u><\/h2>\n<p>Le presenti condizioni generali si applicano alle prenotazioni elaborate tramite il web <a href=\"http:\/\/www.formotor.com\/\">www.formotor.com <\/a> (di seguito il &#8220;Web&#8221;) e costituiscono un contratto tra l&#8217;utente ( di seguito &#8220;il Cliente&#8221;) e:<\/p>\n<p>FORMENTERA MOTOR, SL (di seguito FORMOTOR)<\/p>\n<p>Indirizzo: La Savina, 07870 Formentera (Isole Baleari), Spagna CIF: B07609951<\/p>\n<p>Telefono Ufficio La Savina &#8211; 0034 971 32 29 29<\/p>\n<p>Telefono Ufficio Es Cal\u00f3 &#8211; 0034 971 32 70 48<\/p>\n<p>Telefono Officina &#8211; 0034 971 32 22 42<\/p>\n<p>Fax &#8211; 0034 971 32 27 52<\/p>\n<p>e-mail &#8211; <a href=\"mailto:rent@formotor.com\">rent@formotor.com<\/a><\/p>\n<p>La richiesta e l&#8217;elaborazione delle prenotazioni su questo sito Web implicano l&#8217;accettazione integrale e incondizionata delle note legali, delle condizioni d&#8217;uso e della politica sulla privacy del sito Web, nonch\u00e9 delle condizioni tariffarie e delle presenti condizioni generali del sito Web. reclutamento, nella sua ultima versione . Per questo motivo, ti consigliamo di procedere alla lettura delle presenti condizioni, prima di richiedere o formalizzare la tua prenotazione e ogni volta che accedi al nostro sito Web, poich\u00e9 ci riserviamo il diritto di cambiarle, modificarle, aggiungere o eliminare parte di esse in qualsiasi momento. .<\/p>\n<h2><u>REGOLAMENTO LEGALE<\/u><\/h2>\n<p>Le presenti condizioni generali sono soggette alle disposizioni della Legge 7\/1998, del 13 aprile sulle Condizioni Generali di Contratto, Regio Decreto Legislativo 1\/2007, del 16 novembre, che approva il testo unico della Legge Generale per la Difesa dei Consumatori e degli utenti e altre leggi complementari, la Legge 34\/2002, dell&#8217;11 luglio, sui Servizi della Societ\u00e0 dell&#8217;Informazione e del Commercio Elettronico, nonch\u00e9 tutte le normative turistiche applicabili e, in via sussidiaria, il Codice Civile e il Codice del Commercio.<\/p>\n<h2><u>CLAUSATO<\/u><\/h2>\n<p>La formalizzazione delle prenotazioni attraverso il Web, sono soggette alle seguenti clausole:<\/p>\n<ol>\n<li><strong>Dichiarazioni: <\/strong>Il Cliente dichiara:\n<ol type=\"a\">\n<li>Essere maggiorenni e avere piena capacit\u00e0 di formalizzare la prenotazione, dichiarando di aver compreso e compreso tutte le condizioni che si trovano sul Web.<\/li>\n<li>Che le informazioni fornite al momento della prenotazione siano vere e complete.<\/li>\n<li>Ci\u00f2 conferma la prenotazione richiesta e soprattutto le date indicate e il numero di persone.<\/li>\n<\/ol>\n<\/li>\n<li><strong>Accesso <\/strong><strong>al <\/strong><strong>il <\/strong><strong>Sito Web: <\/strong>L&#8217;accesso a questo sito Web \u00e8 responsabilit\u00e0 del Cliente.&lt;\/li &gt;<\/li>\n<li><strong>Riserva:<\/strong><\/li>\n<\/ol>\n<ol>\n<li style=\"list-style-type: nessuno;\">\n<ol>\n<li>La prenotazione comprende i servizi dettagliati secondo le condizioni tariffarie stipulate nella pagina da cui viene richiesta o formalizzata la prenotazione. quelle condizioni<br \/>\nunitamente alle presenti condizioni generali devono essere da voi accettate prima di formalizzare la prenotazione. Il contratto pu\u00f2 essere validamente formalizzato in spagnolo e in<br \/>\nle altre lingue disponibili sul web. In caso di discrepanza tra le versioni tradotte di queste condizioni, prevarr\u00e0 la versione spagnola.<\/li>\n<li>Il Cliente accetta che FORMOTOR non si assume alcun obbligo o responsabilit\u00e0 rispetto a quei servizi che non fornisce direttamente e in particolare per quanto riguarda la mancanza di veridicit\u00e0, la natura incompleta, il mancato aggiornamento e\/o l&#8217;imprecisione dei dati o informazioni su offerte, prezzi, caratteristiche e ogni altro dato e informazione<br \/>\nrilevanti su prodotti o servizi di fornitori esterni che sono pubblicizzati o potrebbero essere prenotati tramite il Web. Parimenti, FORMOTOR \u00e8 esonerata da ogni responsabilit\u00e0 derivante dall&#8217;inosservanza o difettoso adempimento da parte di tali fornitori degli obblighi derivanti dai loro obblighi contrattuali o dalla normativa vigente.<\/li>\n<li>Prenotazioni online: il processo di formalizzazione delle prenotazioni online segue questi passaggi:<\/li>\n<\/ol>\n<\/li>\n<\/ol>\n<p>Passaggio 1. Informazioni sulla prenotazione: dettagli della prenotazione<\/p>\n<p>Step 2. Condizioni: accettazione delle condizioni legali.<\/p>\n<p>Passaggio 3. Dati personali.<\/p>\n<p>Passaggio 4. Conferma e pagamento.<\/p>\n<p>Una volta effettuata la prenotazione, verr\u00e0 inviata una conferma via e-mail all&#8217;indirizzo di contatto fornito dal Cliente.<\/p>\n<p>Salvo diversa disposizione delle condizioni tariffarie, la prenotazione non \u00e8 considerata ferma fino al pagamento del prezzo pattuito o della caparra.<\/p>\n<ol>\n<li style=\"list-style-type: nessuno;\">\n<ol>\n<li>Prenotazioni su richiesta (prenotazioni su richiesta): Per prodotti o servizi prenotabili solo su richiesta, salvo diversamente previsto nelle condizioni tariffarie, la mera richiesta di disponibilit\u00e0 non comporter\u00e0 la contrattazione della prenotazione, essendo questa subordinata all&#8217;adempimento dei requisiti indicati nella pagina da cui Formula la tua richiesta, nonch\u00e9 la sua effettiva conferma da parte di FORMOTOR.<\/li>\n<li>Ad ogni passaggio della prenotazione, eventuali errori nell&#8217;inserimento dei dati possono essere corretti utilizzando il pulsante &#8220;indietro&#8221; del tuo browser. Allo stesso modo, i dati della prenotazione verranno ricapitolati nell&#8217;e-mail di conferma. In caso di rilevamento di eventuali errori, gli utenti devono richiedere immediatamente le opportune correzioni a FORMOTOR, inviando un&#8217;e-mail a: <a href=\"mailto:rent@formotor.com\">rent@formotor.com<\/a>&lt;\/li &gt;<\/li>\n<\/ol>\n<\/li>\n<\/ol>\n<ol>\n<li><strong>Condizioni e avvertenze:<\/strong><\/li>\n<\/ol>\n<p>Il veicolo pu\u00f2 essere condotto solo dal locatario stesso o dalle persone espressamente autorizzate in base al presente contratto, la cui et\u00e0 minima sar\u00e0 di 23 anni e con un&#8217;anzianit\u00e0 minima di 3 anni per i veicoli a 4 ruote, che siano proprietari e siano in possesso di una patente di guida valida e in corso di validit\u00e0. Per gli Scooter 125cc, sar\u00e0 indispensabile avere la categoria A1, ovvero avere 3 anni, compiuti, di anzianit\u00e0 di categoria B della patente.<\/p>\n<ol>\n<li style=\"list-style-type: nessuno;\">\n<ol>\n<li><u>Documenti obbligatori<\/u><\/li>\n<\/ol>\n<\/li>\n<\/ol>\n<p>Qualsiasi veicolo deve essere sempre presentato per poter contrarre il servizio di noleggio:<\/p>\n<ol>\n<li style=\"list-style-type: nessuno;\">\n<ol>\n<li style=\"list-style-type: nessuno;\">\n<ol>\n<li>Patente di guida originale valida<\/li>\n<li>Carta di credito a titolo di caparra intestata all&#8217;autista. Non saranno accettate come caparra le carte di credito DINERS CLUB e AMERICAN EXPRESS.<\/li>\n<\/ol>\n<\/li>\n<li><u>Franchising<\/u><\/li>\n<\/ol>\n<\/li>\n<\/ol>\n<p>E&#8217; l&#8217;importo fino al quale il Locatario sosterr\u00e0 a proprie spese i danni prodotti nel veicolo, di ogni genere e condizione, durante il periodo di noleggio e applicabili in caso di sinistro.<\/p>\n<p>La franchigia verr\u00e0 bloccata sulla carta di credito, per noleggi inferiori a 7 giorni, e addebitata direttamente sulla carta per noleggi superiori a 7 giorni, con il relativo pagamento, al momento della riconsegna del veicolo, purch\u00e9 sia restituito nelle stesse condizioni del momento della consegna.<\/p>\n<p>MACCHINE<\/p>\n<p>Franchigia Gruppi A e B 400\u20ac Franchigia<br \/>\nGruppo B+ e C 550\u20ac Franchigia<br \/>\nVan 5 pax, Minivan (7pax e 9pax), automatiche (5pax e Smart Fortwo) e Fiat 500 cabrio (500c) 800\u20ac<br \/>\nJeep Wrangler (4pax, 5pax e automatica ) e veicoli elettrici* franchising 1500 \u20ac<br \/>\n* Veicoli elettrici 600 \u20ac aggiuntivi per perdita del caricabatterie.<\/p>\n<p>MOTO<\/p>\n<p>Scooter 50cc e 110cc franchigia \u20ac 250<br \/>\nScooter fino a 125cc franchigia \u20ac 300<\/p>\n<ol>\n<li style=\"list-style-type: nessuno;\">\n<ol>\n<li><u>Super sicuro (opzionale)<\/u><\/li>\n<\/ol>\n<\/li>\n<\/ol>\n<p>Si tratta di un servizio facoltativo che esonera il Locatario, al momento del contratto, dal pagamento dell&#8217;importo a sue spese (franchigia) per danni e\/o perdite arrecati al veicolo, salvo esclusioni (parti inferiori, tettucci, finestrini, eventuali mancanti oggetto interno).<\/p>\n<p>AUTO (minimo 3 giorni di noleggio)<br \/>\nGruppo A e B = \u20ac 11,50\/giorno<br \/>\nGruppo B+ e C = \u20ac 15,40\/giorno<br \/>\nMinivan (5pax, 7pax e 9pax) = \u20ac 23,40\/giorno<br \/>\nGruppo F e F+ (Automatico 5pax) = \u20ac 23,40\/giorno<br \/>\nFiat 500 cabrio (500c ) = \u20ac 23,40\/giorno<\/p>\n<h2>Protezione parabrezza e pneumatici<\/h2>\n<p>Protezione parabrezza, vetri, luci e pneumatici 28 euro\/affitto.<\/p>\n<p>MOTO<\/p>\n<p>Ciclomotori (scooter 50cc) e moto fino a 125cc (scooter)<br \/>\nAssicurazione super moto 1 giorno: 15 \u20ac<br \/>\nAssicurazione super moto 2 o pi\u00f9 giorni: 5,20 \u20ac\/giorno<\/p>\n<ol>\n<li style=\"list-style-type: nessuno;\">\n<ol>\n<li><u>Addebiti (facoltativi)<\/u><\/li>\n<\/ol>\n<\/li>\n<\/ol>\n<p>Seggiolino\/Maxicosi: Prezzo 4,00 euro\/giorno con un massimo di 40,00\u20ac. Booster: 3 euro\/giorno con un massimo di 30\u20ac<\/p>\n<p>Conducente aggiuntivo: Prezzo 3\u20ac\/giorno, con un massimo di 30\u20ac. Consegna fuori orario: 30\u20ac*<\/p>\n<ul>\n<li>Serviamo al massimo fino al traghetto che arriva alle 23:30<\/li>\n<\/ul>\n<ol>\n<li style=\"list-style-type: nessuno;\">\n<ol>\n<li><u>Politica sul carburante<\/u><\/li>\n<\/ol>\n<\/li>\n<\/ol>\n<p>Il veicolo deve essere riconsegnato con lo stesso livello di carburante del momento del noleggio. In caso contrario, ti verr\u00e0 addebitato quello mancante pi\u00f9 un supplemento per il servizio di rifornimento, secondo la tariffa in vigore, e in base al gruppo del veicolo. In ogni caso verr\u00e0 addebitato un addebito di \u20ac 150 per uso improprio del carburante, che sar\u00e0 a carico del cliente\/locatario.<\/p>\n<p>Il costo del rifornimento \u00e8 di \u20ac 5 per i veicoli a 2 ruote e di \u20ac 15 per i veicoli a 4 ruote.<\/p>\n<p>In caso di restituzione del veicolo con una quantit\u00e0 di carburante superiore a quella iniziale, tale importo verr\u00e0 rimborsato in base al prezzo di mercato del carburante in vigore al momento.<\/p>\n<ol>\n<li style=\"list-style-type: nessuno;\">\n<ol>\n<li><u>Addebiti, conseguenza di un uso improprio del veicolo:<\/u><\/li>\n<\/ol>\n<\/li>\n<\/ol>\n<ol>\n<li>Perdita casco 50cc: 21\u20ac<\/li>\n<li>Perdita scafo 125cc: 40\u20ac<\/li>\n<li>Chiavi scooter 50cc smarrite o non codificate: \u20ac 20.<\/li>\n<li>Smarrimento della chiave codificata scooter fino a 125 cc: 90 \u20ac<\/li>\n<li>Chiave di blocco persadue bici: 6\u20ac.<\/li>\n<li>Smarrimento lucchetto: \u20ac 12.<\/li>\n<li>Chiave dell&#8217;auto smarrita: Prezzo secondo il costo del produttore.<\/li>\n<li>Utilizzo di carburante inadeguato nei veicoli a 4 ruote: \u20ac 150.<\/li>\n<li>Addebito per spostamento in caso di smarrimento delle chiavi: \u20ac 15.<\/li>\n<li>Trasferimento veicolo con gru: 80\u20ac<\/li>\n<li>Restituzione del veicolo con sedili bagnati; 50\u20ac.<\/li>\n<li>Consegna fuori orario d&#8217;ufficio: \u20ac 30.<\/li>\n<li>Pulizia extra, in caso di restituzione del veicolo con sporco ESTREMO: \u20ac 100<\/li>\n<li>Specchietti Vespa spring \/LX: \u20ac 70.<\/li>\n<li>Specchietti scooter 50cc: 30\u20ac.<\/li>\n<\/ol>\n<ol>\n<li style=\"list-style-type: nessuno;\">\n<ol>\n<li><u>Politica di consegna\/restituzione del veicolo<\/u><\/li>\n<\/ol>\n<\/li>\n<\/ol>\n<p>Al momento della consegna del veicolo, l&#8217;azienda fornir\u00e0 al cliente uno stato iniziale del veicolo che includer\u00e0 tutti i piccoli danni che il veicolo potrebbe avere, nonch\u00e9 il livello del carburante e i chilometri, che il cliente dovr\u00e0 firmare .e allegano al contratto di noleggio, accettando con la loro firma lo stato iniziale del veicolo, che potranno esaminare congiuntamente se il cliente lo richiede. L&#8217;ultimo giorno, al momento della riconsegna, l&#8217;azienda esaminer\u00e0 nuovamente lo stato del veicolo per verificarne lo stato. Il cliente pu\u00f2 richiedere una copia del rapporto di revisione, indicando la presenza o meno del danno e i dettagli dello stesso.<\/p>\n<ol>\n<li><strong>Prezzo e pagamento:<\/strong>\n<ol>\n<li>Le condizioni, il prezzo dei servizi e le modalit\u00e0 di pagamento accettate sono quelle espressamente determinate nella pagina in cui si effettua la prenotazione.<\/li>\n<\/ol>\n<\/li>\n<\/ol>\n<p>Il Cliente autorizza espressamente FORMOTOR ad effettuare gli addebiti previsti nelle condizioni tariffarie, ad esempio, a fronte di eventuali penali per cancellazione tardiva o mancata presentazione, accettando che i dati del mezzo di pagamento da lui fornito vengano utilizzati per l&#8217;esecuzione del spese corrispondenti.<\/p>\n<ol>\n<li style=\"list-style-type: nessuno;\">\n<ol>\n<li>Le promozioni e le offerte saranno valide solo finch\u00e9 rimarranno accessibili ai destinatari del servizio.<\/li>\n<li>Se non diversamente indicato, i prezzi indicati sul Web sono Prezzi Retail, IVA inclusa (21%). La transazione sar\u00e0 effettuata in EURO, qualunque sia l&#8217;origine del Cliente.<\/li>\n<\/ol>\n<\/li>\n<li><strong>Modifica o cancellazione delle prenotazioni: <\/strong>Se non diversamente specificato nelle condizioni tariffarie previste nella pagina da cui viene richiesta o formalizzata la prenotazione, puoi cancellare la tua prenotazione senza alcun costo fino a 48 ore prima il veicolo viene ritirato.<\/li>\n<\/ol>\n<p>Se la cancellazione viene effettuata nelle 48 ore precedenti il \u200b\u200bgiorno del ritiro del veicolo, perderai il 50% dell&#8217;acconto.<\/p>\n<p>In caso di cancellazione meno di 24 ore prima del ritiro del veicolo, perderai il 100% dell&#8217;acconto.<\/p>\n<ol>\n<li><strong>Diritto di recesso: <\/strong>Ai fini di quanto previsto dall&#8217;articolo 97.1.i) RDL 1\/2007, si informa che, ai sensi dell&#8217;articolo 103 l) del citato Regio Decreto Legge, non hai diritto di recesso.<\/li>\n<li><strong>Nullit\u00e0 delle clausole: <\/strong>Se una o pi\u00f9 delle clausole contenute nelle presenti condizioni generali fosse dichiarata in tutto o in parte nulla o inefficace, pregiudicher\u00e0 solo detta disposizione o quella parte cos\u00ec dichiarata , sussistendo in tutto il resto le condizioni generali, avendo tale disposizione, o parte di essa lesa, come non fissata.<\/li>\n<li><strong>Accettazione: <\/strong>: La richiesta e la formalizzazione della prenotazione implicano necessariamente che ognuna di queste condizioni generali, considerate parte integrante della prenotazione e completate con le condizioni della tariffa e la specifica normativa applicabile, sono da Lei espressamente accettate.<\/li>\n<li><strong>Legge applicabile e giurisdizione: <\/strong>: Il presente contratto sar\u00e0 regolato dalla legge spagnola, escluse le norme sul conflitto di leggi. Fermi restando i diritti riconosciuti ai consumatori in termini di competenza giurisdizionale dal Regio Decreto Legislativo 1\/2007, del 16 novembre, ogni controversia che dovesse derivare dall&#8217;uso del Web o dei servizi ad esso collegati sar\u00e0 sottoposta alla giurisdizione e competenza dei Tribunali e Tribunali competenti al domicilio di FORMOTOR, rinunciando espressamente al Cliente alla propria giurisdizione qualora ne avesse una.<\/li>\n<\/ol>\n<p>Versione 1.1 \u2013 aprile 2025<\/p>\n","protected":false},"excerpt":{"rendered":"<p>INTRODUZIONE Le presenti condizioni generali si applicano alle prenotazioni elaborate tramite il web www.formotor.com (di seguito il &#8220;Web&#8221;) e costituiscono [&hellip;]<\/p>\n","protected":false},"author":1,"featured_media":0,"parent":0,"menu_order":0,"comment_status":"closed","ping_status":"closed","template":"","meta":{"_acf_changed":false,"footnotes":""},"class_list":["post-16226","page","type-page","status-publish","hentry"],"acf":[],"_links":{"self":[{"href":"https:\/\/formotor.com\/it\/wp-json\/wp\/v2\/pages\/16226","targetHints":{"allow":["GET"]}}],"collection":[{"href":"https:\/\/formotor.com\/it\/wp-json\/wp\/v2\/pages"}],"about":[{"href":"https:\/\/formotor.com\/it\/wp-json\/wp\/v2\/types\/page"}],"author":[{"embeddable":true,"href":"https:\/\/formotor.com\/it\/wp-json\/wp\/v2\/users\/1"}],"replies":[{"embeddable":true,"href":"https:\/\/formotor.com\/it\/wp-json\/wp\/v2\/comments?post=16226"}],"version-history":[{"count":5,"href":"https:\/\/formotor.com\/it\/wp-json\/wp\/v2\/pages\/16226\/revisions"}],"predecessor-version":[{"id":19622,"href":"https:\/\/formotor.com\/it\/wp-json\/wp\/v2\/pages\/16226\/revisions\/19622"}],"wp:attachment":[{"href":"https:\/\/formotor.com\/it\/wp-json\/wp\/v2\/media?parent=16226"}],"curies":[{"name":"wp","href":"https:\/\/api.w.org\/{rel}","templated":true}]}}