{"id":16223,"date":"2022-03-03T11:54:01","date_gmt":"2022-03-03T10:54:01","guid":{"rendered":"https:\/\/formotordev.developallin.com\/aviso-legal\/"},"modified":"2022-07-27T08:05:25","modified_gmt":"2022-07-27T07:05:25","slug":"consulenza-legale","status":"publish","type":"page","link":"https:\/\/formotor.com\/it\/consulenza-legale\/","title":{"rendered":"Avviso legale e condizioni di utilizzo del web"},"content":{"rendered":"<div style=\"text-align: justify;\">\n<p><span style=\"font-weight: 400;\">L&#8217;accesso al sito www.formotor.com<\/span> <span style=\"font-weight: 400;\">attribuisce la condizione di UTENTE e implica la piena accettazione e senza riserva, da tale accesso e\/o utilizzo, della presente nota legale e della privacy policy nella sua ultima versione, fatte salve le Condizioni Generali di Contratto che, ove del caso, sono obbligatorie. Pertanto, ti consigliamo di procedere alla lettura di questi documenti prima di utilizzare le funzionalit\u00e0 offerte da questo sito Web, nonch\u00e9 ogni volta che ti accedi, poich\u00e9 ci riserviamo il diritto di cambiare, modificare, aggiungere o eliminare in qualsiasi momento parte di queste condizioni. .<\/span><\/p>\n<p><span style=\"font-weight: 400;\">Il mero accesso a questo sito web non implica in nessun caso l&#8217;esistenza di un rapporto commerciale tra l&#8217;utente e il sito web. <\/span><\/p>\n<ol>\n<li><b> PROPRIETARIO DEL SITO WEB<\/b><\/li>\n<\/ol>\n<p><span style=\"font-weight: 400;\">Ai fini di quanto previsto dall&#8217;articolo 10 della legge 34\/2002, dell&#8217;11 luglio, sui Servizi della societ\u00e0 dell&#8217;informazione e del commercio elettronico, fornisce le seguenti informazioni sul titolare di questo sito web:<\/span><\/p>\n<ul>\n<li style=\"font-weight: 400;\" aria-level=\"1\"><b>Proprietario del sito web<\/b><span style=\"font-weight: 400;\">: FORMENTERA MOTOR, S.L. (di seguito FORMOTOR)<\/span><\/li>\n<li style=\"font-weight: 400;\" aria-level=\"1\"><b>Indirizzo registrato<\/b><span style=\"font-weight: 400;\">:<\/span><span style=\"font-weight: 400;\"> La Savina , 07870 Formentera (Isole Baleari), Spagna<\/span><\/li>\n<li style=\"font-weight: 400;\" aria-level=\"1\"><b>C.I.F. <\/b><span style=\"font-weight: 400;\">B07609951<\/span><\/li>\n<li style=\"font-weight: 400;\" aria-level=\"1\"><b>Dati di registrazione<\/b><span style=\"font-weight: 400;\">:<\/span><span style=\"font-weight: 400;\"> Registrato a il Registro Mercantile di Eivissa, Volume 22, Libro 22, Sezione 8, Folio 171, Foglio IB-1035, Iscrizione 2.<\/span><\/li>\n<\/ul>\n<p><span style=\"font-weight: 400;\">Oltre alla sede legale, sono messi a disposizione degli utenti i seguenti canali per indirizzare le loro richieste, domande o reclami:<\/span><\/p>\n<ul>\n<li style=\"font-weight: 400;\" aria-level=\"1\"><span style=\"font-weight: 400;\">Modulo di contatto Web<\/span><\/li>\n<li style=\"font-weight: 400;\" aria-level=\"1\"><span style=\"font-weight: 400;\">Tel. Ufficio La Savina &#8211; 0034 971 32 29 29 <\/span><\/li>\n<li style=\"font-weight: 400;\" aria-level=\"1\"><span style=\"font-weight: 400;\">Tel. Ufficio Es Cal\u00f3 &#8211; 0034 971 32 70 48 <\/span><\/li>\n<li style=\"font-weight: 400;\" aria-level=\"1\"><span style=\"font-weight: 400;\">Tel. Garage &#8211; 0034 971 32 22 42 <\/span><\/li>\n<li style=\"font-weight: 400;\" aria-level=\"1\"><span style=\"font-weight: 400;\">Telefax &#8211; 0034 971 32 27 52 <\/span><\/li>\n<li style=\"font-weight: 400;\" aria-level=\"1\"><span style=\"font-weight: 400;\">Mail &#8211; rent@formotor.com<\/span><\/li>\n<\/ul>\n<ol>\n<li><b> CONDIZIONI D&#8217;USO <\/b><\/li>\n<li><b> Introduzione. FORMOTOR<\/b><span style=\"font-weight: 400;\"> offre servizi di noleggio veicoli su questo sito web. Accedendo e utilizzando questo sito Web, accetti di essere vincolato dalle condizioni di seguito riportate, pertanto si consiglia di leggere attentamente questa sezione prima di iniziare la navigazione. <\/span><\/li>\n<li><b> Obblighi degli Utenti. <\/b><span style=\"font-weight: 400;\">Gli utenti accettano di utilizzare questo sito Web in modo lecito, in conformit\u00e0 con le disposizioni di queste condizioni e in un modo che non leda i diritti o gli interessi di <\/span> <b>FORMOTOR<\/b><span style=\"font-weight: 400;\"> o di terze parti. A titolo esemplificativo e non limitativo o escludente, l&#8217;Utente si impegna inoltre a:<\/span><\/li>\n<\/ol>\n<ul>\n<li style=\"font-weight: 400;\" aria-level=\"1\"><span style=\"font-weight: 400;\">Non intraprendere attivit\u00e0 illegali o contrarie all&#8217;ordine pubblico o alla buona fede;<\/span><\/li>\n<li style=\"font-weight: 400;\" aria-level=\"1\"><span style=\"font-weight: 400;\">Non utilizzare i dati pubblicati sul Web per inviare comunicazioni non richieste (spam).<\/span><\/li>\n<li style=\"font-weight: 400;\" aria-level=\"1\"><span style=\"font-weight: 400;\">Non introdurre o diffondere sul web informazioni o contenuti falsi, fuorvianti, ambigui o imprecisi in modo da fuorviare i destinatari delle informazioni, n\u00e9 diffondere contenuti di natura razzista, xenofoba, pornografica, che promuovano il terrorismo o attacchino i diritti umani o minori;<\/span><\/li>\n<li style=\"font-weight: 400;\" aria-level=\"1\"><span style=\"font-weight: 400;\">Non compiere azioni che implichino o implichino una violazione dei diritti di propriet\u00e0 intellettuale <\/span><b>FORMOTOR<\/b>< span style=\"font-weight: 400;\"> o di terze parti;<\/span><\/li>\n<li style=\"font-weight: 400;\" aria-level=\"1\"><span style=\"font-weight: 400;\">Non causare danni ai sistemi fisici e logici di <\/span><b>FORMOTOR<\/b><span style=\"font-weight: 400;\">, dai suoi fornitori o da terzi;<\/span><\/li>\n<li style=\"font-weight: 400;\" aria-level=\"1\"><span style=\"font-weight: 400;\">Non introdurre o diffondere virus informatici sulla rete n\u00e9 utilizzare altri sistemi fisici o logici che siano in grado di causare i suddetti danni.<\/ span><\/li>\n<li style=\"font-weight: 400;\" aria-level=\"1\"><span style=\"font-weight: 400;\">Non eliminare, alterare, eludere o manipolare alcun dispositivo di protezione o sistema di sicurezza installato sulle pagine di questo sito<\/span> < \/li>\n<\/ul>\n<ol inizio=\"3\">\n<li><b> Dichiarazione di non responsabilit\u00e0. Questo Sito Web \u00e8 fornito &#8220;cos\u00ec com&#8217;\u00e8&#8221; e il suo utilizzo \u00e8 effettuato a rischio e pericolo dell&#8217;Utente, pertanto n\u00e9 FORMOTOR, n\u00e9 i suoi amministratori, lavoratori, fornitori o collaboratori saranno responsabili per danni, di qualsiasi natura, diretti o meno. , che derivano dall&#8217;uso del Web, escludendo espressamente FORMOTOR, nella misura massima prevista dalla legge, qualsiasi tipo di garanzia, espressa o implicita.<\/b><\/li>\n<\/ol>\n<p><b>FORMOTOR<\/b><span style=\"font-weight: 400;\"> non garantisce la disponibilit\u00e0 e l&#8217;accessibilit\u00e0 del Web, sebbene compir\u00e0 ogni ragionevole sforzo al riguardo. Occasionalmente possono verificarsi interruzioni per il tempo necessario per eseguire le corrispondenti operazioni di manutenzione.<\/span><\/p>\n<p><b>FORMOTOR<\/b><span style=\"font-weight: 400;\"> non \u00e8 responsabile per eventuali danni derivati \u200b\u200bda interferenze, interruzioni, virus informatici, guasti telefonici o disconnessioni telefoniche dovuti a cause indipendenti dalla volont\u00e0 del suddetto entit\u00e0; di ritardi o blocchi nell&#8217;uso di questo sistema elettronico causati da carenze o sovraccarichi del centro elaborazione dati, delle linee telefoniche, del sistema Internet o di altri sistemi elettrici; n\u00e9 di qualsiasi altra alterazione che possa verificarsi nel Software o nell&#8217;Hardware degli Utenti. N\u00e9 garantisce l&#8217;assenza di virus, malware, trojan o altri elementi che possano causare alterazioni nel sistema informatico, nei documenti o nei file dell&#8217;Utente, escludendo qualsiasi responsabilit\u00e0 per danni di qualsiasi natura causati all&#8217;Utente per tale motivo. Allo stesso modo, <\/span><b>FORMOTOR<\/b><span style=\"font-weight: 400;\"> non sar\u00e0 responsabile per i danni causati da terzi attraverso interferenze illegittime al di fuori del suo controllo. <\/span><\/p>\n<p><span style=\"font-weight: 400;\"> N\u00e9 sar\u00e0 responsabile per danni causati dall&#8217;uso o uso improprio dei contenuti del Web, n\u00e9 per le conseguenze che possono derivare da errori, difetti o omissioni nel contenuto che possono apparire su questo sito web forniti dagli Utenti stessi o da terzi. <\/span><b>FORMOTOR<\/b><span style=\"font-weight: 400;\"> non si assume alcun obbligo o responsabilit\u00e0 in merito a quei servizi che non fornisce direttamente.<\/span><\/p>\n<ol inizio=\"4\">\n<li><b> Collegamenti esterni. <\/b><span style=\"font-weight: 400;\">In nessun caso <\/span><b>FORMOTOR<\/b><span style=\"font-weight: 400;\"> si assumer\u00e0 alcuna responsabilit\u00e0 per i contenuti dei collegamenti appartenenti a un sito Web di terzi, n\u00e9 garantisce la disponibilit\u00e0 tecnica, la qualit\u00e0, l&#8217;affidabilit\u00e0, l&#8217;accuratezza, l&#8217;ampiezza, la veridicit\u00e0, la validit\u00e0 e la legalit\u00e0 di qualsiasi materiale o informazione contenuta in uno qualsiasi di detti collegamenti ipertestuali o altri siti Internet. Parimenti, l&#8217;inclusione di tali collegamenti esterni non comporter\u00e0 alcun tipo di associazione, fusione o partecipazione con i soggetti collegati. <\/span><\/li>\n<li><b> Negazione dell&#8217;accesso e cancellazione degli account. FORMOTOR<\/b><span style=\"font-weight: 400;\"> si riserva il diritto di negare l&#8217;accesso al Web, nonch\u00e9 di sospendere o cancellare gli account di quegli Utenti che non rispettano queste condizioni; in caso di imprevisti tecnici o di sicurezza; inattivit\u00e0 dell&#8217;account per un periodo di tempo significativo; o in esecuzione di una richiesta e\/o di un ordine di polizia, giudiziario o amministrativo.<\/span><\/li>\n<\/ol>\n<p><span style=\"font-weight: 400;\">Tale cancellazione o sospensione sar\u00e0 effettuata a sola discrezione di <\/span><b>FORMOTOR<\/b><span style=\"font-weight: 400;\"> e non dar\u00e0 luogo ad alcun compenso.<\/span><\/p>\n<ol inizio=\"6\">\n<li><b> Blog, forum e pubblicazione di commenti.<\/b><span style=\"font-weight: 400;\"> L&#8217;utilizzo delle funzionalit\u00e0 partecipative messe a disposizione sul Web sar\u00e0 effettuato presso proprio rischio degli utenti. Conformemente a quanto previsto dall&#8217;articolo 16.1 della legge 34\/2002, dell&#8217;11 luglio, sui servizi della societ\u00e0 dell&#8217;informazione e del commercio elettronico, <\/span><b>FORMOTOR<\/b><span style= \"font-weight: 400;\"> non \u00e8 responsabile delle informazioni conservate su richiesta degli utenti ed in particolare delle opinioni espresse, n\u00e9 dell&#8217;accuratezza, qualit\u00e0, affidabilit\u00e0 e correttezza delle informazioniche gli utenti aggiungono. <\/span><b>FORMOTOR<\/b><span style=\"font-weight: 400;\"> si riserva il diritto di ritirare o non pubblicare tutti quei commenti e contributi che non rispettano queste condizioni d&#8217;uso e soprattutto quelli che violano il rispetto della dignit\u00e0 della persona, che sono discriminatori, xenofobi, razzisti, pornografici, che attentano ai giovani o all&#8217;infanzia, all&#8217;ordine pubblico o alla sicurezza o che, a loro avviso, non sono appropriati.<\/span ><\/li>\n<li><b> Trattamento dei dati personali. <\/b><span style=\"font-weight: 400;\">L&#8217;utente acconsente al trattamento dei propri dati personali nell&#8217;ambito e nei termini indicati nella nostra informativa sulla privacy, disponibile nella home page del Web, anche detta politica essendo incorporata in queste condizioni per riferimento. In tale politica, gli Utenti troveranno informazioni su come esercitare i propri diritti di accesso, cancellazione e rettifica dei propri dati personali, nonch\u00e9 sull&#8217;opposizione al loro trattamento.<\/span><\/li>\n<li><b> Propriet\u00e0 intellettuale e diritto d&#8217;autore. <\/b><span style=\"font-weight: 400;\">Fatti salvi i contenuti forniti dagli Utenti stessi o sui quali terzi detengono diritti intellettuali, i diritti di propriet\u00e0 intellettuale del Web, il nome di dominio, la sua fonte codice, design e struttura di navigazione ed elementi in essa contenuti (a titolo esemplificativo, immagini, suoni, audio, video, software, o testi; marchi o loghi, abbinamenti cromatici, struttura e design, ecc.) sono di propriet\u00e0 di <\/span ><b>FORMOTOR<\/b><span style=\"font-weight: 400;\"> , che ha il diritto esclusivo di sfruttarli in qualsiasi modo, e in particolare i diritti di riproduzione, distribuzione, comunicazione pubblica e trasformazione, in in conformit\u00e0 con le disposizioni della vigente Legge sulla Propriet\u00e0 Intellettuale. La riproduzione, distribuzione e comunicazione pubblica, compreso il relativo metodo di messa a disposizione, di tutto o parte dei contenuti di questo sito Web con qualsiasi mezzo e con qualsiasi mezzo tecnico, senza l&#8217;autorizzazione di <\/span><b >FORMOTOR<\/b> <span style=\"font-weight: 400;\"> o, a seconda dei casi, terze parti che detengono la propriet\u00e0 intellettuale o i diritti di copyright sui contenuti interessati. Fermo restando quanto sopra, l&#8217;utente del sito Web pu\u00f2 visualizzare gli elementi di questo sito Web e persino stamparli, copiarli e archiviarli sul disco rigido del proprio computer o su qualsiasi altro supporto fisico purch\u00e9 esclusivamente ed esclusivamente per uso personale e privato. . Quegli enti o persone che, previa autorizzazione del titolare di questo sito web, intendano stabilire un collegamento con esso, devono garantire di consentire solo l&#8217;accesso a questo sito web o servizio ma di non riprodurne i contenuti e i servizi.<\/span ><\/ li>\n<li><b> Nullit\u00e0 delle clausole. <\/b><span style=\"font-weight: 400;\">Nel caso in cui una clausola delle presenti condizioni d&#8217;uso sia dichiarata nulla, incider\u00e0 solo su detta disposizione o su quella parte cos\u00ec dichiarata, sussistendone le condizioni in tutto il resto e avendo tale disposizione, o la parte lesa, per non aver messo.<\/span><\/li>\n<li><b> Accettazione. <\/b><span style=\"font-weight: 400;\">L&#8217;accesso al Web e il suo utilizzo implicano necessariamente che ognuna di queste condizioni di utilizzo sia espressamente accettata dall&#8217;utente. <\/span><\/li>\n<li><b> Legge applicabile e giurisdizione. <\/b><span style=\"font-weight: 400;\">Fatti salvi i diritti riconosciuti ai consumatori dal Regio Decreto Legislativo 1\/2007, del 16 novembre, questo sito web sar\u00e0 regolato dalla legge spagnola con esclusione delle sue regole di conflitto di leggi e ogni controversia che dovesse insorgere dal suo utilizzo o dai servizi ad esso collegati sar\u00e0 sottoposta alla giurisdizione e competenza dei Tribunali e Tribunali competenti presso l&#8217;indirizzo del titolare del Web, rinunciando espressamente agli utenti giurisdizione se ce l&#8217;avessero.<\/span><\/li>\n<\/ol>\n<p><span style=\"font-weight: 400;\">La Commissione Europea fornisce una piattaforma di risoluzione delle controversie online rivolta ai consumatori, che possono accedervi tramite il seguente link: https:\/\/webgate.ec.europa .eu\/odr\/main \/index.cfm?event=main.home.chooseLingua<\/span><\/p>\n<p><span style=\"font-weight: 400;\">Versione 1.0 \u2013 dicembre 2017<\/span><\/p>\n<\/div>\n","protected":false},"excerpt":{"rendered":"<p>L&#8217;accesso al sito www.formotor.com attribuisce la condizione di UTENTE e implica la piena accettazione e senza riserva, da tale accesso [&hellip;]<\/p>\n","protected":false},"author":1,"featured_media":0,"parent":0,"menu_order":0,"comment_status":"closed","ping_status":"closed","template":"","meta":{"_acf_changed":false,"footnotes":""},"class_list":["post-16223","page","type-page","status-publish","hentry"],"acf":[],"_links":{"self":[{"href":"https:\/\/formotor.com\/it\/wp-json\/wp\/v2\/pages\/16223","targetHints":{"allow":["GET"]}}],"collection":[{"href":"https:\/\/formotor.com\/it\/wp-json\/wp\/v2\/pages"}],"about":[{"href":"https:\/\/formotor.com\/it\/wp-json\/wp\/v2\/types\/page"}],"author":[{"embeddable":true,"href":"https:\/\/formotor.com\/it\/wp-json\/wp\/v2\/users\/1"}],"replies":[{"embeddable":true,"href":"https:\/\/formotor.com\/it\/wp-json\/wp\/v2\/comments?post=16223"}],"version-history":[{"count":5,"href":"https:\/\/formotor.com\/it\/wp-json\/wp\/v2\/pages\/16223\/revisions"}],"predecessor-version":[{"id":18588,"href":"https:\/\/formotor.com\/it\/wp-json\/wp\/v2\/pages\/16223\/revisions\/18588"}],"wp:attachment":[{"href":"https:\/\/formotor.com\/it\/wp-json\/wp\/v2\/media?parent=16223"}],"curies":[{"name":"wp","href":"https:\/\/api.w.org\/{rel}","templated":true}]}}