{"id":16174,"date":"2022-03-03T13:55:37","date_gmt":"2022-03-03T12:55:37","guid":{"rendered":"https:\/\/formotordev.developallin.com\/servicios\/"},"modified":"2022-04-20T18:02:56","modified_gmt":"2022-04-20T17:02:56","slug":"servizi","status":"publish","type":"page","link":"https:\/\/formotor.com\/it\/servizi\/","title":{"rendered":"Servizi e vantaggi"},"content":{"rendered":"<div class=\"wpb-content-wrapper\"><p>[vc_row][vc_column width=&#8221;1\/2&#8243;][vc_column_text uncode_shortcode_id=&#8221;156471&#8243;]<\/p>\n<div class=\"column-service-content-wrapper\">\n<div style=\"display: block; float: left;\">\n<div class=\"column-service-image\"><img decoding=\"async\" src=\"https:\/\/www.formotor.com\/wp-content\/uploads\/2015\/11\/formotor_icon_attention.png\" alt=\"\" width=\"57\" height=\"50\" \/><\/div>\n<\/div>\n<div style=\"display: block; float: left;\">\n<h3 class=\"column-service-title\">Assistenza<br \/>\nPersonalizzata<\/h3>\n<\/div>\n<div style=\"display: block; clear: both;\"><\/div>\n<div class=\"column-service-content limoking-skin-content\">\n<p>Con\u00a0<strong>FORMOTOR<\/strong>\u00a0puoi godere di un\u2019assistenza personalizzata, disponibile e professionale, grazie a 30 anni di esperienza nel settore del rent a car. Il nostro obiettivo principale \u00e8 la soddisfazione dei nostri clienti, e la soddisfazione dei nostri clienti \u00e8 la nostra miglior garanzia di successo.<\/p>\n<\/div>\n<\/div>\n<p>[\/vc_column_text][\/vc_column][vc_column width=&#8221;1\/2&#8243;][vc_column_text uncode_shortcode_id=&#8221;386697&#8243;]<\/p>\n<div class=\"column-service-content-wrapper\">\n<div style=\"display: block; float: left;\">\n<div class=\"column-service-image\"><img decoding=\"async\" src=\"https:\/\/www.formotor.com\/wp-content\/uploads\/2015\/11\/fronticoncar2.png\" alt=\"\" width=\"63\" height=\"43\" \/><\/div>\n<\/div>\n<div style=\"display: block; float: left;\">\n<h3 class=\"column-service-title\">Flotta di veicoli<br \/>\nRinnovata<\/h3>\n<\/div>\n<div style=\"display: block; clear: both;\"><\/div>\n<div class=\"column-service-content limoking-skin-content\">\n<p><strong>FORMOTOR<\/strong>\u00a0rent a car dispone del supporto di una vasta rete a\u00a0<strong>FORMENTERA<\/strong>. La nostra flotta di veicoli a noleggio \u00e8 varia e pensata perch\u00e9 \u00a0tu possa godere al massimo delle tue vacanze a\u00a0<strong>FORMENTERA<\/strong>. Disponiamo di piccole utilitarie, ideali per brevi soggiorni.<\/p>\n<\/div>\n<\/div>\n<p>[\/vc_column_text][\/vc_column][\/vc_row][vc_row][vc_column width=&#8221;1\/2&#8243;][vc_column_text uncode_shortcode_id=&#8221;953205&#8243;]<\/p>\n<div class=\"column-service-content-wrapper\">\n<div style=\"display: block; float: left;\">\n<div class=\"column-service-image\"><img decoding=\"async\" src=\"https:\/\/www.formotor.com\/wp-content\/uploads\/2015\/11\/formotor_icon_entrega.png\" alt=\"\" width=\"50\" height=\"50\" \/><\/div>\n<\/div>\n<div style=\"display: block; float: left;\">\n<h3 class=\"column-service-title\">Flessibilit\u00e0<br \/>\nDi consegna<\/h3>\n<\/div>\n<div style=\"display: block; clear: both;\"><\/div>\n<div class=\"column-service-content limoking-skin-content\">\n<p><strong>FORMOTOR<\/strong>\u00a0rende pi\u00f9 semplici le tue vacanze, con un servizio di consegna aperto dalle 8:00 alle 21:00, orario dell\u2019ufficio di Puerto de la Savina, dal 1 maggio al 31 ottobre. Offriamo un servizio aggiuntivo per le prenotazioni confermate, con consegna fino alle 23:45 (consultare la tariffa extra per consegna al di fuori dell\u2019orario d\u2019ufficio).<\/p>\n<p>Oltre a ci\u00f2, \u00e8 importante sottolineare che\u00a0<strong>FORMOTOR<\/strong>\u00a0offre un servizio di consegna e\/o recupero auto\/moto a domicilio, previa prenotazione, in qualsiasi punto di Formentera. Inoltre, ricordiamo che siamo aperti tutto l\u2019anno, per offrire i nostri servizi a quei clienti che preferiscono approfittare dei mesi invernali per vivere una Formentera diversa, cos\u00ec che possano noleggiare la loro auto e\/o moto.<\/p>\n<\/div>\n<\/div>\n<p>[\/vc_column_text][\/vc_column][vc_column width=&#8221;1\/2&#8243;][vc_column_text uncode_shortcode_id=&#8221;342313&#8243;]<\/p>\n<div class=\"column-service-content-wrapper\">\n<div style=\"display: block; float: left;\">\n<div class=\"column-service-image\"><img decoding=\"async\" src=\"https:\/\/www.formotor.com\/wp-content\/uploads\/2016\/03\/formotor_icon_point.png\" alt=\"\" width=\"41\" height=\"46\" \/><\/div>\n<\/div>\n<div style=\"display: block; float: left;\">\n<h3 class=\"column-service-title\">Fino a 5 uffici<br \/>\nA formentera<\/h3>\n<\/div>\n<div style=\"display: block; clear: both;\"><\/div>\n<div class=\"column-service-content limoking-skin-content\">\n<p><strong>FORMOTOR<\/strong>\u00a0ti offre i suoi servizi non appena sbarchi nell\u2019isola, mettendo subito a disposizione tre dei suoi uffici. Per chi viaggia a Formentera con un\u2019escursione in giornata, disponiamo di un ufficio a 100 metri dallo sbarco. L\u2019ufficio di Es Cal\u00f3 \u00e8 situato a 300 metri dal porto dei pescatori di Es Cal\u00f3 de Sant Agust\u00ed, proprio accanto al Cam\u00ed de Sa pujada.<\/p>\n<\/div>\n<\/div>\n<p>[\/vc_column_text][\/vc_column][\/vc_row][vc_row][vc_column width=&#8221;1\/2&#8243;][vc_column_text uncode_shortcode_id=&#8221;146754&#8243;]<\/p>\n<div class=\"column-service-content-wrapper\">\n<div style=\"display: block; float: left;\">\n<div class=\"column-service-image\"><img decoding=\"async\" src=\"https:\/\/www.formotor.com\/wp-content\/uploads\/2016\/03\/formotor_icon_tool.png\" alt=\"\" width=\"41\" height=\"46\" \/><\/div>\n<\/div>\n<div style=\"display: block; float: left;\">\n<h3 class=\"column-service-title\">Officina di propriet\u00e0<br \/>\nPer le riparazioni<\/h3>\n<\/div>\n<div style=\"display: block; clear: both;\"><\/div>\n<div class=\"column-service-content limoking-skin-content\">\n<p>Fa parte della rete di\u00a0<strong>FORMOTOR<\/strong>\u00a0un\u2019officina specializzata multimarchio, per garantire che i nostri veicoli siano sempre in perfetto stato. Inoltre, offriamo al pubblico un servizio di compravendita di veicoli, riparazioni meccaniche, carrozzeria e verniciatura.<\/p>\n<\/div>\n<\/div>\n<p>[\/vc_column_text][\/vc_column][vc_column width=&#8221;1\/2&#8243;][vc_column_text uncode_shortcode_id=&#8221;832775&#8243;]<\/p>\n<div class=\"column-service-content-wrapper\">\n<div style=\"display: block; float: left;\">\n<div class=\"column-service-image\"><img decoding=\"async\" src=\"https:\/\/www.formotor.com\/wp-content\/uploads\/2016\/03\/formotor_icon_hotel.png\" alt=\"\" width=\"41\" height=\"46\" \/><\/div>\n<\/div>\n<div style=\"display: block; float: left;\">\n<h3 class=\"column-service-title\">Consegna del veicolo<br \/>\nIn hotel<\/h3>\n<\/div>\n<div style=\"display: block; clear: both;\"><\/div>\n<div class=\"column-service-content limoking-skin-content\">\n<p>Richiedi la consegna della tua auto o della tua moto direttamente nella struttura in cui soggiorni, previa prenotazione.\u00a0<strong>FORMOTOR<\/strong>\u00a0ti garantisce la consegna delle tue prenotazioni nella struttura specificata, previa prenotazione.<\/p>\n<\/div>\n<\/div>\n<p>[\/vc_column_text][\/vc_column][\/vc_row][vc_row row_height_percent=&#8221;0&#8243; back_image=&#8221;7094&#8243; overlay_alpha=&#8221;50&#8243; gutter_size=&#8221;3&#8243; column_width_percent=&#8221;100&#8243; shift_y=&#8221;0&#8243; z_index=&#8221;0&#8243; uncode_shortcode_id=&#8221;794923&#8243; el_id=&#8221;vehiculo&#8221; css=&#8221;.vc_custom_1646397552479{margin-top: 60px !important;}&#8221;][vc_column width=&#8221;2\/3&#8243;][vc_custom_heading heading_semantic=&#8221;h4&#8243; text_size=&#8221;h4&#8243; uncode_shortcode_id=&#8221;117006&#8243;]Pi\u00f9 di 6.500 clienti soddisfatti \u00e8 la<br \/>\nnostra migliore garanzia[\/vc_custom_heading][vc_column_text text_color=&#8221;color-blue-formotor&#8221; uncode_shortcode_id=&#8221;463508&#8243; text_color_type=&#8221;uncode-palette&#8221;]<\/p>\n<div class=\"about-us-title-divider\"><\/div>\n<p>Il nostro obiettivo principale \u00e8 la soddisfazione dei nostri clienti. La soddisfazione dei nostri clienti la nostra migliore garanzia di successo.[\/vc_column_text][vc_button button_color=&#8221;color-blue-light-2-formotor&#8221; border_width=&#8221;0&#8243; button_color_type=&#8221;uncode-palette&#8221; el_class=&#8221;btn-formotor-2&#8243; uncode_shortcode_id=&#8221;583828&#8243; link=&#8221;url:https%3A%2F%2Fformotor.com%2Fit%2Fprenotazioni%2F|title:PRENOTA&#8221;]PRENOTA[\/vc_button][\/vc_column][vc_column width=&#8221;1\/3&#8243;][\/vc_column][\/vc_row][vc_row][vc_column width=&#8221;1\/1&#8243;][uncode_block id=&#8221;15653&#8243;][\/vc_column][\/vc_row][vc_row][vc_column width=&#8221;1\/1&#8243;][uncode_block id=&#8221;15682&#8243;][\/vc_column][\/vc_row]<\/p>\n<\/div>","protected":false},"excerpt":{"rendered":"<p>Servizi e prestazioni progettato per il comfort<\/p>\n","protected":false},"author":1,"featured_media":14859,"parent":0,"menu_order":0,"comment_status":"closed","ping_status":"closed","template":"","meta":{"_acf_changed":false,"footnotes":""},"class_list":["post-16174","page","type-page","status-publish","has-post-thumbnail","hentry"],"acf":[],"_links":{"self":[{"href":"https:\/\/formotor.com\/it\/wp-json\/wp\/v2\/pages\/16174","targetHints":{"allow":["GET"]}}],"collection":[{"href":"https:\/\/formotor.com\/it\/wp-json\/wp\/v2\/pages"}],"about":[{"href":"https:\/\/formotor.com\/it\/wp-json\/wp\/v2\/types\/page"}],"author":[{"embeddable":true,"href":"https:\/\/formotor.com\/it\/wp-json\/wp\/v2\/users\/1"}],"replies":[{"embeddable":true,"href":"https:\/\/formotor.com\/it\/wp-json\/wp\/v2\/comments?post=16174"}],"version-history":[{"count":3,"href":"https:\/\/formotor.com\/it\/wp-json\/wp\/v2\/pages\/16174\/revisions"}],"predecessor-version":[{"id":16254,"href":"https:\/\/formotor.com\/it\/wp-json\/wp\/v2\/pages\/16174\/revisions\/16254"}],"wp:featuredmedia":[{"embeddable":true,"href":"https:\/\/formotor.com\/it\/wp-json\/wp\/v2\/media\/14859"}],"wp:attachment":[{"href":"https:\/\/formotor.com\/it\/wp-json\/wp\/v2\/media?parent=16174"}],"curies":[{"name":"wp","href":"https:\/\/api.w.org\/{rel}","templated":true}]}}