{"id":15604,"date":"2022-03-01T11:16:26","date_gmt":"2022-03-01T10:16:26","guid":{"rendered":"https:\/\/formotordev.developallin.com\/politica-de-privacidad\/"},"modified":"2022-07-27T15:19:01","modified_gmt":"2022-07-27T14:19:01","slug":"politica-sulla-privacy","status":"publish","type":"page","link":"https:\/\/formotor.com\/it\/politica-sulla-privacy\/","title":{"rendered":"Politica sulla privacy"},"content":{"rendered":"<p>La presente informativa sulla privacy si applica al sito Web <a href=\"http:\/\/www.formotor.com\">www.formotor.com<\/a> (il sito Web, di seguito).<\/p>\n<p>Si prega di leggere attentamente. In essa troverai importanti informazioni sul trattamento dei tuoi dati personali e sui diritti riconosciuti dalla normativa vigente in materia.<\/p>\n<p>Ci riserviamo il diritto di aggiornare la nostra politica sulla privacy in qualsiasi momento a causa di decisioni aziendali, nonch\u00e9 di ottemperare ad eventuali modifiche legislative o giurisprudenziali. Se hai domande o hai bisogno di chiarimenti in merito alla nostra Privacy Policy o ai tuoi diritti, puoi contattarci attraverso i canali indicati di seguito.<\/p>\n<p>Dichiari che i dati che ci fornisci, ora o in futuro, sono corretti e veritieri e accetti di comunicarci eventuali modifiche agli stessi. In caso di conferimento di dati personali di terzi, l&#8217;utente si impegna ad ottenere il consenso preventivo degli interessati e ad informarli sul contenuto della presente informativa.<\/p>\n<p>I campi dei nostri moduli indicati come obbligatori devono necessariamente essere compilati per poter evadere le vostre richieste.<\/p>\n<ol>\n<li aria-level=\"1\"><b>Chi \u00e8 responsabile del trattamento dei tuoi dati? <\/b>\n<ul>\n<li aria-level=\"1\">Responsabile:<b>FORMENTERA MOTOR, S.L.<\/b> Indirizzo postale: C\/ Almadraba n\u00ba 34, local 13, La Savina, 07870 Formentera (Isole Baleari), Spagna Telefono:971 32 29 29 E-mail:rent@formotor.com<\/li>\n<\/ul>\n<\/li>\n<li aria-level=\"1\"><b>Per cosa tratteremo i tuoi dati e su quale base giuridica? <\/b>\n<ul>\n<li aria-level=\"1\"><b>Gestione del rapporto con gli utenti: <\/b>Trattiamo i dati che i nostri utenti forniscono nelle loro richieste per soddisfare le loro richieste. Tali trattamenti sono necessari per l&#8217;esecuzione del rapporto legale con gli utenti del sito o per l&#8217;applicazione di misure precontrattuali a loro richiesta. <b>Fornitura dei servizi richiesti e gestione delle prenotazioni: <\/b>Elaboriamo i dati forniti dai nostri clienti nel modulo di prenotazione per fornire i servizi appaltati e gestire la loro prenotazione. I dati delle transazioni effettuate sul sito saranno trattati ugualmente per finalit\u00e0 di gestione contabile e amministrativa e per adempiere ai nostri obblighi di legge in materia contabile e fiscale. Tale trattamento \u00e8 necessario per l&#8217;esecuzione delle condizioni contrattuali della prenotazione o del servizio.<b>Pubblicazione dei commenti.<\/b> I dati forniti nel form per la pubblicazione dei commenti sul nostro Blog verranno trattati per l&#8217;amministrazione di tale funzionalit\u00e0.\n<p>Il tuo nome e commento verranno pubblicati sul web, diventando informazioni pubbliche. Dovresti prestare particolare attenzione quando decidi di pubblicare commenti o condividere le tue informazioni personali.<\/p>\n<p>Se hai selezionato l&#8217;opzione per salvare il tuo nome, email e sito web, queste informazioni saranno conservate nel tuo browser. Per questo utilizziamo un cookie (+ informazioni sui cookie nella nostra cookie policy).<\/p>\n<p>Tali trattamenti sono necessari per l&#8217;erogazione del servizio richiesto.<\/p>\n<p>Raccogliamo il tuo indirizzo email per la gestione di eventuali responsabilit\u00e0 derivanti dall&#8217;utilizzo della funzionalit\u00e0 di pubblicazione dei commenti. Tale trattamento si basa sul nostro legittimo interesse a poter identificare gli autori dei commenti in caso di possibili violazioni delle condizioni di utilizzo del sito o di commissione di reati. Per la ponderazione di tale interesse rispetto ai propri diritti e libert\u00e0 si \u00e8 tenuto conto dei seguenti elementi: tale trattamento \u00e8 necessario per l&#8217;amministrazione di una funzionalit\u00e0 partecipativa volta a tutelare gli interessi di terzi che potrebbero essere lesi dall&#8217;art. commenti pubblicati, oltre a corrispondere alle pratiche generali di sicurezza e, pertanto, non viola le ragionevoli aspettative degli interessati e non costituisce per le stesse minacce significative.<\/p>\n<p><b>Amministrazione e gestione della sicurezza web:<\/b> elaboriamo i dati di navigazione (indirizzi IP o log) per amministrare e gestire la sicurezza web. Questo trattamento si basa sul nostro legittimo interesse a garantire la sicurezza del sito web. Tale interesse \u00e8 espressamente riconosciuto dal considerando 49 della RGPD. Per la ponderazione di detti interessi rispetto ai loro diritti e libert\u00e0, si \u00e8 tenuto conto che <b> <\/b> tale trattamento corrisponde alle pratiche generali di sicurezza e non costituisce una minaccia significativa per le parti interessate.<\/p>\n<p><b>Finalit\u00e0 statistiche e di gestione della qualit\u00e0:<\/b> Al fine di valutare e gestire la qualit\u00e0 dei nostri servizi, eseguiamo statistiche basate su dati aggregati ottenuti da dati di transazione e dati di navigazione web, p. . per esempio Indirizzo IP, weblog, pagine visitate o azioni compiute sul Web (+ info nella nostra cookie policy).<\/p>\n<p>QuestoIl trattamento di s si basa sul nostro Legittimo Interesse a valutare e gestire la qualit\u00e0 dei nostri servizi. Per la ponderazione di tale interesse rispetto ai loro diritti e libert\u00e0, si \u00e8 stabilito che il trattamento ha avuto un impatto limitato sulla privacy degli interessati, corrispondeva alle loro ragionevoli aspettative e non poneva minacce significative.<\/p>\n<p><b>Se sei interessato a inviare informazioni commerciali: <\/b><\/p>\n<p><b>Invio di comunicazioni commerciali e gestione delle liste di distribuzione: <\/b>Trattiamo i dati identificativi e di contatto forniti dai nostri clienti e utenti per gestire la nostra lista di distribuzione e inviare loro comunicazioni relative ai nostri servizi.<\/p>\n<p>Per gestire le nostre liste di distribuzione, segmentiamo i destinatari delle nostre comunicazioni in base al mercato o alla lingua. Tale trattamento consiste in una semplice classificazione secondo criteri oggettivi e non ha lo scopo di effettuare profili commerciali, previsioni o analisi comportamentali.<\/p>\n<p>Questi trattamenti si basano sul nostro legittimo interesse a promuovere i nostri servizi ai nostri clienti. Per la ponderazione di tale interesse al riguardo, si \u00e8 stabilito che il trattamento ha avuto un impatto limitato sulla privacy degli interessati, corrispondeva alle loro ragionevoli aspettative e non poneva minacce significative. Parimenti, tale trattamento si basa anche sul Suo consenso a ricevere dette comunicazioni per via elettronica. Il mancato conferimento del consenso o la sua revoca non condiziona l&#8217;esecuzione dell&#8217;ordine o la prestazione dei servizi appaltati.<\/p>\n<p>In qualsiasi momento \u00e8 possibile richiedere di rinunciare al trattamento per finalit\u00e0 commerciali attivando il link previsto a tale scopo nelle nostre comunicazioni o inviando una e-mail a <a href=\"about:blank\">a rent@formotor.com<\/a >.<\/ li>\n<\/ul>\n<\/li>\n<li aria-level=\"1\"><b>Per quanto tempo conserveremo i tuoi dati?<\/b>\n<ul>\n<li>In generale, conserviamo i tuoi dati per la durata del rapporto che intrattieni con noi e comunque per i periodi previsti dalle disposizioni di legge applicabili e per il tempo necessario per assolvere ad eventuali responsabilit\u00e0 derivanti dal trattamento. Cancelleremo i tuoi dati quando non saranno pi\u00f9 necessari o rilevanti per le finalit\u00e0 per le quali sono stati raccolti. Le informazioni relative alla navigazione verranno cancellate una volta terminata la connessione web e fatte le statistiche. I dati trattati per l&#8217;invio di comunicazioni informative rimarranno validi fintantoch\u00e9 non ne chiederai la cancellazione.<\/li>\n<\/ul>\n<\/li>\n<li><b>A chi possiamo comunicare i tuoi dati?<\/b>\n<ul>\n<li>I tuoi dati saranno comunicati a terzi solo per obbligo di legge, con il tuo consenso o quando la tua richiesta implica tale comunicazione.<\/li>\n<\/ul>\n<\/li>\n<li><strong>Quali sono i tuoi diritti? <\/strong><\/li>\n<\/ol>\n<p><b><\/b>Hai il diritto di ottenere la conferma che stiamo trattando o meno i tuoi dati personali e, in tal caso, di accedervi. Puoi inoltre richiedere la rettifica dei tuoi dati quando sono inesatti o l&#8217;integrazione dei dati incompleti, nonch\u00e9 richiederne la cancellazione quando, tra l&#8217;altro, i dati non sono pi\u00f9 necessari per le finalit\u00e0 per le quali sono stati raccolti.<\/p>\n<p>In determinate circostanze, puoi richiedere la limitazione del trattamento dei tuoi dati. In tal caso, tratteremo i dati interessati solo per la formulazione, l&#8217;esercizio o la difesa di reclami o al fine di proteggere i diritti di altre persone. A determinate condizioni e per motivi legati alla tua situazione particolare, puoi anche opporti al trattamento dei tuoi dati. In tal caso, interromperemo il trattamento dei dati salvo che per motivi legittimi e impellenti che prevalgano sui tuoi interessi o diritti e libert\u00e0, o per la formulazione, l&#8217;esercizio o la difesa di pretese. Parimenti, ed a determinate condizioni, potrai richiedere la portabilit\u00e0 dei tuoi dati affinch\u00e9 siano trasmessi ad un altro titolare del trattamento.<\/p>\n<p>Puoi revocare il consenso che hai fornito per determinati scopi, senza pregiudicare la liceit\u00e0 del trattamento basata sul consenso prima della revoca, e presentare un reclamo all&#8217;Agenzia spagnola per la protezione dei dati.<\/p>\n<p>Per esercitare i tuoi diritti, devi inviarci una richiesta accompagnata da copia del tuo documento di identit\u00e0 nazionale o altro documento valido che ti identifichi per posta o e-mail agli indirizzi indicati nella sezione Chi \u00e8 il responsabile del trattamento dei tuoi dati?<\/p>\n<p>Puoi ottenere maggiori informazioni sui tuoi diritti e su come esercitarli sulla pagina dell&#8217;Agenzia spagnola per la protezione dei dati all&#8217;indirizzo <a href=\"http:\/\/www.aepd.es\">http:\/\/www.aepd.es<\/a>.<\/p>\n","protected":false},"excerpt":{"rendered":"<p>La presente informativa sulla privacy si applica al sito Web www.formotor.com (il sito Web, di seguito). Si prega di leggere [&hellip;]<\/p>\n","protected":false},"author":1,"featured_media":0,"parent":0,"menu_order":0,"comment_status":"closed","ping_status":"closed","template":"","meta":{"_acf_changed":false,"footnotes":""},"class_list":["post-15604","page","type-page","status-publish","hentry"],"acf":[],"_links":{"self":[{"href":"https:\/\/formotor.com\/it\/wp-json\/wp\/v2\/pages\/15604","targetHints":{"allow":["GET"]}}],"collection":[{"href":"https:\/\/formotor.com\/it\/wp-json\/wp\/v2\/pages"}],"about":[{"href":"https:\/\/formotor.com\/it\/wp-json\/wp\/v2\/types\/page"}],"author":[{"embeddable":true,"href":"https:\/\/formotor.com\/it\/wp-json\/wp\/v2\/users\/1"}],"replies":[{"embeddable":true,"href":"https:\/\/formotor.com\/it\/wp-json\/wp\/v2\/comments?post=15604"}],"version-history":[{"count":4,"href":"https:\/\/formotor.com\/it\/wp-json\/wp\/v2\/pages\/15604\/revisions"}],"predecessor-version":[{"id":18590,"href":"https:\/\/formotor.com\/it\/wp-json\/wp\/v2\/pages\/15604\/revisions\/18590"}],"wp:attachment":[{"href":"https:\/\/formotor.com\/it\/wp-json\/wp\/v2\/media?parent=15604"}],"curies":[{"name":"wp","href":"https:\/\/api.w.org\/{rel}","templated":true}]}}