{"id":19672,"date":"2025-07-11T09:49:16","date_gmt":"2025-07-11T08:49:16","guid":{"rendered":"https:\/\/formotor.com\/?post_type=product&#038;p=19672"},"modified":"2025-07-18T08:22:25","modified_gmt":"2025-07-18T07:22:25","slug":"citroen-berlingo-copia-copia","status":"publish","type":"product","link":"https:\/\/formotor.com\/fr\/flotte\/voitures\/citroen-berlingo-copia-copia\/","title":{"rendered":"Citro\u00ebn C4"},"content":{"rendered":"<h1>Louer une Citro\u00ebn Berlingo \u00e0 Formentera<\/h1>\n<p>Pratique et familiale, voil\u00e0 comment la Citro\u00ebn Berlingo se d\u00e9finit. Un v\u00e9hicule avec un grand coffre et suffisamment d&rsquo;espace pour que le conducteur et les passagers puissent voyager confortablement.<\/p>\n<p>Au volant, la conduite est semblable \u00e0 celle d&rsquo;une voiture de tourisme. Cela s&rsquo;explique par le fait que la position du conducteur n&rsquo;est pas aussi \u00e9lev\u00e9e que dans un monospace et qu&rsquo;il y a peu de vibrations \u00e0 bas r\u00e9gime, ce qui est id\u00e9al pour les longs trajets.<\/p>\n<p>La Citro\u00ebn Berlingo peut accueillir jusqu&rsquo;\u00e0 5 personnes.<\/p>\n<h2>Pourquoi louer une Citro\u00ebn Berlingo ?<\/h2>\n<p>Pour les familles \u00e0 la recherche de praticit\u00e9, aucun v\u00e9hicule ne lui arrive \u00e0 la cheville. Elle dispose d&rsquo;un grand coffre \u00e0 bagages et les portes coulissantes pour les passagers la rendent tr\u00e8s pratique.<\/p>\n","protected":false},"excerpt":{"rendered":"<p>Louer une Citro\u00ebn Berlingo \u00e0 Formentera Pratique et familiale, voil\u00e0 comment la Citro\u00ebn Berlingo se d\u00e9finit. Un v\u00e9hicule avec un [&hellip;]<\/p>\n","protected":false},"featured_media":19676,"comment_status":"closed","ping_status":"closed","template":"","meta":{"_acf_changed":false},"product_cat":[442],"product_tag":[],"class_list":{"0":"post-19672","1":"product","2":"type-product","3":"status-publish","4":"has-post-thumbnail","6":"product_cat-voitures","8":"first","9":"instock","10":"purchasable","11":"product-type-simple"},"acf":[],"_links":{"self":[{"href":"https:\/\/formotor.com\/fr\/wp-json\/wp\/v2\/product\/19672","targetHints":{"allow":["GET"]}}],"collection":[{"href":"https:\/\/formotor.com\/fr\/wp-json\/wp\/v2\/product"}],"about":[{"href":"https:\/\/formotor.com\/fr\/wp-json\/wp\/v2\/types\/product"}],"replies":[{"embeddable":true,"href":"https:\/\/formotor.com\/fr\/wp-json\/wp\/v2\/comments?post=19672"}],"wp:featuredmedia":[{"embeddable":true,"href":"https:\/\/formotor.com\/fr\/wp-json\/wp\/v2\/media\/19676"}],"wp:attachment":[{"href":"https:\/\/formotor.com\/fr\/wp-json\/wp\/v2\/media?parent=19672"}],"wp:term":[{"taxonomy":"product_cat","embeddable":true,"href":"https:\/\/formotor.com\/fr\/wp-json\/wp\/v2\/product_cat?post=19672"},{"taxonomy":"product_tag","embeddable":true,"href":"https:\/\/formotor.com\/fr\/wp-json\/wp\/v2\/product_tag?post=19672"}],"curies":[{"name":"wp","href":"https:\/\/api.w.org\/{rel}","templated":true}]}}