{"id":19573,"date":"2024-10-21T11:29:20","date_gmt":"2024-10-21T10:29:20","guid":{"rendered":"https:\/\/formotor.com\/flota\/non%20class\u00e9\/19573\/"},"modified":"2025-01-29T10:36:17","modified_gmt":"2025-01-29T09:36:17","slug":"19573","status":"publish","type":"product","link":"https:\/\/formotor.com\/fr\/flotte\/voitures\/19573\/","title":{"rendered":"Fiat Panda Cross"},"content":{"rendered":"<h1>Louer une Fiat Panda Cross \u00e0 Formentera<\/h1>\n<p>La Fiat Panda Cross est le compagnon parfait pour d\u00e9couvrir Formentera, avec son design compact et robuste qui permet une conduite confortable et agile. Malgr\u00e9 sa petite taille, ce v\u00e9hicule dispose d\u2019un int\u00e9rieur bien optimis\u00e9 offrant suffisamment d\u2019espace pour 4 personnes et leurs affaires.<\/p>\n<p>L\u2019acc\u00e8s \u00e0 l\u2019int\u00e9rieur se fait facilement gr\u00e2ce aux 5 portes disponibles, soulignant sa polyvalence, que ce soit pour circuler en ville ou sur les chemins les plus aventureux de l\u2019\u00eele.<\/p>\n<h2>Pourquoi louer une Fiat Panda Cross?<\/h2>\n<p>Parce qu\u2019elle est compacte mais robuste, id\u00e9ale pour la mobilit\u00e9 sur les terrains vari\u00e9s de l\u2019\u00eele, offrant une exp\u00e9rience de conduite confortable et s\u00e9curis\u00e9e.<\/p>\n","protected":false},"excerpt":{"rendered":"<p>Louer une Fiat Panda Cross \u00e0 Formentera La Fiat Panda Cross est le compagnon parfait pour d\u00e9couvrir Formentera, avec son [&hellip;]<\/p>\n","protected":false},"featured_media":19558,"comment_status":"open","ping_status":"closed","template":"","meta":{"_acf_changed":false},"product_cat":[442],"product_tag":[],"class_list":{"0":"post-19573","1":"product","2":"type-product","3":"status-publish","4":"has-post-thumbnail","6":"product_cat-voitures","8":"first","9":"instock","10":"sale","11":"shipping-taxable","12":"purchasable","13":"product-type-simple"},"acf":[],"_links":{"self":[{"href":"https:\/\/formotor.com\/fr\/wp-json\/wp\/v2\/product\/19573","targetHints":{"allow":["GET"]}}],"collection":[{"href":"https:\/\/formotor.com\/fr\/wp-json\/wp\/v2\/product"}],"about":[{"href":"https:\/\/formotor.com\/fr\/wp-json\/wp\/v2\/types\/product"}],"replies":[{"embeddable":true,"href":"https:\/\/formotor.com\/fr\/wp-json\/wp\/v2\/comments?post=19573"}],"wp:featuredmedia":[{"embeddable":true,"href":"https:\/\/formotor.com\/fr\/wp-json\/wp\/v2\/media\/19558"}],"wp:attachment":[{"href":"https:\/\/formotor.com\/fr\/wp-json\/wp\/v2\/media?parent=19573"}],"wp:term":[{"taxonomy":"product_cat","embeddable":true,"href":"https:\/\/formotor.com\/fr\/wp-json\/wp\/v2\/product_cat?post=19573"},{"taxonomy":"product_tag","embeddable":true,"href":"https:\/\/formotor.com\/fr\/wp-json\/wp\/v2\/product_tag?post=19573"}],"curies":[{"name":"wp","href":"https:\/\/api.w.org\/{rel}","templated":true}]}}