{"id":19486,"date":"2024-07-18T07:30:44","date_gmt":"2024-07-18T06:30:44","guid":{"rendered":"https:\/\/formotor.com\/flota\/non%20class\u00e9\/honda-sh-125\/"},"modified":"2024-07-18T10:01:47","modified_gmt":"2024-07-18T09:01:47","slug":"honda-sh-125","status":"publish","type":"product","link":"https:\/\/formotor.com\/fr\/flotte\/moto\/honda-sh-125\/","title":{"rendered":"Honda SH 125"},"content":{"rendered":"<h1>Location Honda SH 125 \u00e0 Formentera<\/h1>\n<h2>Pourquoi louer un Honda SH 125\u00a0?<\/h2>\n<p>Il est rare que l&rsquo;on puisse affirmer avec autant d&rsquo;insistance qu&rsquo;un v\u00e9hicule est presque parfait. Mais celui-ci fait partie de ces rares occasions. Le Honda SH125 est le scooter \u00e0 roues hautes de r\u00e9f\u00e9rence avec des roues de 16\u2032\u2032. Un scooter moderne et technologique, \u00e9quip\u00e9 d&rsquo;un coffre et de cl\u00e9s intelligentes pour d\u00e9couvrir l&rsquo;\u00eele en 2 roues.<\/p>\n<p><img decoding=\"async\" class=\"alignnone size-full wp-image-19409\" src=\"https:\/\/formotor.com\/wp-content\/uploads\/2021\/01\/frase-oficinas-Formotor-1_page-0001-scaled.webp\" alt=\"\" width=\"2560\" height=\"615\" srcset=\"https:\/\/formotor.com\/wp-content\/uploads\/2021\/01\/frase-oficinas-Formotor-1_page-0001-scaled.webp 2560w, https:\/\/formotor.com\/wp-content\/uploads\/2021\/01\/frase-oficinas-Formotor-1_page-0001-300x72.webp 300w, https:\/\/formotor.com\/wp-content\/uploads\/2021\/01\/frase-oficinas-Formotor-1_page-0001-1024x246.webp 1024w, https:\/\/formotor.com\/wp-content\/uploads\/2021\/01\/frase-oficinas-Formotor-1_page-0001-768x184.webp 768w, https:\/\/formotor.com\/wp-content\/uploads\/2021\/01\/frase-oficinas-Formotor-1_page-0001-1536x369.webp 1536w, https:\/\/formotor.com\/wp-content\/uploads\/2021\/01\/frase-oficinas-Formotor-1_page-0001-2048x492.webp 2048w, https:\/\/formotor.com\/wp-content\/uploads\/2021\/01\/frase-oficinas-Formotor-1_page-0001-600x144.webp 600w\" sizes=\"(max-width: 2560px) 100vw, 2560px\" \/><\/p>\n","protected":false},"excerpt":{"rendered":"<p>Location Honda SH 125 \u00e0 Formentera Pourquoi louer un Honda SH 125\u00a0? Il est rare que l&rsquo;on puisse affirmer avec [&hellip;]<\/p>\n","protected":false},"featured_media":19481,"comment_status":"open","ping_status":"closed","template":"","meta":{"_acf_changed":false},"product_cat":[457],"product_tag":[],"class_list":{"0":"post-19486","1":"product","2":"type-product","3":"status-publish","4":"has-post-thumbnail","6":"product_cat-moto","8":"first","9":"instock","10":"shipping-taxable","11":"purchasable","12":"product-type-simple"},"acf":[],"_links":{"self":[{"href":"https:\/\/formotor.com\/fr\/wp-json\/wp\/v2\/product\/19486","targetHints":{"allow":["GET"]}}],"collection":[{"href":"https:\/\/formotor.com\/fr\/wp-json\/wp\/v2\/product"}],"about":[{"href":"https:\/\/formotor.com\/fr\/wp-json\/wp\/v2\/types\/product"}],"replies":[{"embeddable":true,"href":"https:\/\/formotor.com\/fr\/wp-json\/wp\/v2\/comments?post=19486"}],"wp:featuredmedia":[{"embeddable":true,"href":"https:\/\/formotor.com\/fr\/wp-json\/wp\/v2\/media\/19481"}],"wp:attachment":[{"href":"https:\/\/formotor.com\/fr\/wp-json\/wp\/v2\/media?parent=19486"}],"wp:term":[{"taxonomy":"product_cat","embeddable":true,"href":"https:\/\/formotor.com\/fr\/wp-json\/wp\/v2\/product_cat?post=19486"},{"taxonomy":"product_tag","embeddable":true,"href":"https:\/\/formotor.com\/fr\/wp-json\/wp\/v2\/product_tag?post=19486"}],"curies":[{"name":"wp","href":"https:\/\/api.w.org\/{rel}","templated":true}]}}