{"id":18121,"date":"2021-01-27T17:08:41","date_gmt":"2021-01-27T16:08:41","guid":{"rendered":"https:\/\/formotor.com\/flota\/non%20class\u00e9\/renault-zoe\/"},"modified":"2024-07-01T00:00:50","modified_gmt":"2024-06-30T23:00:50","slug":"fiat-600e","status":"publish","type":"product","link":"https:\/\/formotor.com\/fr\/flotte\/voitures\/fiat-600e\/","title":{"rendered":"Fiat 600e"},"content":{"rendered":"<h1>Louer une Fiat 600e \u00e0 Formentera<\/h1>\n<h2>Pourquoi louer une Fiat 600e\u00a0?<\/h2>\n<p>Si vous vous souciez de l&rsquo;environnement, ce v\u00e9hicule est fait pour vous\u00a0! Z\u00e9ro \u00e9mission et aucune nuisance sonore. C&rsquo;est un v\u00e9hicule pratique et compact, id\u00e9al pour appr\u00e9cier et d\u00e9couvrir les recoins de l&rsquo;\u00eele.<\/p>\n","protected":false},"excerpt":{"rendered":"<p>Louer une Fiat 600e \u00e0 Formentera Pourquoi louer une Fiat 600e\u00a0? Si vous vous souciez de l&rsquo;environnement, ce v\u00e9hicule est [&hellip;]<\/p>\n","protected":false},"featured_media":19656,"comment_status":"closed","ping_status":"closed","template":"","meta":{"_acf_changed":false},"product_cat":[442],"product_tag":[],"class_list":{"0":"post-18121","1":"product","2":"type-product","3":"status-publish","4":"has-post-thumbnail","6":"product_cat-voitures","8":"first","9":"instock","10":"purchasable","11":"product-type-simple"},"acf":[],"_links":{"self":[{"href":"https:\/\/formotor.com\/fr\/wp-json\/wp\/v2\/product\/18121","targetHints":{"allow":["GET"]}}],"collection":[{"href":"https:\/\/formotor.com\/fr\/wp-json\/wp\/v2\/product"}],"about":[{"href":"https:\/\/formotor.com\/fr\/wp-json\/wp\/v2\/types\/product"}],"replies":[{"embeddable":true,"href":"https:\/\/formotor.com\/fr\/wp-json\/wp\/v2\/comments?post=18121"}],"wp:featuredmedia":[{"embeddable":true,"href":"https:\/\/formotor.com\/fr\/wp-json\/wp\/v2\/media\/19656"}],"wp:attachment":[{"href":"https:\/\/formotor.com\/fr\/wp-json\/wp\/v2\/media?parent=18121"}],"wp:term":[{"taxonomy":"product_cat","embeddable":true,"href":"https:\/\/formotor.com\/fr\/wp-json\/wp\/v2\/product_cat?post=18121"},{"taxonomy":"product_tag","embeddable":true,"href":"https:\/\/formotor.com\/fr\/wp-json\/wp\/v2\/product_tag?post=18121"}],"curies":[{"name":"wp","href":"https:\/\/api.w.org\/{rel}","templated":true}]}}