{"id":18119,"date":"2021-01-27T17:08:41","date_gmt":"2021-01-27T16:08:41","guid":{"rendered":"https:\/\/formotor.com\/flota\/non%20class\u00e9\/kia-soul\/"},"modified":"2024-07-01T00:00:52","modified_gmt":"2024-06-30T23:00:52","slug":"kia-soul","status":"publish","type":"product","link":"https:\/\/formotor.com\/fr\/flotte\/voitures\/kia-soul\/","title":{"rendered":"KIA SOUL"},"content":{"rendered":"<h1>Louer une KIA SOUL \u00e0 Formentera<br \/>\n<\/h1>\n<p>La Kia Soul est un petit monospace qui vise \u00e0 offrir la meilleure combinaison en termes de design et de s\u00e9curit\u00e9.<\/p>\n<p>\u00c0 l&rsquo;int\u00e9rieur, vous disposez de plus d&rsquo;espace qu&rsquo;il n&rsquo;y para\u00eet. La Kia Soul peut accueillir jusqu&rsquo;\u00e0 5 personnes.<\/p>\n<p>Les formes rectangulaires, l&rsquo;allure de SUV et les couleurs de la voiture plaisent d\u00e8s le premier regard. La Soul attire beaucoup l&rsquo;attention et s&rsquo;accompagne de grandes exp\u00e9riences. Exp\u00e9riences incroyables sur l&rsquo;\u00eele de Formentera.<\/p>\n<h2>Pourquoi louer une KIA Soul\u00a0?<\/h2>\n<p>Si vous vous souciez de l&rsquo;environnement, ce v\u00e9hicule est fait pour vous ! Z\u00e9ro \u00e9mission et aucune nuisance sonore. C&rsquo;est un v\u00e9hicule pratique et compact, id\u00e9al pour appr\u00e9cier et d\u00e9couvrir les recoins de l&rsquo;\u00eele.<\/p>\n","protected":false},"excerpt":{"rendered":"<p>Louer une KIA SOUL \u00e0 Formentera La Kia Soul est un petit monospace qui vise \u00e0 offrir la meilleure combinaison [&hellip;]<\/p>\n","protected":false},"featured_media":17486,"comment_status":"closed","ping_status":"closed","template":"","meta":{"_acf_changed":false},"product_cat":[442],"product_tag":[],"class_list":{"0":"post-18119","1":"product","2":"type-product","3":"status-publish","4":"has-post-thumbnail","6":"product_cat-voitures","8":"first","9":"instock","10":"sale","11":"purchasable","12":"product-type-simple"},"acf":[],"_links":{"self":[{"href":"https:\/\/formotor.com\/fr\/wp-json\/wp\/v2\/product\/18119","targetHints":{"allow":["GET"]}}],"collection":[{"href":"https:\/\/formotor.com\/fr\/wp-json\/wp\/v2\/product"}],"about":[{"href":"https:\/\/formotor.com\/fr\/wp-json\/wp\/v2\/types\/product"}],"replies":[{"embeddable":true,"href":"https:\/\/formotor.com\/fr\/wp-json\/wp\/v2\/comments?post=18119"}],"wp:featuredmedia":[{"embeddable":true,"href":"https:\/\/formotor.com\/fr\/wp-json\/wp\/v2\/media\/17486"}],"wp:attachment":[{"href":"https:\/\/formotor.com\/fr\/wp-json\/wp\/v2\/media?parent=18119"}],"wp:term":[{"taxonomy":"product_cat","embeddable":true,"href":"https:\/\/formotor.com\/fr\/wp-json\/wp\/v2\/product_cat?post=18119"},{"taxonomy":"product_tag","embeddable":true,"href":"https:\/\/formotor.com\/fr\/wp-json\/wp\/v2\/product_tag?post=18119"}],"curies":[{"name":"wp","href":"https:\/\/api.w.org\/{rel}","templated":true}]}}