{"id":18118,"date":"2021-01-27T17:08:41","date_gmt":"2021-01-27T16:08:41","guid":{"rendered":"https:\/\/formotor.com\/flota\/non%20class\u00e9\/fiat-panda-ou-similaire\/"},"modified":"2024-07-01T00:00:51","modified_gmt":"2024-06-30T23:00:51","slug":"fiat-panda-o-similar-2","status":"publish","type":"product","link":"https:\/\/formotor.com\/fr\/flotte\/voitures\/fiat-panda-o-similar-2\/","title":{"rendered":"Fiat Panda ou similaire"},"content":{"rendered":"<h1>Louer une Fiat Panda \u00e0 Formentera<\/h1>\n<p>Si vous recherchez de l&rsquo;espace et de la fonctionnalit\u00e9, la Fiat Panda est faite pour vous. Avec son design simple et \u00e9l\u00e9gant, la Fiat Panda saura faire face \u00e0 toutes les situations. Une ic\u00f4ne de l&rsquo;histoire de l&rsquo;automobile, compacte et urbaine.<\/p>\n<p>La personnalit\u00e9 de la Fiat Panda est associ\u00e9e \u00e0 la fonctionnalit\u00e9 et \u00e0 une simplicit\u00e9 maximale dans des dimensions ext\u00e9rieures tr\u00e8s compactes, avec un espace int\u00e9rieur exploit\u00e9 au maximum et adaptable \u00e0 tout besoin de transport.<\/p>\n<p>La Fiat Panda peut sembler petite. Cependant, elle peut accueillir jusqu&rsquo;\u00e0 5 personnes et dispose de 5 portes.<\/p>\n<p>Le design simple et polyvalent, s\u00e9duit les amoureux de la simplicit\u00e9 et ceux qui pr\u00e9f\u00e8rent se concentrer exclusivement sur le plaisir de la route ou du hors-piste. Il suffit de conduire et d&rsquo;admirer le magnifique paysage de Formentera.<\/p>\n<h2>Pourquoi louer une Fiat Panda\u00a0?<\/h2>\n<p>C&rsquo;est l&rsquo;ic\u00f4ne des vacances \u00e0 Formentera. Et si vous cherchez une voiture \u00e9conomique et pratique, c&rsquo;est votre v\u00e9hicule.<\/p>\n","protected":false},"excerpt":{"rendered":"<p>Louer une Fiat Panda \u00e0 Formentera Si vous recherchez de l&rsquo;espace et de la fonctionnalit\u00e9, la Fiat Panda est faite [&hellip;]<\/p>\n","protected":false},"featured_media":17498,"comment_status":"closed","ping_status":"closed","template":"","meta":{"_acf_changed":false},"product_cat":[442],"product_tag":[],"class_list":{"0":"post-18118","1":"product","2":"type-product","3":"status-publish","4":"has-post-thumbnail","6":"product_cat-voitures","8":"first","9":"instock","10":"sale","11":"purchasable","12":"product-type-simple"},"acf":[],"_links":{"self":[{"href":"https:\/\/formotor.com\/fr\/wp-json\/wp\/v2\/product\/18118","targetHints":{"allow":["GET"]}}],"collection":[{"href":"https:\/\/formotor.com\/fr\/wp-json\/wp\/v2\/product"}],"about":[{"href":"https:\/\/formotor.com\/fr\/wp-json\/wp\/v2\/types\/product"}],"replies":[{"embeddable":true,"href":"https:\/\/formotor.com\/fr\/wp-json\/wp\/v2\/comments?post=18118"}],"wp:featuredmedia":[{"embeddable":true,"href":"https:\/\/formotor.com\/fr\/wp-json\/wp\/v2\/media\/17498"}],"wp:attachment":[{"href":"https:\/\/formotor.com\/fr\/wp-json\/wp\/v2\/media?parent=18118"}],"wp:term":[{"taxonomy":"product_cat","embeddable":true,"href":"https:\/\/formotor.com\/fr\/wp-json\/wp\/v2\/product_cat?post=18118"},{"taxonomy":"product_tag","embeddable":true,"href":"https:\/\/formotor.com\/fr\/wp-json\/wp\/v2\/product_tag?post=18118"}],"curies":[{"name":"wp","href":"https:\/\/api.w.org\/{rel}","templated":true}]}}