{"id":18117,"date":"2021-01-27T17:08:41","date_gmt":"2021-01-27T16:08:41","guid":{"rendered":"https:\/\/formotor.com\/flota\/non%20class\u00e9\/fiat-500c\/"},"modified":"2024-07-01T00:00:51","modified_gmt":"2024-06-30T23:00:51","slug":"fiat-500c","status":"publish","type":"product","link":"https:\/\/formotor.com\/fr\/flotte\/voitures\/fiat-500c\/","title":{"rendered":"Fiat 500c"},"content":{"rendered":"<h1>Louer Fiat 500C \u00e0 Formentera<br \/>\n<\/h1>\n<p>La Fiat 500 cabriolet se distingue par son design \u00e9toil\u00e9. Un mod\u00e8le urbain d\u00e9capotable pour se mettre en valeur. Sa capote est en toile et se replie vers l&rsquo;arri\u00e8re. Sans oublier le syst\u00e8me de climatisation du v\u00e9hicule, capable de faire face aux journ\u00e9es d&rsquo;\u00e9t\u00e9 les plus chaudes.<\/p>\n<p>Pouvant accueillir jusqu&rsquo;\u00e0 quatre passagers, c&rsquo;est le mod\u00e8le id\u00e9al pour profiter de la journ\u00e9e \u00e0 votre guise, capable de parcourir de longues distances, et savourer l&rsquo;instant pr\u00e9sent, ce qui importe vraiment, surtout lorsque vous visitez l&rsquo;\u00eele de Formentera.<\/p>\n<h2>Pourquoi louer une Fiat 500 Cabriolet\u00a0?<\/h2>\n<p>Parce qu&rsquo;elle est petite, facile \u00e0 conduire, facile \u00e0 garer, pratique et surtout, parce qu&rsquo;elle se trouve sur une \u00eele paradisiaque.<\/p>\n","protected":false},"excerpt":{"rendered":"<p>Louer Fiat 500C \u00e0 Formentera La Fiat 500 cabriolet se distingue par son design \u00e9toil\u00e9. Un mod\u00e8le urbain d\u00e9capotable pour [&hellip;]<\/p>\n","protected":false},"featured_media":17506,"comment_status":"closed","ping_status":"closed","template":"","meta":{"_acf_changed":false},"product_cat":[442],"product_tag":[],"class_list":{"0":"post-18117","1":"product","2":"type-product","3":"status-publish","4":"has-post-thumbnail","6":"product_cat-voitures","8":"first","9":"instock","10":"sale","11":"purchasable","12":"product-type-simple"},"acf":[],"_links":{"self":[{"href":"https:\/\/formotor.com\/fr\/wp-json\/wp\/v2\/product\/18117","targetHints":{"allow":["GET"]}}],"collection":[{"href":"https:\/\/formotor.com\/fr\/wp-json\/wp\/v2\/product"}],"about":[{"href":"https:\/\/formotor.com\/fr\/wp-json\/wp\/v2\/types\/product"}],"replies":[{"embeddable":true,"href":"https:\/\/formotor.com\/fr\/wp-json\/wp\/v2\/comments?post=18117"}],"wp:featuredmedia":[{"embeddable":true,"href":"https:\/\/formotor.com\/fr\/wp-json\/wp\/v2\/media\/17506"}],"wp:attachment":[{"href":"https:\/\/formotor.com\/fr\/wp-json\/wp\/v2\/media?parent=18117"}],"wp:term":[{"taxonomy":"product_cat","embeddable":true,"href":"https:\/\/formotor.com\/fr\/wp-json\/wp\/v2\/product_cat?post=18117"},{"taxonomy":"product_tag","embeddable":true,"href":"https:\/\/formotor.com\/fr\/wp-json\/wp\/v2\/product_tag?post=18117"}],"curies":[{"name":"wp","href":"https:\/\/api.w.org\/{rel}","templated":true}]}}