{"id":18116,"date":"2021-01-27T17:08:41","date_gmt":"2021-01-27T16:08:41","guid":{"rendered":"https:\/\/formotor.com\/flota\/non%20class\u00e9\/piaggio-liberty-125-cc-ou-similaire\/"},"modified":"2024-07-01T00:00:50","modified_gmt":"2024-06-30T23:00:50","slug":"piaggio-liberty-125cc-o-similar-con-baul","status":"publish","type":"product","link":"https:\/\/formotor.com\/fr\/flotte\/moto\/piaggio-liberty-125cc-o-similar-con-baul\/","title":{"rendered":"Piaggio Liberty 125 cc ou similaire"},"content":{"rendered":"<h1>Louer un Piaggio Liberty \u00e0 Formentera<\/h1>\n<p>Pendant des ann\u00e9es, les mod\u00e8les Liberty ont \u00e9t\u00e9 consid\u00e9r\u00e9s comme les mod\u00e8les les plus r\u00e9ussis de Piaggio dans le monde entier. Un scooter \u00e9l\u00e9gant, \u00e0 roues hautes, avec une d\u00e9marche \u00e9conomique. Il comprend \u00e9galement un coffre pratique pour transporter vos affaires l\u00e0 o\u00f9 vous le souhaitez.<\/p>\n<p>Le Liberty 125 cc se conduit facilement, en douceur, silencieusement et en toute s\u00e9curit\u00e9, quelles que soient les conditions de route. Sans oublier la possibilit\u00e9 d&#8217;emmener une personne avec vous lors de votre voyage puisqu&rsquo;il peut accueillir jusqu&rsquo;\u00e0 2 personnes. Sa solide base technologique garantit la s\u00e9curit\u00e9.<\/p>\n<p>Une exp\u00e9rience de conduite agr\u00e9able pour se d\u00e9placer avec aisance sur l&rsquo;\u00eele de Formentera.<\/p>\n<h2>Pourquoi louer un Liberty\u00a0?<\/h2>\n<p>Si vous aimez la mobilit\u00e9 et la facilit\u00e9 de conduite d&rsquo;une moto&#8230; C&rsquo;est le scooter qu&rsquo;il vous faut, pratique, maniable et avec la possibilit\u00e9 de ranger deux casques.<\/p>\n<p><img decoding=\"async\" class=\"alignnone size-full wp-image-19409\" src=\"https:\/\/formotor.com\/wp-content\/uploads\/2021\/01\/frase-oficinas-Formotor-1_page-0001-scaled.webp\" alt=\"\" width=\"2560\" height=\"615\" srcset=\"https:\/\/formotor.com\/wp-content\/uploads\/2021\/01\/frase-oficinas-Formotor-1_page-0001-scaled.webp 2560w, https:\/\/formotor.com\/wp-content\/uploads\/2021\/01\/frase-oficinas-Formotor-1_page-0001-300x72.webp 300w, https:\/\/formotor.com\/wp-content\/uploads\/2021\/01\/frase-oficinas-Formotor-1_page-0001-1024x246.webp 1024w, https:\/\/formotor.com\/wp-content\/uploads\/2021\/01\/frase-oficinas-Formotor-1_page-0001-768x184.webp 768w, https:\/\/formotor.com\/wp-content\/uploads\/2021\/01\/frase-oficinas-Formotor-1_page-0001-1536x369.webp 1536w, https:\/\/formotor.com\/wp-content\/uploads\/2021\/01\/frase-oficinas-Formotor-1_page-0001-2048x492.webp 2048w, https:\/\/formotor.com\/wp-content\/uploads\/2021\/01\/frase-oficinas-Formotor-1_page-0001-600x144.webp 600w\" sizes=\"(max-width: 2560px) 100vw, 2560px\" \/><\/p>\n","protected":false},"excerpt":{"rendered":"<p>Louer un Piaggio Liberty \u00e0 Formentera Pendant des ann\u00e9es, les mod\u00e8les Liberty ont \u00e9t\u00e9 consid\u00e9r\u00e9s comme les mod\u00e8les les plus [&hellip;]<\/p>\n","protected":false},"featured_media":19419,"comment_status":"closed","ping_status":"closed","template":"","meta":{"_acf_changed":false},"product_cat":[457],"product_tag":[],"class_list":{"0":"post-18116","1":"product","2":"type-product","3":"status-publish","4":"has-post-thumbnail","6":"product_cat-moto","8":"first","9":"instock","10":"sale","11":"purchasable","12":"product-type-simple"},"acf":[],"_links":{"self":[{"href":"https:\/\/formotor.com\/fr\/wp-json\/wp\/v2\/product\/18116","targetHints":{"allow":["GET"]}}],"collection":[{"href":"https:\/\/formotor.com\/fr\/wp-json\/wp\/v2\/product"}],"about":[{"href":"https:\/\/formotor.com\/fr\/wp-json\/wp\/v2\/types\/product"}],"replies":[{"embeddable":true,"href":"https:\/\/formotor.com\/fr\/wp-json\/wp\/v2\/comments?post=18116"}],"wp:featuredmedia":[{"embeddable":true,"href":"https:\/\/formotor.com\/fr\/wp-json\/wp\/v2\/media\/19419"}],"wp:attachment":[{"href":"https:\/\/formotor.com\/fr\/wp-json\/wp\/v2\/media?parent=18116"}],"wp:term":[{"taxonomy":"product_cat","embeddable":true,"href":"https:\/\/formotor.com\/fr\/wp-json\/wp\/v2\/product_cat?post=18116"},{"taxonomy":"product_tag","embeddable":true,"href":"https:\/\/formotor.com\/fr\/wp-json\/wp\/v2\/product_tag?post=18116"}],"curies":[{"name":"wp","href":"https:\/\/api.w.org\/{rel}","templated":true}]}}