{"id":18115,"date":"2021-01-27T17:08:41","date_gmt":"2021-01-27T16:08:41","guid":{"rendered":"https:\/\/formotor.com\/flota\/non%20class\u00e9\/honda-vision-110-cc\/"},"modified":"2024-05-27T09:24:59","modified_gmt":"2024-05-27T08:24:59","slug":"honda-vision-110cc","status":"publish","type":"product","link":"https:\/\/formotor.com\/fr\/flotte\/moto\/honda-vision-110cc\/","title":{"rendered":"Honda Vision 110 cc"},"content":{"rendered":"<h1>Louer une Honda Vision \u00e0 Formentera<\/h1>\n<p>La Honda Vision 110\u00a0cc est un scooter \u00e0 roues hautes, qui se caract\u00e9rise par sa simplicit\u00e9 et le peu d&rsquo;entretien qu&rsquo;elle requiert Sa carrosserie compacte conserve le style mais pr\u00e9sente des formes plus affin\u00e9es. En termes d&rsquo;ergonomie, elle assure un haut niveau de confort pour les deux occupants.<\/p>\n<p>La Honda Vision 110\u00a0cc est l\u00e9g\u00e8re et facile \u00e0 conduire. Une excellente option \u00e0 envisager pour des vacances au soleil et pour se d\u00e9placer entre les plages de Formentera.<\/p>\n<h2>Pourquoi louer une Honda Vision\u00a0?<\/h2>\n<p>Parce que c&rsquo;est une petite moto, l\u00e9g\u00e8re et super pratique \u00e0 conduire.<\/p>\n","protected":false},"excerpt":{"rendered":"<p>Louer une Honda Vision \u00e0 Formentera La Honda Vision 110\u00a0cc est un scooter \u00e0 roues hautes, qui se caract\u00e9rise par [&hellip;]<\/p>\n","protected":false},"featured_media":19429,"comment_status":"closed","ping_status":"closed","template":"","meta":{"_acf_changed":false},"product_cat":[457],"product_tag":[],"class_list":{"0":"post-18115","1":"product","2":"type-product","3":"status-publish","4":"has-post-thumbnail","6":"product_cat-moto","8":"first","9":"instock","10":"sale","11":"purchasable","12":"product-type-simple"},"acf":[],"_links":{"self":[{"href":"https:\/\/formotor.com\/fr\/wp-json\/wp\/v2\/product\/18115","targetHints":{"allow":["GET"]}}],"collection":[{"href":"https:\/\/formotor.com\/fr\/wp-json\/wp\/v2\/product"}],"about":[{"href":"https:\/\/formotor.com\/fr\/wp-json\/wp\/v2\/types\/product"}],"replies":[{"embeddable":true,"href":"https:\/\/formotor.com\/fr\/wp-json\/wp\/v2\/comments?post=18115"}],"wp:featuredmedia":[{"embeddable":true,"href":"https:\/\/formotor.com\/fr\/wp-json\/wp\/v2\/media\/19429"}],"wp:attachment":[{"href":"https:\/\/formotor.com\/fr\/wp-json\/wp\/v2\/media?parent=18115"}],"wp:term":[{"taxonomy":"product_cat","embeddable":true,"href":"https:\/\/formotor.com\/fr\/wp-json\/wp\/v2\/product_cat?post=18115"},{"taxonomy":"product_tag","embeddable":true,"href":"https:\/\/formotor.com\/fr\/wp-json\/wp\/v2\/product_tag?post=18115"}],"curies":[{"name":"wp","href":"https:\/\/api.w.org\/{rel}","templated":true}]}}