{"id":18114,"date":"2021-01-27T17:08:41","date_gmt":"2021-01-27T16:08:41","guid":{"rendered":"https:\/\/formotor.com\/flota\/non%20class\u00e9\/wrangler-4pax\/"},"modified":"2024-07-01T00:00:51","modified_gmt":"2024-06-30T23:00:51","slug":"wrangler-4pax","status":"publish","type":"product","link":"https:\/\/formotor.com\/fr\/flotte\/voitures\/wrangler-4pax\/","title":{"rendered":"Wrangler 4Pax"},"content":{"rendered":"<h1>Louer une Wrangler 4Pax \u00e0 Formentera<br \/>\n<\/h1>\n<p>Sans aucun doute, un v\u00e9ritable tout-terrain. La Jeep Wrangler incarne la robustesse, la r\u00e9sistance mais aussi le raffinement d&rsquo;une voiture.<\/p>\n<p>Le Wrangler 4Pax peut accueillir jusqu&rsquo;\u00e0 4 personnes. On y acc\u00e8de par l&rsquo;une des trois portes de la Jeep (2 portes de chaque c\u00f4t\u00e9 et un hayon).<\/p>\n<p>Le v\u00e9hicule le plus performant en tout-terrain, avec un habitacle silencieux qui rend la conduite et les trajets sur route les plus agr\u00e9ables.<\/p>\n<h2>Pourquoi louer une Wrangler 4Pax\u00a0?<\/h2>\n<p>C&rsquo;est le v\u00e9hicule de luxe par excellence sur l&rsquo;\u00eele. Si vous ne voulez pas que votre pr\u00e9sence passe inaper\u00e7ue, c&rsquo;est le v\u00e9hicule qu&rsquo;il vous faut&#8230; Ce v\u00e9hicule 4&#215;4 \u00e0 toit ouvert vous permettra de profiter de l&rsquo;\u00eele dans le plus grand confort et en contact avec la nature tout au long de la journ\u00e9e.<\/p>\n","protected":false},"excerpt":{"rendered":"<p>Louer une Wrangler 4Pax \u00e0 Formentera Sans aucun doute, un v\u00e9ritable tout-terrain. La Jeep Wrangler incarne la robustesse, la r\u00e9sistance [&hellip;]<\/p>\n","protected":false},"featured_media":17472,"comment_status":"closed","ping_status":"closed","template":"","meta":{"_acf_changed":false},"product_cat":[442],"product_tag":[],"class_list":{"0":"post-18114","1":"product","2":"type-product","3":"status-publish","4":"has-post-thumbnail","6":"product_cat-voitures","8":"first","9":"instock","10":"sale","11":"purchasable","12":"product-type-simple"},"acf":[],"_links":{"self":[{"href":"https:\/\/formotor.com\/fr\/wp-json\/wp\/v2\/product\/18114","targetHints":{"allow":["GET"]}}],"collection":[{"href":"https:\/\/formotor.com\/fr\/wp-json\/wp\/v2\/product"}],"about":[{"href":"https:\/\/formotor.com\/fr\/wp-json\/wp\/v2\/types\/product"}],"replies":[{"embeddable":true,"href":"https:\/\/formotor.com\/fr\/wp-json\/wp\/v2\/comments?post=18114"}],"wp:featuredmedia":[{"embeddable":true,"href":"https:\/\/formotor.com\/fr\/wp-json\/wp\/v2\/media\/17472"}],"wp:attachment":[{"href":"https:\/\/formotor.com\/fr\/wp-json\/wp\/v2\/media?parent=18114"}],"wp:term":[{"taxonomy":"product_cat","embeddable":true,"href":"https:\/\/formotor.com\/fr\/wp-json\/wp\/v2\/product_cat?post=18114"},{"taxonomy":"product_tag","embeddable":true,"href":"https:\/\/formotor.com\/fr\/wp-json\/wp\/v2\/product_tag?post=18114"}],"curies":[{"name":"wp","href":"https:\/\/api.w.org\/{rel}","templated":true}]}}