{"id":18113,"date":"2021-01-27T17:08:41","date_gmt":"2021-01-27T16:08:41","guid":{"rendered":"https:\/\/formotor.com\/flota\/non%20class\u00e9\/ford-tourneo-connect\/"},"modified":"2024-09-30T07:52:42","modified_gmt":"2024-09-30T06:52:42","slug":"peugeot-5008","status":"publish","type":"product","link":"https:\/\/formotor.com\/fr\/flotte\/voitures\/peugeot-5008\/","title":{"rendered":"Peugeot 5008"},"content":{"rendered":"<h1>Louer une Peugeot 5008 \u00e0 Formentera<br \/>\n<\/h1>\n<p>Issue de la gamme Peugeot, le Peugeot 5008 poss\u00e8de un \u00e9norme coffre et un habitacle tr\u00e8s spacieux.<\/p>\n<p>Ext\u00e9rieurement, elle pr\u00e9sente un design plus net gr\u00e2ce \u00e0 des lignes plus marqu\u00e9es. De plus, son int\u00e9rieur offre un rembourrage avec des mat\u00e9riaux plus \u00e9l\u00e9gants et r\u00e9sistants.<\/p>\n<p>La conduite de ce mod\u00e8le est satisfaisante \u00e0 tous \u00e9gards. Un v\u00e9hicule recommand\u00e9, spacieux, pratique et au meilleur prix. D\u00e9couvrez la Peugeot 5008, en visitant les lieux les plus embl\u00e9matiques de Formentera.<\/p>\n<h2>Pourquoi louer une Peugeot 5008\u00a0?<\/h2>\n<p>Monospace 7 places, id\u00e9al si vous voulez passer des vacances en groupe ou avec votre famille nombreuse.<\/p>\n","protected":false},"excerpt":{"rendered":"<p>Louer une Peugeot 5008 \u00e0 Formentera Issue de la gamme Peugeot, le Peugeot 5008 poss\u00e8de un \u00e9norme coffre et un [&hellip;]<\/p>\n","protected":false},"featured_media":19329,"comment_status":"closed","ping_status":"closed","template":"","meta":{"_acf_changed":false},"product_cat":[442],"product_tag":[],"class_list":{"0":"post-18113","1":"product","2":"type-product","3":"status-publish","4":"has-post-thumbnail","6":"product_cat-voitures","8":"first","9":"instock","10":"purchasable","11":"product-type-simple"},"acf":[],"_links":{"self":[{"href":"https:\/\/formotor.com\/fr\/wp-json\/wp\/v2\/product\/18113","targetHints":{"allow":["GET"]}}],"collection":[{"href":"https:\/\/formotor.com\/fr\/wp-json\/wp\/v2\/product"}],"about":[{"href":"https:\/\/formotor.com\/fr\/wp-json\/wp\/v2\/types\/product"}],"replies":[{"embeddable":true,"href":"https:\/\/formotor.com\/fr\/wp-json\/wp\/v2\/comments?post=18113"}],"wp:featuredmedia":[{"embeddable":true,"href":"https:\/\/formotor.com\/fr\/wp-json\/wp\/v2\/media\/19329"}],"wp:attachment":[{"href":"https:\/\/formotor.com\/fr\/wp-json\/wp\/v2\/media?parent=18113"}],"wp:term":[{"taxonomy":"product_cat","embeddable":true,"href":"https:\/\/formotor.com\/fr\/wp-json\/wp\/v2\/product_cat?post=18113"},{"taxonomy":"product_tag","embeddable":true,"href":"https:\/\/formotor.com\/fr\/wp-json\/wp\/v2\/product_tag?post=18113"}],"curies":[{"name":"wp","href":"https:\/\/api.w.org\/{rel}","templated":true}]}}