{"id":18111,"date":"2021-01-27T18:08:41","date_gmt":"2021-01-27T17:08:41","guid":{"rendered":"https:\/\/formotor.com\/flota\/non%20class\u00e9\/fiat-500-l-a-ou-similaire\/"},"modified":"2024-07-01T00:00:50","modified_gmt":"2024-06-30T23:00:50","slug":"v-t-cross-automatico-o-similar","status":"publish","type":"product","link":"https:\/\/formotor.com\/fr\/flotte\/voitures\/v-t-cross-automatico-o-similar\/","title":{"rendered":"V T-Cross A ou similaire"},"content":{"rendered":"<h1>Louer une Volkswagen T-Cross Automatique \u00e0 Formentera<br \/>\n<\/h1>\n<p>Pouvant accueillir jusqu&rsquo;\u00e0 5 personnes, ce magnifique monospace a un design attrayant, des couleurs bien assorties et un grand espace. Accessible par n&rsquo;importe laquelle des cinq portes (deux de chaque c\u00f4t\u00e9 et un hayon), elle donne une impression d&rsquo;espace et de confort.<\/p>\n<p>Esth\u00e9tiquement, elle ressemble au c\u00e9l\u00e8bre mod\u00e8le Volkswagen T-Cross. Le coffre et l&rsquo;espace passagers sont ses points forts<\/p>\n<p>Avec sa personnalit\u00e9 aventureuse et sa particularit\u00e9 qui la distingue de ses concurrents, ce mod\u00e8le exclusif de la gamme Fiat vous garantit des vacances de r\u00eave sur l&rsquo;\u00eele de Formentera.<\/p>\n<h2>Pourquoi louer une Volkswagen T-Cross Automatique\u00a0?<\/h2>\n<p>Parce que c&rsquo;est un v\u00e9hicule tr\u00e8s spacieux et confortable qui vous permet de vous d\u00e9placer avec tout le n\u00e9cessaire, sans avoir \u00e0 choisir ou \u00e0 renoncer&#8230;<\/p>\n","protected":false},"excerpt":{"rendered":"<p>Louer une Volkswagen T-Cross Automatique \u00e0 Formentera Pouvant accueillir jusqu&rsquo;\u00e0 5 personnes, ce magnifique monospace a un design attrayant, des [&hellip;]<\/p>\n","protected":false},"featured_media":18555,"comment_status":"closed","ping_status":"closed","template":"","meta":{"_acf_changed":false},"product_cat":[442],"product_tag":[],"class_list":{"0":"post-18111","1":"product","2":"type-product","3":"status-publish","4":"has-post-thumbnail","6":"product_cat-voitures","8":"first","9":"instock","10":"sale","11":"purchasable","12":"product-type-simple"},"acf":[],"_links":{"self":[{"href":"https:\/\/formotor.com\/fr\/wp-json\/wp\/v2\/product\/18111","targetHints":{"allow":["GET"]}}],"collection":[{"href":"https:\/\/formotor.com\/fr\/wp-json\/wp\/v2\/product"}],"about":[{"href":"https:\/\/formotor.com\/fr\/wp-json\/wp\/v2\/types\/product"}],"replies":[{"embeddable":true,"href":"https:\/\/formotor.com\/fr\/wp-json\/wp\/v2\/comments?post=18111"}],"wp:featuredmedia":[{"embeddable":true,"href":"https:\/\/formotor.com\/fr\/wp-json\/wp\/v2\/media\/18555"}],"wp:attachment":[{"href":"https:\/\/formotor.com\/fr\/wp-json\/wp\/v2\/media?parent=18111"}],"wp:term":[{"taxonomy":"product_cat","embeddable":true,"href":"https:\/\/formotor.com\/fr\/wp-json\/wp\/v2\/product_cat?post=18111"},{"taxonomy":"product_tag","embeddable":true,"href":"https:\/\/formotor.com\/fr\/wp-json\/wp\/v2\/product_tag?post=18111"}],"curies":[{"name":"wp","href":"https:\/\/api.w.org\/{rel}","templated":true}]}}