{"id":18110,"date":"2021-01-27T17:08:41","date_gmt":"2021-01-27T16:08:41","guid":{"rendered":"https:\/\/formotor.com\/flota\/non%20class\u00e9\/fiat-500-l-ou-similaire\/"},"modified":"2024-07-01T00:00:51","modified_gmt":"2024-06-30T23:00:51","slug":"fiat-500l-o-similar-2","status":"publish","type":"product","link":"https:\/\/formotor.com\/fr\/flotte\/voitures\/fiat-500l-o-similar-2\/","title":{"rendered":"Fiat 500 L ou similaire"},"content":{"rendered":"<h1>Louer une Fiat 500 L \u00e0 Formentera<br \/>\n<\/h1>\n<p>Un monospace esth\u00e9tiquement urbain et raffin\u00e9 de style r\u00e9tro, adapt\u00e9 au bien-\u00eatre et au confort de ses occupants. La Fiat 500 L peut accueillir jusqu&rsquo;\u00e0 5 personnes. Pour plus de libert\u00e9, ce m\u00eame v\u00e9hicule dispose de 5 portes et d&rsquo;un coffre spacieux de 455 litres.<\/p>\n<p>D&rsquo;un seul coup d&rsquo;\u0153il, nous pouvons reconna\u00eetre sa personnalit\u00e9 gr\u00e2ce \u00e0 sa carrosserie, sa palette de couleurs et sa pr\u00e9sence imposante, sans oublier ses origines Fiat 500. Une option \u00e0 prendre en compte lors de vos vacances \u00e0 Formentera.<\/p>\n<h2>Pourquoi louer une Fiat 500\u00a0L\u00a0?<\/h2>\n<p>Parce que c&rsquo;est un v\u00e9hicule tr\u00e8s spacieux et confortable qui vous permet de vous d\u00e9placer avec tout le n\u00e9cessaire, sans avoir \u00e0 choisir ou \u00e0 renoncer&#8230;<\/p>\n","protected":false},"excerpt":{"rendered":"<p>Louer une Fiat 500 L \u00e0 Formentera Un monospace esth\u00e9tiquement urbain et raffin\u00e9 de style r\u00e9tro, adapt\u00e9 au bien-\u00eatre et [&hellip;]<\/p>\n","protected":false},"featured_media":17502,"comment_status":"closed","ping_status":"closed","template":"","meta":{"_acf_changed":false},"product_cat":[442],"product_tag":[],"class_list":{"0":"post-18110","1":"product","2":"type-product","3":"status-publish","4":"has-post-thumbnail","6":"product_cat-voitures","8":"first","9":"instock","10":"sale","11":"purchasable","12":"product-type-simple"},"acf":[],"_links":{"self":[{"href":"https:\/\/formotor.com\/fr\/wp-json\/wp\/v2\/product\/18110","targetHints":{"allow":["GET"]}}],"collection":[{"href":"https:\/\/formotor.com\/fr\/wp-json\/wp\/v2\/product"}],"about":[{"href":"https:\/\/formotor.com\/fr\/wp-json\/wp\/v2\/types\/product"}],"replies":[{"embeddable":true,"href":"https:\/\/formotor.com\/fr\/wp-json\/wp\/v2\/comments?post=18110"}],"wp:featuredmedia":[{"embeddable":true,"href":"https:\/\/formotor.com\/fr\/wp-json\/wp\/v2\/media\/17502"}],"wp:attachment":[{"href":"https:\/\/formotor.com\/fr\/wp-json\/wp\/v2\/media?parent=18110"}],"wp:term":[{"taxonomy":"product_cat","embeddable":true,"href":"https:\/\/formotor.com\/fr\/wp-json\/wp\/v2\/product_cat?post=18110"},{"taxonomy":"product_tag","embeddable":true,"href":"https:\/\/formotor.com\/fr\/wp-json\/wp\/v2\/product_tag?post=18110"}],"curies":[{"name":"wp","href":"https:\/\/api.w.org\/{rel}","templated":true}]}}