{"id":18109,"date":"2021-01-27T17:08:41","date_gmt":"2021-01-27T16:08:41","guid":{"rendered":"https:\/\/formotor.com\/flota\/non%20class\u00e9\/piaggio-vespa-lx-125-cc\/"},"modified":"2024-07-01T00:00:51","modified_gmt":"2024-06-30T23:00:51","slug":"piaggio-vespa-lx-125cc-2","status":"publish","type":"product","link":"https:\/\/formotor.com\/fr\/flotte\/moto\/piaggio-vespa-lx-125cc-2\/","title":{"rendered":"Piaggio Vespa LX 125\u00a0cc"},"content":{"rendered":"<h1>Louer une Piaggio Vespa LX \u00e0 Formentera<\/h1>\n<p>Le mod\u00e8le phare de la Vespa, \u00e9galement chez Formotor. La Piaggio Vespa LX 125 peut \u00eatre conduite avec un permis voiture. Sur le plan visuel, elle arbore une esth\u00e9tique classique et \u00e9l\u00e9gante, tout en permettant une bonne capacit\u00e9 de chargement gr\u00e2ce au compartiment de rangement sous le si\u00e8ge, aux sacoches et au porte-bagages.<\/p>\n<p>Sa stabilit\u00e9 \u00e9voque clairement celle d&rsquo;une Vespa\u00a0; elle privil\u00e9gie la maniabilit\u00e9 et un bon diam\u00e8tre de braquage. Elle se caract\u00e9rise par sa l\u00e9g\u00e8ret\u00e9, avec une capacit\u00e9 de r\u00e9servoir de carburant int\u00e9ressante, permettant une autonomie d&rsquo;environ 250km.<\/p>\n<p>En bref, une solution urbaine avec une touche classique et dynamique qui vous permettra de profiter de vos vacances sur l&rsquo;\u00eele de Formentera en couple ou entre amis.<\/p>\n<h2>Pourquoi louer une Piaggio Vespa LX\u00a0?<\/h2>\n<p>Tout le monde sait que le scooter est un symbole des vacances. Donc, si votre id\u00e9e est de passer des vacances de r\u00eave, ce v\u00e9hicule est fait pour vous.<\/p>\n<p><img decoding=\"async\" class=\"alignnone size-full wp-image-19409\" src=\"https:\/\/formotor.com\/wp-content\/uploads\/2021\/01\/frase-oficinas-Formotor-1_page-0001-scaled.webp\" alt=\"\" width=\"2560\" height=\"615\" srcset=\"https:\/\/formotor.com\/wp-content\/uploads\/2021\/01\/frase-oficinas-Formotor-1_page-0001-scaled.webp 2560w, https:\/\/formotor.com\/wp-content\/uploads\/2021\/01\/frase-oficinas-Formotor-1_page-0001-300x72.webp 300w, https:\/\/formotor.com\/wp-content\/uploads\/2021\/01\/frase-oficinas-Formotor-1_page-0001-1024x246.webp 1024w, https:\/\/formotor.com\/wp-content\/uploads\/2021\/01\/frase-oficinas-Formotor-1_page-0001-768x184.webp 768w, https:\/\/formotor.com\/wp-content\/uploads\/2021\/01\/frase-oficinas-Formotor-1_page-0001-1536x369.webp 1536w, https:\/\/formotor.com\/wp-content\/uploads\/2021\/01\/frase-oficinas-Formotor-1_page-0001-2048x492.webp 2048w, https:\/\/formotor.com\/wp-content\/uploads\/2021\/01\/frase-oficinas-Formotor-1_page-0001-600x144.webp 600w\" sizes=\"(max-width: 2560px) 100vw, 2560px\" \/><\/p>\n","protected":false},"excerpt":{"rendered":"<p>Louer une Piaggio Vespa LX \u00e0 Formentera Le mod\u00e8le phare de la Vespa, \u00e9galement chez Formotor. La Piaggio Vespa LX [&hellip;]<\/p>\n","protected":false},"featured_media":19446,"comment_status":"closed","ping_status":"closed","template":"","meta":{"_acf_changed":false},"product_cat":[457],"product_tag":[],"class_list":{"0":"post-18109","1":"product","2":"type-product","3":"status-publish","4":"has-post-thumbnail","6":"product_cat-moto","8":"first","9":"instock","10":"sale","11":"purchasable","12":"product-type-simple"},"acf":[],"_links":{"self":[{"href":"https:\/\/formotor.com\/fr\/wp-json\/wp\/v2\/product\/18109","targetHints":{"allow":["GET"]}}],"collection":[{"href":"https:\/\/formotor.com\/fr\/wp-json\/wp\/v2\/product"}],"about":[{"href":"https:\/\/formotor.com\/fr\/wp-json\/wp\/v2\/types\/product"}],"replies":[{"embeddable":true,"href":"https:\/\/formotor.com\/fr\/wp-json\/wp\/v2\/comments?post=18109"}],"wp:featuredmedia":[{"embeddable":true,"href":"https:\/\/formotor.com\/fr\/wp-json\/wp\/v2\/media\/19446"}],"wp:attachment":[{"href":"https:\/\/formotor.com\/fr\/wp-json\/wp\/v2\/media?parent=18109"}],"wp:term":[{"taxonomy":"product_cat","embeddable":true,"href":"https:\/\/formotor.com\/fr\/wp-json\/wp\/v2\/product_cat?post=18109"},{"taxonomy":"product_tag","embeddable":true,"href":"https:\/\/formotor.com\/fr\/wp-json\/wp\/v2\/product_tag?post=18109"}],"curies":[{"name":"wp","href":"https:\/\/api.w.org\/{rel}","templated":true}]}}