{"id":18054,"date":"2021-01-27T17:08:41","date_gmt":"2021-01-27T16:08:41","guid":{"rendered":"https:\/\/formotor.com\/flota\/non%20class\u00e9\/piaggio-typhoon-50-cc\/"},"modified":"2024-07-01T00:00:50","modified_gmt":"2024-06-30T23:00:50","slug":"piaggio-typhoon-50cc","status":"publish","type":"product","link":"https:\/\/formotor.com\/fr\/flotte\/moto\/piaggio-typhoon-50cc\/","title":{"rendered":"Piaggio Typhoon 50\u00a0cc"},"content":{"rendered":"<h1>Louer un Piaggio Typhoon \u00e0 Formentera<\/h1>\n<p>Existant depuis plus de 20 ans, le mod\u00e8le Piaggio Typhoon 50 est devenu une r\u00e9f\u00e9rence mythique. Il s&rsquo;agit d&rsquo;un scooter 50\u00a0cc avec moteur 2T qui r\u00e9pond \u00e0 la norme Euro4 gr\u00e2ce \u00e0 l&rsquo;utilisation d&rsquo;un carburateur \u00e9lectronique.<\/p>\n<p>Sur le plan visuel, il affiche une apparence robuste et dynamique, et il se distingue par son confort, notamment sur les routes cahoteuses. La capacit\u00e9 de chargement est un atout, puisqu&rsquo;il est possible de ranger un casque sous la selle.<\/p>\n<p>La praticit\u00e9 et la facilit\u00e9 d&rsquo;utilisation sont les caract\u00e9ristiques du Piaggio Typhoon 50, une ic\u00f4ne qui symbolise la libert\u00e9 et l&rsquo;authenticit\u00e9. Sans oublier la possibilit\u00e9 d&#8217;emmener une personne avec vous lors de votre voyage puisqu&rsquo;il peut accueillir 2 personnes. Plut\u00f4t pas mal pour des vacances \u00e0 Formentera.<\/p>\n<h2>Pourquoi louer un Piaggio Typhoon\u00a0?<\/h2>\n<p>Parce qu&rsquo;il vous permettra de parcourir l&rsquo;\u00eele \u00e0 un rythme diff\u00e9rent, tranquillement et en immersion totale dans la nature, en appr\u00e9ciant chaque d\u00e9tail.<\/p>\n<p><img decoding=\"async\" class=\"alignnone size-full wp-image-19409\" src=\"https:\/\/formotor.com\/wp-content\/uploads\/2021\/01\/frase-oficinas-Formotor-1_page-0001-scaled.webp\" alt=\"\" width=\"2560\" height=\"615\" srcset=\"https:\/\/formotor.com\/wp-content\/uploads\/2021\/01\/frase-oficinas-Formotor-1_page-0001-scaled.webp 2560w, https:\/\/formotor.com\/wp-content\/uploads\/2021\/01\/frase-oficinas-Formotor-1_page-0001-300x72.webp 300w, https:\/\/formotor.com\/wp-content\/uploads\/2021\/01\/frase-oficinas-Formotor-1_page-0001-1024x246.webp 1024w, https:\/\/formotor.com\/wp-content\/uploads\/2021\/01\/frase-oficinas-Formotor-1_page-0001-768x184.webp 768w, https:\/\/formotor.com\/wp-content\/uploads\/2021\/01\/frase-oficinas-Formotor-1_page-0001-1536x369.webp 1536w, https:\/\/formotor.com\/wp-content\/uploads\/2021\/01\/frase-oficinas-Formotor-1_page-0001-2048x492.webp 2048w, https:\/\/formotor.com\/wp-content\/uploads\/2021\/01\/frase-oficinas-Formotor-1_page-0001-600x144.webp 600w\" sizes=\"(max-width: 2560px) 100vw, 2560px\" \/><\/p>\n","protected":false},"excerpt":{"rendered":"<p>Louer un Piaggio Typhoon \u00e0 Formentera Existant depuis plus de 20 ans, le mod\u00e8le Piaggio Typhoon 50 est devenu une [&hellip;]<\/p>\n","protected":false},"featured_media":19436,"comment_status":"closed","ping_status":"closed","template":"","meta":{"_acf_changed":false},"product_cat":[457],"product_tag":[],"class_list":{"0":"post-18054","1":"product","2":"type-product","3":"status-publish","4":"has-post-thumbnail","6":"product_cat-moto","8":"first","9":"instock","10":"sale","11":"purchasable","12":"product-type-simple"},"acf":[],"_links":{"self":[{"href":"https:\/\/formotor.com\/fr\/wp-json\/wp\/v2\/product\/18054","targetHints":{"allow":["GET"]}}],"collection":[{"href":"https:\/\/formotor.com\/fr\/wp-json\/wp\/v2\/product"}],"about":[{"href":"https:\/\/formotor.com\/fr\/wp-json\/wp\/v2\/types\/product"}],"replies":[{"embeddable":true,"href":"https:\/\/formotor.com\/fr\/wp-json\/wp\/v2\/comments?post=18054"}],"wp:featuredmedia":[{"embeddable":true,"href":"https:\/\/formotor.com\/fr\/wp-json\/wp\/v2\/media\/19436"}],"wp:attachment":[{"href":"https:\/\/formotor.com\/fr\/wp-json\/wp\/v2\/media?parent=18054"}],"wp:term":[{"taxonomy":"product_cat","embeddable":true,"href":"https:\/\/formotor.com\/fr\/wp-json\/wp\/v2\/product_cat?post=18054"},{"taxonomy":"product_tag","embeddable":true,"href":"https:\/\/formotor.com\/fr\/wp-json\/wp\/v2\/product_tag?post=18054"}],"curies":[{"name":"wp","href":"https:\/\/api.w.org\/{rel}","templated":true}]}}