{"id":18053,"date":"2021-01-27T17:08:41","date_gmt":"2021-01-27T16:08:41","guid":{"rendered":"https:\/\/formotor.com\/flota\/non%20class\u00e9\/jeep-wrangler\/"},"modified":"2024-07-01T00:00:51","modified_gmt":"2024-06-30T23:00:51","slug":"jeep-wrangler","status":"publish","type":"product","link":"https:\/\/formotor.com\/fr\/flotte\/voitures\/jeep-wrangler\/","title":{"rendered":"Jeep Wrangler"},"content":{"rendered":"<h1>Louer une Jeep Wrangler \u00e0 Formentera<\/h1>\n<p>Le l\u00e9gendaire tout-terrain Jeep Wrangler, \u00e9galement disponible chez Formotor. Une voiture robuste et polyvalente, capable d&rsquo;aller l\u00e0 o\u00f9 la plupart des v\u00e9hicules ne peuvent pas aller, et avec un toit ouvrant.<\/p>\n<p>Le Jeep Wrangler peut accueillir jusqu&rsquo;\u00e0 5 personnes. La Wrangler reste un vrai 4&#215;4, aussi performant sur le terrain que sur la route. Une voiture pour vraiment profiter de la conduite la plus authentique sur l&rsquo;\u00eele de Formentera.<\/p>\n<h2>Pourquoi louer une Jeep Wrangler\u00a0?<\/h2>\n<p>C&rsquo;est le v\u00e9hicule de luxe par excellence sur l&rsquo;\u00eele. Si vous ne voulez pas que votre pr\u00e9sence passe inaper\u00e7ue, c&rsquo;est le v\u00e9hicule qu&rsquo;il vous faut&#8230; Ce v\u00e9hicule 4&#215;4 \u00e0 toit ouvert vous permettra de profiter de l&rsquo;\u00eele dans le plus grand confort et en contact avec la nature tout au long de la journ\u00e9e.<\/p>\n","protected":false},"excerpt":{"rendered":"<p>Louer une Jeep Wrangler \u00e0 Formentera Le l\u00e9gendaire tout-terrain Jeep Wrangler, \u00e9galement disponible chez Formotor. Une voiture robuste et polyvalente, [&hellip;]<\/p>\n","protected":false},"featured_media":17484,"comment_status":"closed","ping_status":"closed","template":"","meta":{"_acf_changed":false},"product_cat":[442],"product_tag":[],"class_list":{"0":"post-18053","1":"product","2":"type-product","3":"status-publish","4":"has-post-thumbnail","6":"product_cat-voitures","8":"first","9":"instock","10":"sale","11":"purchasable","12":"product-type-simple"},"acf":[],"_links":{"self":[{"href":"https:\/\/formotor.com\/fr\/wp-json\/wp\/v2\/product\/18053","targetHints":{"allow":["GET"]}}],"collection":[{"href":"https:\/\/formotor.com\/fr\/wp-json\/wp\/v2\/product"}],"about":[{"href":"https:\/\/formotor.com\/fr\/wp-json\/wp\/v2\/types\/product"}],"replies":[{"embeddable":true,"href":"https:\/\/formotor.com\/fr\/wp-json\/wp\/v2\/comments?post=18053"}],"wp:featuredmedia":[{"embeddable":true,"href":"https:\/\/formotor.com\/fr\/wp-json\/wp\/v2\/media\/17484"}],"wp:attachment":[{"href":"https:\/\/formotor.com\/fr\/wp-json\/wp\/v2\/media?parent=18053"}],"wp:term":[{"taxonomy":"product_cat","embeddable":true,"href":"https:\/\/formotor.com\/fr\/wp-json\/wp\/v2\/product_cat?post=18053"},{"taxonomy":"product_tag","embeddable":true,"href":"https:\/\/formotor.com\/fr\/wp-json\/wp\/v2\/product_tag?post=18053"}],"curies":[{"name":"wp","href":"https:\/\/api.w.org\/{rel}","templated":true}]}}