{"id":18052,"date":"2021-01-27T17:08:41","date_gmt":"2021-01-27T16:08:41","guid":{"rendered":"https:\/\/formotor.com\/flota\/non%20class\u00e9\/fiat-500-ou-similaire\/"},"modified":"2024-07-01T00:00:51","modified_gmt":"2024-06-30T23:00:51","slug":"fiat-500-o-similar","status":"publish","type":"product","link":"https:\/\/formotor.com\/fr\/flotte\/voitures\/fiat-500-o-similar\/","title":{"rendered":"Fiat 500 ou similaire"},"content":{"rendered":"<h1>Louer une Fiat 500C \u00e0 Formentera<\/h1>\n<p>Un mod\u00e8le expressif, dynamique et de renom, qui suscite la satisfaction d&rsquo;avoir fait le bon choix. La Fiat 500 peut accueillir jusqu&rsquo;\u00e0 4 personnes, et dispose de 3 portes (deux portes lat\u00e9rales et un hayon). Elle dispose \u00e9galement de la climatisation pour r\u00e9sister aux journ\u00e9es les plus chaudes.<\/p>\n<p>D&rsquo;apparence raffin\u00e9e et \u00e9l\u00e9gante, l&rsquo;attrait de la Fiat 500 se refl\u00e8te \u00e0 l&rsquo;avant et \u00e0 l&rsquo;arri\u00e8re. Les vacances sont plus agr\u00e9ables en louant une Fiat 500 sur l&rsquo;\u00eele de Formentera.<\/p>\n<h2>Pourquoi louer une Fiat 500\u00a0?<\/h2>\n<p>Parce qu&rsquo;elle est petite, facile \u00e0 manipuler, facile \u00e0 garer, pratique et surtout, elle rend bien sur les photos.<\/p>\n","protected":false},"excerpt":{"rendered":"<p>Louer une Fiat 500C \u00e0 Formentera Un mod\u00e8le expressif, dynamique et de renom, qui suscite la satisfaction d&rsquo;avoir fait le [&hellip;]<\/p>\n","protected":false},"featured_media":17504,"comment_status":"closed","ping_status":"closed","template":"","meta":{"_acf_changed":false},"product_cat":[442],"product_tag":[],"class_list":{"0":"post-18052","1":"product","2":"type-product","3":"status-publish","4":"has-post-thumbnail","6":"product_cat-voitures","8":"first","9":"instock","10":"sale","11":"purchasable","12":"product-type-simple"},"acf":[],"_links":{"self":[{"href":"https:\/\/formotor.com\/fr\/wp-json\/wp\/v2\/product\/18052","targetHints":{"allow":["GET"]}}],"collection":[{"href":"https:\/\/formotor.com\/fr\/wp-json\/wp\/v2\/product"}],"about":[{"href":"https:\/\/formotor.com\/fr\/wp-json\/wp\/v2\/types\/product"}],"replies":[{"embeddable":true,"href":"https:\/\/formotor.com\/fr\/wp-json\/wp\/v2\/comments?post=18052"}],"wp:featuredmedia":[{"embeddable":true,"href":"https:\/\/formotor.com\/fr\/wp-json\/wp\/v2\/media\/17504"}],"wp:attachment":[{"href":"https:\/\/formotor.com\/fr\/wp-json\/wp\/v2\/media?parent=18052"}],"wp:term":[{"taxonomy":"product_cat","embeddable":true,"href":"https:\/\/formotor.com\/fr\/wp-json\/wp\/v2\/product_cat?post=18052"},{"taxonomy":"product_tag","embeddable":true,"href":"https:\/\/formotor.com\/fr\/wp-json\/wp\/v2\/product_tag?post=18052"}],"curies":[{"name":"wp","href":"https:\/\/api.w.org\/{rel}","templated":true}]}}