{"id":992019,"date":"2026-03-19T12:55:10","date_gmt":"2026-03-19T12:55:10","guid":{"rendered":"https:\/\/formotor.developallin.com\/reservations\/"},"modified":"2026-05-11T08:18:45","modified_gmt":"2026-05-11T08:18:45","slug":"reservations","status":"publish","type":"page","link":"https:\/\/formotor.com\/fr\/reservations\/","title":{"rendered":"R\u00e9servations"},"content":{"rendered":"\t\t<div data-elementor-type=\"wp-page\" data-elementor-id=\"992019\" class=\"elementor elementor-992019 elementor-990881\" data-elementor-post-type=\"page\">\n\t\t\t\t<div class=\"elementor-element elementor-element-d1b907d e-flex e-con-boxed e-con e-parent\" data-id=\"d1b907d\" data-element_type=\"container\" data-e-type=\"container\" data-settings=\"{&quot;background_background&quot;:&quot;classic&quot;}\">\n\t\t\t\t\t<div class=\"e-con-inner\">\n\t\t<div class=\"elementor-element elementor-element-f44f7fb e-con-full e-flex e-con e-child\" data-id=\"f44f7fb\" data-element_type=\"container\" data-e-type=\"container\">\n\t\t\t\t<div class=\"elementor-element elementor-element-24387e0 elementor-widget__width-auto animated-fast elementor-invisible elementor-widget elementor-widget-heading\" data-id=\"24387e0\" data-element_type=\"widget\" data-e-type=\"widget\" data-settings=\"{&quot;_animation&quot;:&quot;fadeIn&quot;,&quot;_animation_delay&quot;:50}\" data-widget_type=\"heading.default\">\n\t\t\t\t<div class=\"elementor-widget-container\">\n\t\t\t\t\t<div class=\"elementor-heading-title elementor-size-default\">R\u00e9servations<\/div>\t\t\t\t<\/div>\n\t\t\t\t<\/div>\n\t\t\t\t<div class=\"elementor-element elementor-element-73e6068 elementor-widget elementor-widget-heading\" data-id=\"73e6068\" data-element_type=\"widget\" data-e-type=\"widget\" data-widget_type=\"heading.default\">\n\t\t\t\t<div class=\"elementor-widget-container\">\n\t\t\t\t\t<h1 class=\"elementor-heading-title elementor-size-default\">R\u00e9servation en ligne<\/h1>\t\t\t\t<\/div>\n\t\t\t\t<\/div>\n\t\t\t\t<div class=\"elementor-element elementor-element-2efb351 elementor-widget elementor-widget-text-editor\" data-id=\"2efb351\" data-element_type=\"widget\" data-e-type=\"widget\" data-widget_type=\"text-editor.default\">\n\t\t\t\t<div class=\"elementor-widget-container\">\n\t\t\t\t\t\t\t\t\t<p>R\u00e9servez votre v\u00e9hicule en ligne d\u00e8s maintenant, rapidement et facilement. FORMOTOR rent a car s\u2019appuie sur une vaste infrastructure \u00e0 FORMENTERA. Notre flotte de v\u00e9hicules de location est tr\u00e8s vari\u00e9e et pens\u00e9e pour vous permettre de profiter pleinement de vos vacances \u00e0 FORMENTERA.  <\/p>\t\t\t\t\t\t\t\t<\/div>\n\t\t\t\t<\/div>\n\t\t\t\t<\/div>\n\t\t\t\t\t<\/div>\n\t\t\t\t<\/div>\n\t\t<div class=\"elementor-element elementor-element-7c5fdb1 e-flex e-con-boxed e-con e-parent\" data-id=\"7c5fdb1\" data-element_type=\"container\" data-e-type=\"container\" data-settings=\"{&quot;background_background&quot;:&quot;classic&quot;}\">\n\t\t\t\t\t<div class=\"e-con-inner\">\n\t\t<div class=\"elementor-element elementor-element-6467f19 e-con-full e-flex e-con e-child\" data-id=\"6467f19\" data-element_type=\"container\" data-e-type=\"container\" data-settings=\"{&quot;background_background&quot;:&quot;classic&quot;}\">\n\t\t\t\t<div class=\"elementor-element elementor-element-82468b2 elementor-widget elementor-widget-heading\" data-id=\"82468b2\" data-element_type=\"widget\" data-e-type=\"widget\" data-widget_type=\"heading.default\">\n\t\t\t\t<div class=\"elementor-widget-container\">\n\t\t\t\t\t<h2 class=\"elementor-heading-title elementor-size-default\">Votre voyage \u00e0 Formentera commence ici<\/h2>\t\t\t\t<\/div>\n\t\t\t\t<\/div>\n\t\t\t\t<div class=\"elementor-element elementor-element-f110fc4 elementor-widget elementor-widget-shortcode\" data-id=\"f110fc4\" data-element_type=\"widget\" data-e-type=\"widget\" data-widget_type=\"shortcode.default\">\n\t\t\t\t<div class=\"elementor-widget-container\">\n\t\t\t\t\t\t\t<div class=\"elementor-shortcode\">\n<section class=\"mybooking mybooking-selector widget widget_mybooking_renting_engine_selector reservation-step  \">\n  <form\n    id=\"form-selector\"\n    class=\"mybooking-selector_form\"\n    name=\"widget_search_form\"\n    method=\"get\"\n    enctype=\"application\/x-www-form-urlencoded\">\n\n    \n    \n    \n    \n      <\/form>\n<\/section>\n<\/div>\n\t\t\t\t\t\t<\/div>\n\t\t\t\t<\/div>\n\t\t\t\t<\/div>\n\t\t\t\t\t<\/div>\n\t\t\t\t<\/div>\n\t\t<div class=\"elementor-element elementor-element-1134c4a e-flex e-con-boxed e-con e-parent\" data-id=\"1134c4a\" data-element_type=\"container\" data-e-type=\"container\" data-settings=\"{&quot;background_background&quot;:&quot;classic&quot;}\">\n\t\t\t\t\t<div class=\"e-con-inner\">\n\t\t<div class=\"elementor-element elementor-element-309c4f6 e-con-full e-flex e-con e-child\" data-id=\"309c4f6\" data-element_type=\"container\" data-e-type=\"container\" data-settings=\"{&quot;background_background&quot;:&quot;classic&quot;}\">\n\t\t\t\t<div class=\"elementor-element elementor-element-c663817 elementor-widget__width-inherit elementor-absolute lines-decor elementor-widget elementor-widget-image\" data-id=\"c663817\" data-element_type=\"widget\" data-e-type=\"widget\" data-settings=\"{&quot;_position&quot;:&quot;absolute&quot;}\" data-widget_type=\"image.default\">\n\t\t\t\t<div class=\"elementor-widget-container\">\n\t\t\t\t\t\t\t\t\t\t\t\t\t\t\t<img fetchpriority=\"high\" decoding=\"async\" width=\"800\" height=\"439\" src=\"https:\/\/formotor.com\/wp-content\/uploads\/2026\/03\/Untitled-2-1024x562.webp\" class=\"attachment-large size-large wp-image-991847\" alt=\"\" srcset=\"https:\/\/formotor.com\/wp-content\/uploads\/2026\/03\/Untitled-2-1024x562.webp 1024w, https:\/\/formotor.com\/wp-content\/uploads\/2026\/03\/Untitled-2-300x165.webp 300w, https:\/\/formotor.com\/wp-content\/uploads\/2026\/03\/Untitled-2-768x422.webp 768w, https:\/\/formotor.com\/wp-content\/uploads\/2026\/03\/Untitled-2-1536x843.webp 1536w, https:\/\/formotor.com\/wp-content\/uploads\/2026\/03\/Untitled-2-2048x1125.webp 2048w\" sizes=\"(max-width: 800px) 100vw, 800px\" \/>\t\t\t\t\t\t\t\t\t\t\t\t\t\t\t<\/div>\n\t\t\t\t<\/div>\n\t\t\t\t<div class=\"elementor-element elementor-element-20ec131 elementor-widget elementor-widget-heading\" data-id=\"20ec131\" data-element_type=\"widget\" data-e-type=\"widget\" data-widget_type=\"heading.default\">\n\t\t\t\t<div class=\"elementor-widget-container\">\n\t\t\t\t\t<h4 class=\"elementor-heading-title elementor-size-default\">Formentera est un paradis,<br>en prendre soin est notre responsabilit\u00e9<\/h4>\t\t\t\t<\/div>\n\t\t\t\t<\/div>\n\t\t\t\t<\/div>\n\t\t\t\t\t<\/div>\n\t\t\t\t<\/div>\n\t\t\t\t<\/div>\n\t\t","protected":false},"excerpt":{"rendered":"<p>R\u00e9servations R\u00e9servation en ligne R\u00e9servez votre v\u00e9hicule en ligne d\u00e8s maintenant, rapidement et facilement. FORMOTOR rent a car s\u2019appuie sur une vaste infrastructure \u00e0 FORMENTERA. Notre flotte de v\u00e9hicules de location est tr\u00e8s vari\u00e9e et pens\u00e9e pour vous permettre de profiter pleinement de vos vacances \u00e0 FORMENTERA. Votre voyage \u00e0 Formentera commence ici Formentera est [&hellip;]<\/p>\n","protected":false},"author":1,"featured_media":0,"parent":0,"menu_order":0,"comment_status":"closed","ping_status":"closed","template":"elementor_header_footer","meta":{"_acf_changed":false,"footnotes":""},"class_list":["post-992019","page","type-page","status-publish","hentry"],"acf":[],"_links":{"self":[{"href":"https:\/\/formotor.com\/fr\/wp-json\/wp\/v2\/pages\/992019","targetHints":{"allow":["GET"]}}],"collection":[{"href":"https:\/\/formotor.com\/fr\/wp-json\/wp\/v2\/pages"}],"about":[{"href":"https:\/\/formotor.com\/fr\/wp-json\/wp\/v2\/types\/page"}],"author":[{"embeddable":true,"href":"https:\/\/formotor.com\/fr\/wp-json\/wp\/v2\/users\/1"}],"replies":[{"embeddable":true,"href":"https:\/\/formotor.com\/fr\/wp-json\/wp\/v2\/comments?post=992019"}],"version-history":[{"count":1,"href":"https:\/\/formotor.com\/fr\/wp-json\/wp\/v2\/pages\/992019\/revisions"}],"predecessor-version":[{"id":992020,"href":"https:\/\/formotor.com\/fr\/wp-json\/wp\/v2\/pages\/992019\/revisions\/992020"}],"wp:attachment":[{"href":"https:\/\/formotor.com\/fr\/wp-json\/wp\/v2\/media?parent=992019"}],"curies":[{"name":"wp","href":"https:\/\/api.w.org\/{rel}","templated":true}]}}