{"id":991723,"date":"2026-04-01T08:47:51","date_gmt":"2026-04-01T08:47:51","guid":{"rendered":"https:\/\/formotor.developallin.com\/?page_id=991723"},"modified":"2026-04-21T11:03:36","modified_gmt":"2026-04-21T11:03:36","slug":"politique-dutilisation-des-cookies","status":"publish","type":"page","link":"https:\/\/formotor.com\/fr\/politique-dutilisation-des-cookies\/","title":{"rendered":"Politique d&rsquo;utilisation des cookies"},"content":{"rendered":"\n<p>Il s\u2019agit de la version officielle et juridiquement valable de la Politique de Confidentialit\u00e9 de FORMOTOR. En cas de divergence entre cette version et toute traduction dans d\u2019autres langues, le texte espagnol pr\u00e9vaudra toujours \u00e0 toutes fins l\u00e9gales.<\/p>\n\n\n\n<p><b>QUE SONT LES COOKIES ?<\/b><\/p>\n\n\n\n<p>Ce site web utilise des cookies et\/ou des technologies similaires qui stockent et r\u00e9cup\u00e8rent des informations lorsque vous naviguez. En g\u00e9n\u00e9ral, ces technologies peuvent servir \u00e0 des finalit\u00e9s tr\u00e8s diverses, comme, par exemple, vous reconna\u00eetre en tant qu\u2019utilisateur, obtenir des informations sur vos habitudes de navigation ou personnaliser la mani\u00e8re dont le contenu est affich\u00e9.&nbsp;Il existe des cookies qui sont contr\u00f4l\u00e9s et g\u00e9r\u00e9s par le titulaire m\u00eame du site web (appel\u00e9s \u00ab cookies propres \u00bb) et d\u2019autres qui le sont par des tiers (appel\u00e9s \u00ab cookies tiers \u00bb), par exemple parce que ceux-ci fournissent un outil ou une fonctionnalit\u00e9 int\u00e9gr\u00e9e au site web. Les usages concrets que nous faisons de ces technologies sont d\u00e9crits ci-dessous.<\/p>\n\n\n\n<p><b>QUELS TYPES DE COOKIES UTILISONS-NOUS ET \u00c0 QUELLES FINS ?<\/b><\/p>\n\n\n\n<p>Sur ce site web, nous utilisons les types de cookies suivants :<\/p>\n\n\n\n<ol class=\"wp-block-list\">\n<li><b>Cookies techniques ou indispensables \u00e0 la fourniture des services : <\/b>Il s\u2019agit de ceux qui permettent \u00e0 l\u2019utilisateur de naviguer sur une page web et d\u2019utiliser les diff\u00e9rentes options ou services qui y existent, y compris ceux qui sont utilis\u00e9s pour permettre la gestion et le fonctionnement de la page web et activer ses fonctions et services, comme, par exemple, contr\u00f4ler le trafic et la communication des donn\u00e9es, identifier la session, stocker des donn\u00e9es pour de futurs commentaires sur notre Blog, effectuer le processus de r\u00e9servation d\u2019un v\u00e9hicule, g\u00e9rer le paiement, contr\u00f4ler la fraude li\u00e9e \u00e0 la s\u00e9curit\u00e9 du service, utiliser des \u00e9l\u00e9ments de s\u00e9curit\u00e9 pendant la navigation, stocker des contenus pour la diffusion de vid\u00e9os ou de son, activer des contenus dynamiques (par exemple, animation de chargement d\u2019un texte ou d\u2019une image), partager des contenus via les r\u00e9seaux sociaux.<\/li>\n\n\n\n<li>Ces cookies sont exempt\u00e9s du respect des obligations \u00e9tablies \u00e0 l\u2019article 22.2 de la LSSI.<\/li>\n\n\n\n<li><b>Cookies de pr\u00e9f\u00e9rences ou de personnalisation : <\/b>Nous utilisons des cookies propres qui permettent de m\u00e9moriser des informations afin que l\u2019utilisateur acc\u00e8de au service avec certaines caract\u00e9ristiques pouvant diff\u00e9rencier son exp\u00e9rience de celle d\u2019autres utilisateurs, comme, par exemple, la langue, le nombre de r\u00e9sultats \u00e0 afficher lorsqu\u2019il effectue une recherche, l\u2019apparence ou le contenu du service selon le type de navigateur par lequel il acc\u00e8de au service ou selon la r\u00e9gion depuis laquelle il acc\u00e8de au service, etc.<\/li>\n\n\n\n<li><b>Cookies d\u2019analyse ou de mesure :<\/b> Nous utilisons des cookies tiers qui permettent de quantifier le nombre d\u2019utilisateurs et ainsi de r\u00e9aliser la mesure et l\u2019analyse statistique de l\u2019utilisation qu\u2019ils font du service propos\u00e9. \u00c0 cette fin, votre navigation sur notre site web est analys\u00e9e afin d\u2019am\u00e9liorer les produits ou services que nous vous offrons.<br><br>Les tiers qui traitent les informations obtenues avec ce type de cookies sont :\n<table>\n  <thead>\n    <tr>\n      <th>COOKIES<\/th>\n      <th>RESPONSABLE<\/th>\n      <th>+ INFO<\/th>\n    <\/tr>\n  <\/thead>\n  <tbody>\n    <tr>\n      <td>GOOGLE ANALYTICS<\/td>\n      <td>\n        Google, Inc., 1600 Amphitheatre Parkway. Mountain View, CA 94043. \u00c9tats-Unis.\n      <\/td>\n      <td>\n        Vous pouvez obtenir plus d\u2019informations sur le fonctionnement de GOOGLE ANALYTICS et les cookies utilis\u00e9s par ce service aux liens suivants :\n        <ul>\n          <li>\n            <a href=\"https:\/\/support.google.com\/analytics\/answer\/6004245\" rel=\"nofollow noopener\" target=\"_blank\">\n              https:\/\/support.google.com\/analytics\/answer\/6004245\n            <\/a>\n          <\/li>\n          <li>\n            <a href=\"http:\/\/www.google.com\/intl\/es\/policies\/privacy\/\" target=\"_blank\" rel=\"noopener\">\n              http:\/\/www.google.com\/intl\/es\/policies\/privacy\/\n            <\/a>\n          <\/li>\n        <\/ul>\n        Vous pouvez d\u00e9sactiver les cookies de GOOGLE ANALYTICS en installant dans votre navigateur le module compl\u00e9mentaire de d\u00e9sactivation cr\u00e9\u00e9 par Google et disponible au lien suivant :\n        <a href=\"https:\/\/tools.google.com\/dlpage\/gaoptout?hl=es\" rel=\"nofollow noopener\" target=\"_blank\">\n          https:\/\/tools.google.com\/dlpage\/gaoptout?hl=es\n        <\/a>\n      <\/td>\n    <\/tr>\n  <\/tbody>\n<\/table>\n\nPour accepter ou refuser ce type de cookies, acc\u00e9dez au panneau de configuration des cookies en cliquant sur le bouton Confidentialit\u00e9, qui appara\u00eet dans la partie inf\u00e9rieure droite de l\u2019\u00e9cran.<br><br><br><p><b>TRANSFERTS DE DONN\u00c9ES VERS DES PAYS TIERS<\/b><\/p><br><p>Vous pouvez vous informer sur les transferts vers des pays tiers que, le cas \u00e9ch\u00e9ant, r\u00e9alisent les tiers identifi\u00e9s dans cette politique de cookies dans leurs politiques respectives (voir les liens fournis dans la section \u00ab QUELS TYPES DE COOKIES UTILISONS-NOUS ET \u00c0 QUELLES FINS ? \u00bb).<\/p><br><p><b>DUR\u00c9E DE CONSERVATION DES DONN\u00c9ES<\/b><\/p><br><p>Certains cookies sont supprim\u00e9s une fois la navigation sur le site web termin\u00e9e (cookies de session), tandis que d\u2019autres peuvent rester stock\u00e9s sur l\u2019\u00e9quipement des utilisateurs et \u00eatre consult\u00e9s pendant une p\u00e9riode plus longue (cookies persistants).<\/p><br><p>Dur\u00e9e de conservation des cookies tiers : Vous pouvez vous informer sur les p\u00e9riodes de conservation des cookies des tiers identifi\u00e9s dans cette politique de cookies dans leurs politiques respectives (voir les liens fournis dans la section \u00ab QUELS TYPES DE COOKIES UTILISONS-NOUS ET \u00c0 QUELLES FINS ? \u00bb).<\/p><br><p><b>TRAITEMENTS DE DONN\u00c9ES PERSONNELLES ET DROITS DE LA PERSONNE CONCERN\u00c9E<\/b><\/p><br><p>L\u2019installation de cookies tiers peut impliquer la collecte de donn\u00e9es personnelles de navigation, telles que les adresses IP ou les identifiants en ligne, par ces entreprises \u00e0 des fins de marketing ou \u00e0 d\u2019autres fins relevant de leur responsabilit\u00e9. Vous pouvez vous informer sur les traitements de donn\u00e9es personnelles que, le cas \u00e9ch\u00e9ant, r\u00e9alisent les tiers identifi\u00e9s dans cette politique de cookies et sur la mani\u00e8re d\u2019exercer vos droits dans leurs politiques respectives (voir les liens fournis dans la section \u00ab QUELS TYPES DE COOKIES UTILISONS-NOUS ET \u00c0 QUELLES FINS ? \u00bb)<\/p><br><p>En ce qui nous concerne, les informations obtenues \u00e0 partir des cookies ne pourraient \u00eatre associ\u00e9es \u00e0 un utilisateur concret que dans le cas o\u00f9 cet utilisateur serait identifi\u00e9 sur le site web. Si tel est le cas, ces donn\u00e9es seront trait\u00e9es conform\u00e9ment \u00e0 ce qui est \u00e9tabli dans notre politique de confidentialit\u00e9 du site web.<\/p><br><p>\u00c0 tout moment, les utilisateurs concern\u00e9s pourront exercer leur droit de demander l\u2019acc\u00e8s, la rectification ou la suppression, la limitation du traitement et la portabilit\u00e9 de leurs donn\u00e9es, ainsi que de s\u2019opposer \u00e0 leur traitement et de pr\u00e9senter une r\u00e9clamation aupr\u00e8s d\u2019une autorit\u00e9 de contr\u00f4le. Plus d\u2019informations sur la protection des donn\u00e9es dans notre politique de confidentialit\u00e9.<\/p><br><p><b>COMMENT PUIS-JE G\u00c9RER LES COOKIES ?<\/b><\/p><br><p>Pour g\u00e9rer les cookies, acc\u00e9dez au panneau de configuration des cookies en cliquant sur le bouton  Confidentialit\u00e9, qui appara\u00eet dans la partie inf\u00e9rieure droite de l\u2019\u00e9cran.<\/p><br><p>Vous pouvez \u00e9galement autoriser ou bloquer les cookies, ainsi qu\u2019effacer vos donn\u00e9es de navigation depuis le navigateur que vous utilisez. Consultez les options et instructions propos\u00e9es par votre navigateur \u00e0 cet effet. Veuillez noter que, si vous acceptez les cookies tiers, vous devrez les supprimer depuis les options du navigateur.<\/p><br><p>En cas de d\u00e9sactivation des cookies, il se peut que vous ne puissiez pas utiliser toutes les fonctionnalit\u00e9s du site web.<\/p><br><\/li>\n<\/ol>\n","protected":false},"excerpt":{"rendered":"<p>Il s\u2019agit de la version officielle et juridiquement valable de la Politique de Confidentialit\u00e9 de FORMOTOR. En cas de divergence entre cette version et toute traduction dans d\u2019autres langues, le texte espagnol pr\u00e9vaudra toujours \u00e0 toutes fins l\u00e9gales. QUE SONT LES COOKIES ? Ce site web utilise des cookies et\/ou des technologies similaires qui stockent [&hellip;]<\/p>\n","protected":false},"author":1,"featured_media":0,"parent":0,"menu_order":0,"comment_status":"closed","ping_status":"closed","template":"","meta":{"_acf_changed":false,"footnotes":""},"class_list":["post-991723","page","type-page","status-publish","hentry"],"acf":[],"_links":{"self":[{"href":"https:\/\/formotor.com\/fr\/wp-json\/wp\/v2\/pages\/991723","targetHints":{"allow":["GET"]}}],"collection":[{"href":"https:\/\/formotor.com\/fr\/wp-json\/wp\/v2\/pages"}],"about":[{"href":"https:\/\/formotor.com\/fr\/wp-json\/wp\/v2\/types\/page"}],"author":[{"embeddable":true,"href":"https:\/\/formotor.com\/fr\/wp-json\/wp\/v2\/users\/1"}],"replies":[{"embeddable":true,"href":"https:\/\/formotor.com\/fr\/wp-json\/wp\/v2\/comments?post=991723"}],"version-history":[{"count":1,"href":"https:\/\/formotor.com\/fr\/wp-json\/wp\/v2\/pages\/991723\/revisions"}],"predecessor-version":[{"id":991724,"href":"https:\/\/formotor.com\/fr\/wp-json\/wp\/v2\/pages\/991723\/revisions\/991724"}],"wp:attachment":[{"href":"https:\/\/formotor.com\/fr\/wp-json\/wp\/v2\/media?parent=991723"}],"curies":[{"name":"wp","href":"https:\/\/api.w.org\/{rel}","templated":true}]}}