{"id":991636,"date":"2025-02-13T14:23:39","date_gmt":"2025-02-13T14:23:39","guid":{"rendered":"https:\/\/formotor.developallin.com\/?page_id=991636"},"modified":"2026-05-11T08:14:14","modified_gmt":"2026-05-11T08:14:14","slug":"contact","status":"publish","type":"page","link":"https:\/\/formotor.com\/fr\/contact\/","title":{"rendered":"Contact"},"content":{"rendered":"\t\t<div data-elementor-type=\"wp-page\" data-elementor-id=\"991636\" class=\"elementor elementor-991636 elementor-49\" data-elementor-post-type=\"page\">\n\t\t\t\t<div class=\"elementor-element elementor-element-9d4f9a8 e-flex e-con-boxed e-con e-parent\" data-id=\"9d4f9a8\" data-element_type=\"container\" data-e-type=\"container\" data-settings=\"{&quot;background_background&quot;:&quot;classic&quot;}\">\n\t\t\t\t\t<div class=\"e-con-inner\">\n\t\t<div class=\"elementor-element elementor-element-d4d0832 e-con-full e-flex e-con e-child\" data-id=\"d4d0832\" data-element_type=\"container\" data-e-type=\"container\">\n\t\t\t\t<div class=\"elementor-element elementor-element-369a65a elementor-widget__width-auto animated-fast elementor-invisible elementor-widget elementor-widget-heading\" data-id=\"369a65a\" data-element_type=\"widget\" data-e-type=\"widget\" data-settings=\"{&quot;_animation&quot;:&quot;fadeIn&quot;,&quot;_animation_delay&quot;:50}\" data-widget_type=\"heading.default\">\n\t\t\t\t<div class=\"elementor-widget-container\">\n\t\t\t\t\t<div class=\"elementor-heading-title elementor-size-default\">Contact<\/div>\t\t\t\t<\/div>\n\t\t\t\t<\/div>\n\t\t\t\t<div class=\"elementor-element elementor-element-078905a elementor-widget elementor-widget-heading\" data-id=\"078905a\" data-element_type=\"widget\" data-e-type=\"widget\" data-widget_type=\"heading.default\">\n\t\t\t\t<div class=\"elementor-widget-container\">\n\t\t\t\t\t<h1 class=\"elementor-heading-title elementor-size-default\">Contactez Formotor<\/h1>\t\t\t\t<\/div>\n\t\t\t\t<\/div>\n\t\t\t\t<div class=\"elementor-element elementor-element-161fda6 elementor-widget elementor-widget-text-editor\" data-id=\"161fda6\" data-element_type=\"widget\" data-e-type=\"widget\" data-widget_type=\"text-editor.default\">\n\t\t\t\t<div class=\"elementor-widget-container\">\n\t\t\t\t\t\t\t\t\t<p>Contactez-nous et commencez votre aventure \u00e0 Formentera<\/p>\t\t\t\t\t\t\t\t<\/div>\n\t\t\t\t<\/div>\n\t\t<div class=\"elementor-element elementor-element-68f5294 animated-fast e-con-full e-flex elementor-invisible e-con e-child\" data-id=\"68f5294\" data-element_type=\"container\" data-e-type=\"container\" data-settings=\"{&quot;animation&quot;:&quot;fadeIn&quot;,&quot;animation_delay&quot;:50}\">\n\t\t<div class=\"elementor-element elementor-element-41c2e26 e-con-full e-flex e-con e-child\" data-id=\"41c2e26\" data-element_type=\"container\" data-e-type=\"container\">\n\t\t\t\t<div class=\"elementor-element elementor-element-6bf94f6 elementor-view-stacked elementor-widget-mobile__width-initial elementor-shape-circle elementor-widget elementor-widget-icon\" data-id=\"6bf94f6\" data-element_type=\"widget\" data-e-type=\"widget\" data-widget_type=\"icon.default\">\n\t\t\t\t<div class=\"elementor-widget-container\">\n\t\t\t\t\t\t\t<div class=\"elementor-icon-wrapper\">\n\t\t\t<div class=\"elementor-icon\">\n\t\t\t<svg xmlns=\"http:\/\/www.w3.org\/2000\/svg\" viewBox=\"0 0 64 64\"><path d=\"M32 63c-11.67 0-23.48-2.94-23.48-8.55 0-3.57 4.9-6.41 13.45-7.79a1.39 1.39 0 1 1 .44 2.74c-7.22 1.16-11.12 3.47-11.12 5.05 0 2.35 8.07 5.77 20.71 5.77s20.71-3.42 20.71-5.78c0-1.58-3.9-3.89-11.12-5a1.39 1.39 0 1 1 .41-2.78c8.55 1.38 13.45 4.21 13.45 7.79C55.48 60.06 43.67 63 32 63Z\" style=\"fill:#2dd222\"><\/path><path d=\"M32 56a1.39 1.39 0 0 1-1.2-.69L15.6 29.1a18.72 18.72 0 0 1-1.6-3.39 18.66 18.66 0 0 1 5-19.57 19 19 0 0 1 31.87 12.24 18.12 18.12 0 0 1-2.52 10.75L33.19 55.29A1.39 1.39 0 0 1 32 56ZM18 27.71l14 24.12 14-24.09a15.35 15.35 0 0 0 2.15-9.16A16.21 16.21 0 0 0 20.86 8.16a15.88 15.88 0 0 0-4.22 16.66A16 16 0 0 0 18 27.71Z\" style=\"fill:#0025ff\"><\/path><path d=\"M32 29.9a9.56 9.56 0 1 1 9.64-9.56A9.61 9.61 0 0 1 32 29.9Zm0-16.35a6.79 6.79 0 1 0 6.87 6.79A6.84 6.84 0 0 0 32 13.55Z\" style=\"fill:#2dd222\"><\/path><\/svg>\t\t\t<\/div>\n\t\t<\/div>\n\t\t\t\t\t\t<\/div>\n\t\t\t\t<\/div>\n\t\t<div class=\"elementor-element elementor-element-8e0c57a e-con-full e-flex e-con e-child\" data-id=\"8e0c57a\" data-element_type=\"container\" data-e-type=\"container\">\n\t\t\t\t<div class=\"elementor-element elementor-element-36bd218 elementor-widget elementor-widget-heading\" data-id=\"36bd218\" data-element_type=\"widget\" data-e-type=\"widget\" data-widget_type=\"heading.default\">\n\t\t\t\t<div class=\"elementor-widget-container\">\n\t\t\t\t\t<div class=\"elementor-heading-title elementor-size-default\">Retrouvez-nous \u00e0 :<\/div>\t\t\t\t<\/div>\n\t\t\t\t<\/div>\n\t\t\t\t<div class=\"elementor-element elementor-element-90fc22a elementor-widget elementor-widget-text-editor\" data-id=\"90fc22a\" data-element_type=\"widget\" data-e-type=\"widget\" data-widget_type=\"text-editor.default\">\n\t\t\t\t<div class=\"elementor-widget-container\">\n\t\t\t\t\t\t\t\t\t<p>Carrer del Vapor Manolito, 07870 La Savina, (Formentera)<\/p>\t\t\t\t\t\t\t\t<\/div>\n\t\t\t\t<\/div>\n\t\t\t\t<\/div>\n\t\t\t\t<\/div>\n\t\t<div class=\"elementor-element elementor-element-39201bb e-con-full e-flex e-con e-child\" data-id=\"39201bb\" data-element_type=\"container\" data-e-type=\"container\">\n\t\t\t\t<div class=\"elementor-element elementor-element-334f9aa elementor-view-stacked elementor-widget-mobile__width-initial elementor-shape-circle elementor-widget elementor-widget-icon\" data-id=\"334f9aa\" data-element_type=\"widget\" data-e-type=\"widget\" data-widget_type=\"icon.default\">\n\t\t\t\t<div class=\"elementor-widget-container\">\n\t\t\t\t\t\t\t<div class=\"elementor-icon-wrapper\">\n\t\t\t<div class=\"elementor-icon\">\n\t\t\t<svg xmlns=\"http:\/\/www.w3.org\/2000\/svg\" viewBox=\"0 0 64 64\"><defs><style>.a{fill:#2dd222;}.b{fill:#0025ff;}<\/style><\/defs><title>icons-formotor<\/title><path class=\"a\" d=\"M55.88,25.88a1.7,1.7,0,0,1-1.64-1.26A21.11,21.11,0,0,0,39.38,9.76a1.7,1.7,0,1,1,.88-3.29A24.52,24.52,0,0,1,57.53,23.73a1.7,1.7,0,0,1-1.65,2.15Z\"><\/path><path class=\"a\" d=\"M47.11,28.23A1.7,1.7,0,0,1,45.47,27,12,12,0,0,0,37,18.53a1.7,1.7,0,0,1,.88-3.29A15.4,15.4,0,0,1,48.75,26.08a1.7,1.7,0,0,1-1.65,2.15Z\"><\/path><path class=\"b\" d=\"M44.53,59.77a40.34,40.34,0,0,1-40.3-40.3A15.36,15.36,0,0,1,17.62,4.26a4,4,0,0,1,4.14,2.38l5.7,13.3a4,4,0,0,1-.33,3.74L22.41,30.9a.55.55,0,0,0,0,.54A22.33,22.33,0,0,0,32.65,41.68a.54.54,0,0,0,.53,0l7.11-4.74a4,4,0,0,1,3.77-.35l13.29,5.7a4,4,0,0,1,2.38,4.12A15.36,15.36,0,0,1,44.53,59.77ZM18.11,7.64H18A11.94,11.94,0,0,0,7.64,19.47,36.93,36.93,0,0,0,44.53,56.36,12,12,0,0,0,56.36,45.95a.56.56,0,0,0-.34-.57l-13.3-5.7a.57.57,0,0,0-.54,0l-7.1,4.74a4,4,0,0,1-3.9.29A25.76,25.76,0,0,1,19.3,32.93h0A4,4,0,0,1,19.56,29l4.72-7.21a.57.57,0,0,0,0-.53L18.62,8A.57.57,0,0,0,18.11,7.64Z\"><\/path><\/svg>\t\t\t<\/div>\n\t\t<\/div>\n\t\t\t\t\t\t<\/div>\n\t\t\t\t<\/div>\n\t\t<div class=\"elementor-element elementor-element-fc585de e-con-full e-flex e-con e-child\" data-id=\"fc585de\" data-element_type=\"container\" data-e-type=\"container\">\n\t\t\t\t<div class=\"elementor-element elementor-element-fa8b4c6 elementor-widget elementor-widget-heading\" data-id=\"fa8b4c6\" data-element_type=\"widget\" data-e-type=\"widget\" data-widget_type=\"heading.default\">\n\t\t\t\t<div class=\"elementor-widget-container\">\n\t\t\t\t\t<div class=\"elementor-heading-title elementor-size-default\">Appelez-nous<\/div>\t\t\t\t<\/div>\n\t\t\t\t<\/div>\n\t\t\t\t<div class=\"elementor-element elementor-element-0f737a1 elementor-widget elementor-widget-heading\" data-id=\"0f737a1\" data-element_type=\"widget\" data-e-type=\"widget\" data-widget_type=\"heading.default\">\n\t\t\t\t<div class=\"elementor-widget-container\">\n\t\t\t\t\t<div class=\"elementor-heading-title elementor-size-default\"><a href=\"tel:+34971322929\">+34 971 32 29 29<\/a><\/div>\t\t\t\t<\/div>\n\t\t\t\t<\/div>\n\t\t\t\t<\/div>\n\t\t\t\t<\/div>\n\t\t<div class=\"elementor-element elementor-element-d78601a e-con-full e-flex e-con e-child\" data-id=\"d78601a\" data-element_type=\"container\" data-e-type=\"container\">\n\t\t\t\t<div class=\"elementor-element elementor-element-addab16 elementor-view-stacked elementor-widget-mobile__width-initial elementor-shape-circle elementor-widget elementor-widget-icon\" data-id=\"addab16\" data-element_type=\"widget\" data-e-type=\"widget\" data-widget_type=\"icon.default\">\n\t\t\t\t<div class=\"elementor-widget-container\">\n\t\t\t\t\t\t\t<div class=\"elementor-icon-wrapper\">\n\t\t\t<div class=\"elementor-icon\">\n\t\t\t<svg xmlns=\"http:\/\/www.w3.org\/2000\/svg\" viewBox=\"0 0 64 64\"><defs><style>.a{fill:#2dd222;}.b{fill:#0025ff;}<\/style><\/defs><title>icons-formotor<\/title><path class=\"a\" d=\"M32,38.16a1.68,1.68,0,0,1-1.14-.44L4,13.07a1.68,1.68,0,1,1,2.27-2.48L32,34.2,57.76,10.59A1.68,1.68,0,1,1,60,13.07L33.14,37.72A1.68,1.68,0,0,1,32,38.16Z\"><\/path><path class=\"b\" d=\"M56.66,53.85H7.34a3.93,3.93,0,0,1-3.92-3.92V11.83A1.68,1.68,0,0,1,5.1,10.15H58.9a1.68,1.68,0,0,1,1.68,1.68V49.93A3.93,3.93,0,0,1,56.66,53.85ZM6.78,13.51V49.93a.56.56,0,0,0,.56.56H56.66a.56.56,0,0,0,.56-.56V13.51Z\"><\/path><\/svg>\t\t\t<\/div>\n\t\t<\/div>\n\t\t\t\t\t\t<\/div>\n\t\t\t\t<\/div>\n\t\t<div class=\"elementor-element elementor-element-3682d09 e-con-full e-flex e-con e-child\" data-id=\"3682d09\" data-element_type=\"container\" data-e-type=\"container\">\n\t\t\t\t<div class=\"elementor-element elementor-element-16cae11 elementor-widget elementor-widget-heading\" data-id=\"16cae11\" data-element_type=\"widget\" data-e-type=\"widget\" data-widget_type=\"heading.default\">\n\t\t\t\t<div class=\"elementor-widget-container\">\n\t\t\t\t\t<div class=\"elementor-heading-title elementor-size-default\">\u00c9crivez-nous<\/div>\t\t\t\t<\/div>\n\t\t\t\t<\/div>\n\t\t\t\t<div class=\"elementor-element elementor-element-8982c55 elementor-widget elementor-widget-heading\" data-id=\"8982c55\" data-element_type=\"widget\" data-e-type=\"widget\" data-widget_type=\"heading.default\">\n\t\t\t\t<div class=\"elementor-widget-container\">\n\t\t\t\t\t<div class=\"elementor-heading-title elementor-size-default\"><a href=\"mailto:rent@formotor.com\">rent@formotor.com<\/a><\/div>\t\t\t\t<\/div>\n\t\t\t\t<\/div>\n\t\t\t\t<\/div>\n\t\t\t\t<\/div>\n\t\t\t\t<\/div>\n\t\t\t\t<\/div>\n\t\t\t\t\t<\/div>\n\t\t\t\t<\/div>\n\t\t<div class=\"elementor-element elementor-element-b08375e e-flex e-con-boxed e-con e-parent\" data-id=\"b08375e\" data-element_type=\"container\" data-e-type=\"container\">\n\t\t\t\t\t<div class=\"e-con-inner\">\n\t\t<div class=\"elementor-element elementor-element-f9cf383 e-con-full e-flex e-con e-child\" data-id=\"f9cf383\" data-element_type=\"container\" data-e-type=\"container\" data-settings=\"{&quot;background_background&quot;:&quot;classic&quot;}\">\n\t\t\t\t<div class=\"elementor-element elementor-element-f0e5e24 elementor-widget__width-auto animated-fast elementor-invisible elementor-widget elementor-widget-heading\" data-id=\"f0e5e24\" data-element_type=\"widget\" data-e-type=\"widget\" data-settings=\"{&quot;_animation&quot;:&quot;fadeIn&quot;,&quot;_animation_delay&quot;:50}\" data-widget_type=\"heading.default\">\n\t\t\t\t<div class=\"elementor-widget-container\">\n\t\t\t\t\t<div class=\"elementor-heading-title elementor-size-default\">Contactez-nous<\/div>\t\t\t\t<\/div>\n\t\t\t\t<\/div>\n\t\t\t\t<div class=\"elementor-element elementor-element-b9486ac animated-fast elementor-invisible elementor-widget elementor-widget-heading\" data-id=\"b9486ac\" data-element_type=\"widget\" data-e-type=\"widget\" data-settings=\"{&quot;_animation&quot;:&quot;fadeIn&quot;,&quot;_animation_delay&quot;:0}\" data-widget_type=\"heading.default\">\n\t\t\t\t<div class=\"elementor-widget-container\">\n\t\t\t\t\t<h3 class=\"elementor-heading-title elementor-size-default\">Formulaire de contact<\/h3>\t\t\t\t<\/div>\n\t\t\t\t<\/div>\n\t\t\t\t<div class=\"elementor-element elementor-element-c072691 animated-fast elementor-invisible elementor-widget elementor-widget-text-editor\" data-id=\"c072691\" data-element_type=\"widget\" data-e-type=\"widget\" data-settings=\"{&quot;_animation&quot;:&quot;fadeIn&quot;,&quot;_animation_delay&quot;:0}\" data-widget_type=\"text-editor.default\">\n\t\t\t\t<div class=\"elementor-widget-container\">\n\t\t\t\t\t\t\t\t\t<p>Vous avez une question ou un commentaire ?<br>Remplissez le formulaire ci-dessous et nous vous r\u00e9pondrons dans les plus brefs d\u00e9lais.<\/p>\t\t\t\t\t\t\t\t<\/div>\n\t\t\t\t<\/div>\n\t\t\t\t<div class=\"elementor-element elementor-element-475955b cf7-single-office elementor-widget elementor-widget-shortcode\" data-id=\"475955b\" data-element_type=\"widget\" data-e-type=\"widget\" data-widget_type=\"shortcode.default\">\n\t\t\t\t<div class=\"elementor-widget-container\">\n\t\t\t\t\t\t\t<div class=\"elementor-shortcode\">\n<div class=\"wpcf7 no-js\" id=\"wpcf7-f992386-o1\" lang=\"fr-FR\" dir=\"ltr\" data-wpcf7-id=\"992386\">\n<div class=\"screen-reader-response\"><p role=\"status\" aria-live=\"polite\" aria-atomic=\"true\"><\/p> <ul><\/ul><\/div>\n<form action=\"\/fr\/wp-json\/wp\/v2\/pages\/991636#wpcf7-f992386-o1\" method=\"post\" class=\"wpcf7-form init\" aria-label=\"Formulaire de contact\" novalidate=\"novalidate\" data-status=\"init\">\n<fieldset class=\"hidden-fields-container\"><input type=\"hidden\" name=\"_wpcf7\" value=\"992386\" \/><input type=\"hidden\" name=\"_wpcf7_version\" value=\"6.1.5\" \/><input type=\"hidden\" name=\"_wpcf7_locale\" value=\"fr_FR\" \/><input type=\"hidden\" name=\"_wpcf7_unit_tag\" value=\"wpcf7-f992386-o1\" \/><input type=\"hidden\" name=\"_wpcf7_container_post\" value=\"0\" \/><input type=\"hidden\" name=\"_wpcf7_posted_data_hash\" value=\"\" \/><input type=\"hidden\" name=\"_wpcf7dtx_version\" value=\"5.0.5\" \/>\n<\/fieldset>\n<span class=\"wpcf7-form-control-wrap page-title\" data-name=\"page-title\"><input type=\"hidden\" name=\"page-title\" class=\"wpcf7-form-control wpcf7-hidden wpcf7dtx wpcf7dtx-hidden\" aria-invalid=\"false\" value=\"Contact\"><\/span>\n<span class=\"wpcf7-form-control-wrap page-url\" data-name=\"page-url\"><input type=\"hidden\" name=\"page-url\" class=\"wpcf7-form-control wpcf7-hidden wpcf7dtx wpcf7dtx-hidden\" aria-invalid=\"false\" value=\"https:\/\/formotor.com\/fr\/wp-json\/wp\/v2\/pages\/991636\"><\/span>\n<div class=\"form-row\">\n  <p>\n    <label for=\"your-name\">Nom<\/label><br>\n    <span class=\"wpcf7-form-control-wrap\" data-name=\"your-name\"><input size=\"40\" maxlength=\"400\" class=\"wpcf7-form-control wpcf7-text wpcf7-validates-as-required\" id=\"your-name\" aria-required=\"true\" aria-invalid=\"false\" placeholder=\"Saisissez votre nom\" value=\"\" type=\"text\" name=\"your-name\" \/><\/span>\n  <\/p>\n<\/div>\n<div class=\"form-row two-columns\">\n  <p>\n    <label for=\"your-email\">E-mail<\/label><br>\n    <span class=\"wpcf7-form-control-wrap\" data-name=\"your-email\"><input size=\"40\" maxlength=\"400\" class=\"wpcf7-form-control wpcf7-email wpcf7-validates-as-required wpcf7-text wpcf7-validates-as-email\" id=\"your-email\" aria-required=\"true\" aria-invalid=\"false\" placeholder=\"Saisissez votre e-mail\" value=\"\" type=\"email\" name=\"your-email\" \/><\/span>\n  <\/p>\n  <p>\n    <label for=\"tel-833\">T\u00e9l\u00e9phone<\/label><br>\n    <span class=\"wpcf7-form-control-wrap\" data-name=\"tel-833\"><input size=\"40\" maxlength=\"400\" class=\"wpcf7-form-control wpcf7-tel wpcf7-text wpcf7-validates-as-tel\" id=\"tel-833\" aria-invalid=\"false\" placeholder=\"Saisissez votre num\u00e9ro de t\u00e9l\u00e9phone\" value=\"\" type=\"tel\" name=\"tel-833\" \/><\/span>\n  <\/p>\n<\/div>\n<div class=\"form-row\">\n  <p>\n    <label for=\"your-message\">Message<\/label><br>\n    <span class=\"wpcf7-form-control-wrap\" data-name=\"your-message\"><textarea cols=\"40\" rows=\"10\" maxlength=\"2000\" class=\"wpcf7-form-control wpcf7-textarea\" id=\"your-message\" aria-invalid=\"false\" placeholder=\"Saisissez votre message\" name=\"your-message\"><\/textarea><\/span>\n  <\/p>\n<\/div>\n<p class=\"checkbox\">\n  <span class=\"wpcf7-form-control-wrap\" data-name=\"politica-privacidad\"><span class=\"wpcf7-form-control wpcf7-acceptance\"><span class=\"wpcf7-list-item\"><input type=\"checkbox\" name=\"politica-privacidad\" value=\"1\" aria-invalid=\"false\" \/><\/span><\/span><\/span>\n  <span class=\"checkbox-info-text\">\n    J'accepte la <a href=\"\/fr\/politique-de-confidentialite\/\" target=\"_blank\">politique de confidentialit\u00e9<\/a>\n    et les <a href=\"\/fr\/mentions-legales-et-conditions-dutilisation-du-site-web\/\" target=\"_blank\">mentions l\u00e9gales<\/a>\n  <\/span>\n<\/p>\n<p class=\"checkbox-info\"><b>Informations de base sur la confidentialit\u00e9<\/b><\/p>\n<p class=\"checkbox-info\">\n  Responsable du traitement : FORMENTERA MOTOR, S.L.<br>\n  Finalit\u00e9 : R\u00e9pondre \u00e0 votre demande et envoyer des communications informatives de FORMENTERA MOTOR, S.L. Vous pouvez consulter des informations suppl\u00e9mentaires et d\u00e9taill\u00e9es sur la protection des donn\u00e9es dans la politique de confidentialit\u00e9 disponible sur notre site web <a href=\"\/fr\/politique-de-confidentialite\/\">ici<\/a>.\n<\/p>\n\n<div class=\"send-form\"><input class=\"wpcf7-form-control wpcf7-submit has-spinner\" type=\"submit\" value=\"Envoyer\" \/><\/div><div class=\"wpcf7-response-output\" aria-hidden=\"true\"><\/div>\n<\/form>\n<\/div>\n<\/div>\n\t\t\t\t\t\t<\/div>\n\t\t\t\t<\/div>\n\t\t\t\t<\/div>\n\t\t<div class=\"elementor-element elementor-element-5addfb8 e-con-full e-flex e-con e-child\" data-id=\"5addfb8\" data-element_type=\"container\" data-e-type=\"container\" data-settings=\"{&quot;background_background&quot;:&quot;classic&quot;}\">\n\t\t\t\t<\/div>\n\t\t\t\t\t<\/div>\n\t\t\t\t<\/div>\n\t\t<div class=\"elementor-element elementor-element-99b7c55 e-flex e-con-boxed e-con e-parent\" data-id=\"99b7c55\" data-element_type=\"container\" data-e-type=\"container\">\n\t\t\t\t\t<div class=\"e-con-inner\">\n\t\t<div class=\"elementor-element elementor-element-6747b58 e-con-full e-flex e-con e-child\" data-id=\"6747b58\" data-element_type=\"container\" data-e-type=\"container\">\n\t\t\t\t<div class=\"elementor-element elementor-element-551e8c7 elementor-widget elementor-widget-html\" data-id=\"551e8c7\" data-element_type=\"widget\" data-e-type=\"widget\" data-widget_type=\"html.default\">\n\t\t\t\t<div class=\"elementor-widget-container\">\n\t\t\t\t\t<iframe src=\"https:\/\/www.google.com\/maps\/embed?pb=!1m18!1m12!1m3!1d5989.997365321574!2d1.4139699058959516!3d38.7274432305338!2m3!1f0!2f0!3f0!3m2!1i1024!2i768!4f13.1!3m3!1m2!1s0x12995bda0530047b%3A0x75ea00b717f1524!2sFormotor%20-%20Oficina%20Puerto!5e0!3m2!1ses-419!2ses!4v1778486486204!5m2!1ses-419!2ses\" width=\"100%\" height=\"550\" style=\"border:0;\" allowfullscreen=\"\" loading=\"lazy\" referrerpolicy=\"no-referrer-when-downgrade\"><\/iframe>\t\t\t\t<\/div>\n\t\t\t\t<\/div>\n\t\t\t\t<\/div>\n\t\t\t\t\t<\/div>\n\t\t\t\t<\/div>\n\t\t\t\t<\/div>\n\t\t","protected":false},"excerpt":{"rendered":"<p>Contact Contactez Formotor Contactez-nous et commencez votre aventure \u00e0 Formentera Retrouvez-nous \u00e0 : Carrer del Vapor Manolito, 07870 La Savina, (Formentera) icons-formotor Appelez-nous +34 971 32 29 29 icons-formotor \u00c9crivez-nous rent@formotor.com Contactez-nous Formulaire de contact Vous avez une question ou un commentaire ?Remplissez le formulaire ci-dessous et nous vous r\u00e9pondrons dans les plus brefs d\u00e9lais.<\/p>\n","protected":false},"author":1,"featured_media":0,"parent":0,"menu_order":0,"comment_status":"closed","ping_status":"closed","template":"elementor_header_footer","meta":{"_acf_changed":false,"footnotes":""},"class_list":["post-991636","page","type-page","status-publish","hentry"],"acf":[],"_links":{"self":[{"href":"https:\/\/formotor.com\/fr\/wp-json\/wp\/v2\/pages\/991636","targetHints":{"allow":["GET"]}}],"collection":[{"href":"https:\/\/formotor.com\/fr\/wp-json\/wp\/v2\/pages"}],"about":[{"href":"https:\/\/formotor.com\/fr\/wp-json\/wp\/v2\/types\/page"}],"author":[{"embeddable":true,"href":"https:\/\/formotor.com\/fr\/wp-json\/wp\/v2\/users\/1"}],"replies":[{"embeddable":true,"href":"https:\/\/formotor.com\/fr\/wp-json\/wp\/v2\/comments?post=991636"}],"version-history":[{"count":7,"href":"https:\/\/formotor.com\/fr\/wp-json\/wp\/v2\/pages\/991636\/revisions"}],"predecessor-version":[{"id":993108,"href":"https:\/\/formotor.com\/fr\/wp-json\/wp\/v2\/pages\/991636\/revisions\/993108"}],"wp:attachment":[{"href":"https:\/\/formotor.com\/fr\/wp-json\/wp\/v2\/media?parent=991636"}],"curies":[{"name":"wp","href":"https:\/\/api.w.org\/{rel}","templated":true}]}}