{"id":18130,"date":"2022-03-03T15:42:36","date_gmt":"2022-03-03T14:42:36","guid":{"rendered":"https:\/\/formotor.com\/reservations\/"},"modified":"2024-09-18T12:59:15","modified_gmt":"2024-09-18T11:59:15","slug":"reservations","status":"publish","type":"page","link":"https:\/\/formotor.com\/fr\/reservations\/","title":{"rendered":"R\u00e9servations"},"content":{"rendered":"<div class=\"wpb-content-wrapper\"><p>[vc_row][vc_column column_width_percent=\u00a0\u00bb100&Prime; align_horizontal=\u00a0\u00bbalign_center\u00a0\u00bb gutter_size=\u00a0\u00bb3&Prime; overlay_alpha=\u00a0\u00bb50&Prime; shift_x=\u00a0\u00bb0&Prime; shift_y=\u00a0\u00bb0&Prime; shift_y_down=\u00a0\u00bb0&Prime; z_index=\u00a0\u00bb0&Prime; medium_width=\u00a0\u00bb0&Prime; mobile_width=\u00a0\u00bb0&Prime; width=\u00a0\u00bb1\/6&Prime; uncode_shortcode_id=\u00a0\u00bb972545&Prime;][\/vc_column][vc_column width=\u00a0\u00bb4\/6&Prime;][vc_column_text uncode_shortcode_id=\u00a0\u00bb483360&Prime;]<\/p>\n<p style=\"text-align: center;\">[ibexrentacar-buscador2 width=\u00a0\u00bb100%\u00a0\u00bb include_jquery=\u00a0\u00bb0&Prime; locale=\u00a0\u00bbes_ES\u00a0\u00bb include_css=\u00a0\u00bbhttps:\/\/formotor.com\/custom\/formotor_motorreservas.css\u00a0\u00bb]<\/p>\n<p>[\/vc_column_text][\/vc_column][vc_column width=\u00a0\u00bb1\/6&Prime;][\/vc_column][\/vc_row]<\/p>\n<\/div>","protected":false},"excerpt":{"rendered":"<p>R\u00e9servez votre v\u00e9hicule en ligne rapidement et facilement. FORMOTOR rent a car dispose d&rsquo;une vaste infrastructure \u00e0 FORMENTERA. Notre flotte de v\u00e9hicules de location est tr\u00e8s vari\u00e9e et con\u00e7ue pour vous permettre de profiter au maximum de vos vacances \u00e0 FORMENTERA.<\/p>\n","protected":false},"author":1,"featured_media":17028,"parent":0,"menu_order":0,"comment_status":"closed","ping_status":"closed","template":"","meta":{"_acf_changed":false,"footnotes":""},"class_list":["post-18130","page","type-page","status-publish","has-post-thumbnail","hentry"],"acf":[],"_links":{"self":[{"href":"https:\/\/formotor.com\/fr\/wp-json\/wp\/v2\/pages\/18130","targetHints":{"allow":["GET"]}}],"collection":[{"href":"https:\/\/formotor.com\/fr\/wp-json\/wp\/v2\/pages"}],"about":[{"href":"https:\/\/formotor.com\/fr\/wp-json\/wp\/v2\/types\/page"}],"author":[{"embeddable":true,"href":"https:\/\/formotor.com\/fr\/wp-json\/wp\/v2\/users\/1"}],"replies":[{"embeddable":true,"href":"https:\/\/formotor.com\/fr\/wp-json\/wp\/v2\/comments?post=18130"}],"version-history":[{"count":2,"href":"https:\/\/formotor.com\/fr\/wp-json\/wp\/v2\/pages\/18130\/revisions"}],"predecessor-version":[{"id":19547,"href":"https:\/\/formotor.com\/fr\/wp-json\/wp\/v2\/pages\/18130\/revisions\/19547"}],"wp:featuredmedia":[{"embeddable":true,"href":"https:\/\/formotor.com\/fr\/wp-json\/wp\/v2\/media\/17028"}],"wp:attachment":[{"href":"https:\/\/formotor.com\/fr\/wp-json\/wp\/v2\/media?parent=18130"}],"curies":[{"name":"wp","href":"https:\/\/api.w.org\/{rel}","templated":true}]}}