{"id":18101,"date":"2022-03-01T11:27:36","date_gmt":"2022-03-01T10:27:36","guid":{"rendered":"https:\/\/formotor.com\/politique-dutilisation-des-cookies\/"},"modified":"2022-05-27T11:17:42","modified_gmt":"2022-05-27T10:17:42","slug":"politique-dutilisation-des-cookies","status":"publish","type":"page","link":"https:\/\/formotor.com\/fr\/politique-dutilisation-des-cookies\/","title":{"rendered":"Politique d&rsquo;utilisation des cookies"},"content":{"rendered":"<p><b>QUE SONT LES COOKIES\u00a0?<\/b>Ce site Web utilise des cookies et\/ou des technologies similaires qui stockent et r\u00e9cup\u00e8rent des informations lorsque vous naviguez. En g\u00e9n\u00e9ral, ces technologies peuvent servir \u00e0 des fins tr\u00e8s diverses, telles que, par exemple, vous reconna\u00eetre en tant qu&rsquo;utilisateur, obtenir des informations sur vos habitudes de navigation ou personnaliser la fa\u00e7on dont le contenu est affich\u00e9.Il existe des cookies qui sont contr\u00f4l\u00e9s et g\u00e9r\u00e9s par le propri\u00e9taire du site Web (ils sont appel\u00e9s \u00ab\u00a0cookies propres\u00a0\u00bb) et d&rsquo;autres qui le sont par des tiers (ils sont appel\u00e9s \u00ab\u00a0cookies tiers\u00a0\u00bb), par exemple, parce qu&rsquo;ils fournissent un outil ou une fonctionnalit\u00e9 int\u00e9gr\u00e9e au site Web.<\/span>Les utilisations concr\u00e8tes que nous faisons de ces technologies sont d\u00e9crites ci-dessous.<\/span><\/p>\n<p><b>QUELS TYPES DE COOKIES UTILISONS-NOUS ET \u00c0 QUELLES FINS\u00a0?<\/b><\/p>\n<p> Sur ce site, nous utilisons les types de cookies suivants\u00a0:<\/span><\/p>\n<ol>\n<li aria-level=\"1\"><b>Cookies techniques ou indispensables \u00e0 la fourniture des services\u00a0: <\/b>Ce sont ceux qui permettent \u00e0 l&rsquo;utilisateur de naviguer sur un site Web et d&rsquo;utiliser les diff\u00e9rentes options ou services qui y figurent, y compris ceux qui sont utilis\u00e9s pour permettre la gestion et le fonctionnement du site Web et activer ses fonctions et services, comme, par exemple, le contr\u00f4le du trafic et de la communication des donn\u00e9es, l&rsquo;identification de la session, stocker des donn\u00e9es pour de futurs commentaires sur notre Blog, effectuer le processus de r\u00e9servation d&rsquo;un v\u00e9hicule, g\u00e9rer le paiement, contr\u00f4ler la fraude li\u00e9e \u00e0 la s\u00e9curit\u00e9 du service, utiliser des \u00e9l\u00e9ments de s\u00e9curit\u00e9 lors de la navigation, stocker du contenu pour la diffusion de vid\u00e9os ou de sons, permettre le contenu dynamique (par exemple, l&rsquo;animation du texte ou le chargement d&rsquo;images), partager du contenu via les r\u00e9seaux sociaux. <\/li>\n<li><b><\/b>Ces cookies sont exempt\u00e9s du respect des obligations \u00e9tablies \u00e0 l&rsquo;article 22.2 de la LSSI.\n <\/li>\n<li aria-level=\"1\"><b>Cookies de pr\u00e9f\u00e9rences ou de personnalisation\u00a0: <\/b>Nous utilisons<\/span> nos propres cookies qui nous permettent de m\u00e9moriser des informations afin que l&rsquo;utilisateur puisse acc\u00e9der au service, avec certaines caract\u00e9ristiques qui peuvent diff\u00e9rencier son exp\u00e9rience de celle des autres utilisateurs, comme, par exemple, la langue, le nombre de r\u00e9sultats \u00e0 afficher lors d&rsquo;une recherche, l&rsquo;apparence ou le contenu du service en fonction du type de navigateur par lequel il acc\u00e8de au service ou de la r\u00e9gion depuis laquelle il acc\u00e8de au service, etc.<\/span><\/li>\n<li aria-level=\"1\"><b>Cookies d&rsquo;analyse ou de mesure\u00a0:<\/b>Nous utilisons des cookies tiers qui nous permettent de quantifier le nombre d&rsquo;utilisateurs et d&rsquo;effectuer ainsi la mesure et l&rsquo;analyse statistique de l&rsquo;utilisation qu&rsquo;ils font du service offert. \u00c0 cette fin, votre navigation sur notre site Web est analys\u00e9e afin d&rsquo;am\u00e9liorer les produits ou services que nous vous offrons.<\/span><b><\/b>\n<ul>\n<li style=\"font-weight: 400;\" aria-level=\"1\">Les tiers qui traitent les informations obtenues avec ce type de cookies sont\u00a0:\n<\/li>\n<\/ul>\n<table>\n<tbody>\n<tr>\n<td><b>COOKIES<\/b><\/td>\n<td><b>RESPONSABLE<\/b><\/td>\n<td><b>+ D&rsquo;INFOS<\/b><\/td>\n<\/tr>\n<tr>\n<td>GOOGLE ANALYTICS<\/span><\/td>\n<td>Google, Inc., 1600 Amphitheatre Parkway. Mountain View, CA 94043. \u00c9tats-Unis<\/span><\/td>\n<td>Vous pouvez en savoir plus sur le fonctionnement de GOOGLE ANALYTICS et les cookies utilis\u00e9s par ce service en consultant les liens ci-dessous.\u00a0:<\/span><\/p>\n<ul>\n<li style=\"font-weight: 400;\" aria-level=\"1\"><a href=\"https:\/\/support.google.com\/analytics\/answer\/6004245\">https:\/\/support.google.com\/analytics\/answer\/6004245<\/span><\/a><\/li>\n<li style=\"font-weight: 400;\" aria-level=\"1\"><a href=\"http:\/\/www.google.com\/intl\/es\/policies\/privacy\/\">http:\/\/www.google.com\/intl\/es\/policies\/privacy\/<\/span><\/a><\/li>\n<\/ul>\n<p>Vous pouvez d\u00e9sactiver les cookies de GOOGLE ANALYTICS en installant dans votre navigateur le module compl\u00e9mentaire de d\u00e9sactivation cr\u00e9\u00e9 par Google et disponible sur le lien suivant\u00a0: <\/span><a href=\"https:\/\/tools.google.com\/dlpage\/gaoptout?hl=es\">https:\/\/tools.google.com\/dlpage\/gaoptout?hl=es<\/a><\/td>\n<\/tr>\n<\/tbody>\n<\/table>\n<ul>\n<li style=\"font-weight: 400;\" aria-level=\"1\">Pour accepter ou refuser ce type de cookies, acc\u00e9dez au panneau de configuration des cookies en cliquant sur le bouton<\/span>Confidentialit\u00e9, qui appara\u00eet en bas \u00e0 droite de l&rsquo;\u00e9cran. <\/span><\/li>\n<\/ul>\n<p><b>TRANSFERTS DE DONN\u00c9ES DE PAYS TIERS<\/b><br \/>\nVous pouvez vous renseigner sur les transferts vers des pays tiers effectu\u00e9s par les tiers identifi\u00e9s dans la pr\u00e9sente politique en mati\u00e8re de cookies dans leurs politiques correspondantes (voir les liens fournis dans la section \u00ab\u00a0\u00bb. QUEL TYPE DE COOKIES UTILISONS-NOUS ET POURQUOI\u00a0?<\/span>\u201d).<\/p>\n<p><b>P\u00c9RIODE DE CONSERVATION DES DONN\u00c9ES<\/b><\/p>\n<p>Certains cookies sont supprim\u00e9s une fois que l&rsquo;utilisateur a fini de naviguer sur le site Web (cookies de session), tandis que d&rsquo;autres peuvent continuer \u00e0 \u00eatre stock\u00e9s sur l&rsquo;ordinateur de l&rsquo;utilisateur et \u00eatre consult\u00e9s pendant une p\u00e9riode plus longue (cookies persistants).<\/span><\/p>\n<p>Expiration des cookies tiers\u00a0Vous pouvez vous renseigner sur les p\u00e9riodes de conservation des cookies des tiers identifi\u00e9s dans la pr\u00e9sente politique en mati\u00e8re de cookies dans leurs politiques respectives (voir les liens fournis dans la section <\/span>QUEL TYPE DE COOKIES UTILISONS-NOUS ET \u00c0 QUELLES FINS\u00a0?<\/span>\u201d).<\/span><\/p>\n<p><b>TRAITEMENT DES DONN\u00c9ES PERSONNELLES ET DROITS DE LA PERSONNE CONCERN\u00c9E<\/b><\/p>\n<p>L&rsquo;installation de cookies tiers peut impliquer la collecte de donn\u00e9es personnelles de navigation, telles que des adresses IP ou des identifiants en ligne par ces soci\u00e9t\u00e9s \u00e0 des fins de marketing ou autres dont elles sont responsables. Vous pouvez vous renseigner sur le traitement des donn\u00e9es \u00e0 caract\u00e8re personnel par les tiers identifi\u00e9s dans la pr\u00e9sente politique en mati\u00e8re de cookies et sur la mani\u00e8re d&rsquo;exercer vos droits dans leurs politiques correspondantes (voir les liens fournis dans la section <\/span>QUELS TYPES DE COOKIES UTILISONS-NOUS ET DANS QUOI\u00a0?<\/span>\u201d)<\/span><\/p>\n<p>En ce qui nous concerne, les informations obtenues \u00e0 partir des cookies ne peuvent \u00eatre associ\u00e9es \u00e0 un utilisateur sp\u00e9cifique que si cet utilisateur est identifi\u00e9 sur le site Web. Si tel est le cas, ces donn\u00e9es seront trait\u00e9es conform\u00e9ment \u00e0 notre politique de confidentialit\u00e9 en ligne.<\/span>Les utilisateurs concern\u00e9s peuvent \u00e0 tout moment exercer leur droit de demander l&rsquo;acc\u00e8s, la rectification ou l&rsquo;effacement, la limitation du traitement et la portabilit\u00e9 de leurs donn\u00e9es, ainsi que de s&rsquo;opposer au traitement de leurs donn\u00e9es et d&rsquo;introduire une plainte aupr\u00e8s d&rsquo;une autorit\u00e9 de contr\u00f4le. Vous trouverez de plus amples informations sur la protection des donn\u00e9es dans notre politique de confidentialit\u00e9.<\/span><\/p>\n<p><b>COMMENT PUIS-JE G\u00c9RER LES COOKIES\u00a0?<\/b><\/p>\n<p>Pour g\u00e9rer les cookies, acc\u00e9dez au panneau de configuration des cookies en cliquant sur le bouton\u00a0 <\/span>Confidentialit\u00e9, qui appara\u00eet en bas \u00e0 droite de l&rsquo;\u00e9cran.<\/p>\n<p>Vous pouvez \u00e9galement autoriser ou bloquer les cookies, ainsi que supprimer les donn\u00e9es de navigation du navigateur que vous utilisez. Veuillez vous r\u00e9f\u00e9rer aux options et instructions fournies par votre navigateur pour cela. Veuillez noter que si vous acceptez les cookies de tiers, vous devrez les supprimer des options de votre navigateur.<\/span><\/p>\n<p>Si vous d\u00e9sactivez les cookies, vous risquez de ne pas pouvoir utiliser toutes les fonctionnalit\u00e9s du site Web.<\/li>\n<\/ol>\n","protected":false},"excerpt":{"rendered":"<p>QUE SONT LES COOKIES\u00a0?Ce site Web utilise des cookies et\/ou des technologies similaires qui stockent et r\u00e9cup\u00e8rent des informations lorsque [&hellip;]<\/p>\n","protected":false},"author":1,"featured_media":0,"parent":0,"menu_order":0,"comment_status":"closed","ping_status":"closed","template":"","meta":{"_acf_changed":false,"footnotes":""},"class_list":["post-18101","page","type-page","status-publish","hentry"],"acf":[],"_links":{"self":[{"href":"https:\/\/formotor.com\/fr\/wp-json\/wp\/v2\/pages\/18101","targetHints":{"allow":["GET"]}}],"collection":[{"href":"https:\/\/formotor.com\/fr\/wp-json\/wp\/v2\/pages"}],"about":[{"href":"https:\/\/formotor.com\/fr\/wp-json\/wp\/v2\/types\/page"}],"author":[{"embeddable":true,"href":"https:\/\/formotor.com\/fr\/wp-json\/wp\/v2\/users\/1"}],"replies":[{"embeddable":true,"href":"https:\/\/formotor.com\/fr\/wp-json\/wp\/v2\/comments?post=18101"}],"version-history":[{"count":1,"href":"https:\/\/formotor.com\/fr\/wp-json\/wp\/v2\/pages\/18101\/revisions"}],"predecessor-version":[{"id":18429,"href":"https:\/\/formotor.com\/fr\/wp-json\/wp\/v2\/pages\/18101\/revisions\/18429"}],"wp:attachment":[{"href":"https:\/\/formotor.com\/fr\/wp-json\/wp\/v2\/media?parent=18101"}],"curies":[{"name":"wp","href":"https:\/\/api.w.org\/{rel}","templated":true}]}}