{"id":18100,"date":"2022-03-01T11:35:44","date_gmt":"2022-03-01T10:35:44","guid":{"rendered":"https:\/\/formotor.com\/politique-de-confidentialite-relative-aux-reservations\/"},"modified":"2022-05-26T10:14:26","modified_gmt":"2022-05-26T09:14:26","slug":"politique-de-confidentialite-relative-aux-reservations","status":"publish","type":"page","link":"https:\/\/formotor.com\/fr\/politique-de-confidentialite-relative-aux-reservations\/","title":{"rendered":"Politique de confidentialit\u00e9 relative aux r\u00e9servations"},"content":{"rendered":"<div style=\"text-align: justify;\">\n<p><strong>Veuillez lire attentivement cette politique de confidentialit\u00e9.<\/strong><\/p>\n<p>Vous trouverez des informations importantes sur le traitement de vos donn\u00e9es personnelles et les droits qui vous sont reconnus par la r\u00e9glementation en vigueur en la mati\u00e8re.<\/p>\n<p>Nous nous r\u00e9servons le droit de mettre \u00e0 jour notre politique de confidentialit\u00e9 \u00e0 tout moment en raison de d\u00e9cisions commerciales, ainsi que pour nous conformer \u00e0 toute modification de la l\u00e9gislation ou de la jurisprudence.<\/p>\n<p>Si vous avez des questions ou besoin d&rsquo;\u00e9claircissements concernant notre politique de confidentialit\u00e9 ou vos droits, vous pouvez nous contacter par les canaux indiqu\u00e9s ci-dessous.<\/p>\n<p>Vous d\u00e9clarez que les donn\u00e9es que vous nous fournissez, maintenant ou \u00e0 l&rsquo;avenir, sont correctes et v\u00e9ridiques et vous vous engagez \u00e0 nous informer de toute modification de celles-ci.<\/p>\n<p><b>Qui est responsable du traitement de vos donn\u00e9es personnelles\u00a0?<\/b><\/p>\n<p>Responsable\u00a0:\u00a0\u00a0<b>FORMENTERA MOTOR, S.L.<\/b><\/p>\n<p>Adresse postale\u00a0:\u00a0La\u00a0Savina, 07870 Formentera (\u00celes Bal\u00e9ares), Espagne<\/p>\n<p>T\u00e9l\u00e9phone\u00a0:\u00a0\u00a0971 32 29 29<\/p>\n<p>E-mail\u00a0:\u00a0<a href=\"mailto:rent@formotor.com\">rent@formotor.com<\/a><\/p>\n<p><b>Dans quel but traiterons-nous vos donn\u00e9es et sur quelle base l\u00e9gale\u00a0? <\/b><\/p>\n<p><b>Gestion de la relation avec les clients\u00a0et les utilisateurs\u00a0:\u00a0<\/b>Nous traitons les donn\u00e9es fournies par nos clients, telles que les coordonn\u00e9es et les caract\u00e9ristiques personnelles et sociales (\u00e2ge et permis de conduire), afin de fournir les services contract\u00e9s.<\/p>\n<p>Les donn\u00e9es\u00a0des\u00a0transactions\u00a0effectu\u00e9es seront\u00a0\u00e9galement trait\u00e9es \u00e0 des fins de gestion de la facturation et de contr\u00f4le des encaissements.<\/p>\n<p>Ces traitements\u00a0sont n\u00e9cessaires \u00e0 l&rsquo;ex\u00e9cution du\u00a0contrat\u00a0de location de v\u00e9hicule.<\/p>\n<p><b>Envoi de communications commerciales<\/b>\u00a0: nous traitons les donn\u00e9es d&rsquo;identification et de contact fournies par nos clients afin de leur envoyer, \u00e0 l&rsquo;adresse \u00e9lectronique ou au t\u00e9l\u00e9phone portable fournis, des communications relatives \u00e0 la location de v\u00e9hicules et \u00e0 des services compl\u00e9mentaires.<br \/>\nCes traitements sont bas\u00e9s sur le consentement qui vous est demand\u00e9. Ne pas donner son consentement ou le retirer ne conditionne pas la prestation des services contract\u00e9s.<\/p>\n<p>Vous pouvez \u00e0 tout moment demander \u00e0 vous d\u00e9sinscrire du traitement \u00e0 des fins commerciales en activant le lien pr\u00e9vu \u00e0 cet effet dans nos communications ou en envoyant un courrier \u00e9lectronique \u00e0 l&rsquo;adresse suivante<a href=\"mailto:rent@formotor.com\">rent@formotor.com<\/a>.<\/p>\n<p><b>Combien de temps allons-nous conserver vos informations personnelles\u00a0?<\/b><\/p>\n<p>Vos donn\u00e9es seront conserv\u00e9es pendant toute la dur\u00e9e de votre relation avec nous et, en tout \u00e9tat de cause, pendant les p\u00e9riodes pr\u00e9vues par les dispositions l\u00e9gales applicables et pendant le temps n\u00e9cessaire pour faire face aux \u00e9ventuelles responsabilit\u00e9s d\u00e9coulant du traitement. Nous supprimerons vos donn\u00e9es lorsqu&rsquo;elles ne seront plus n\u00e9cessaires ou pertinentes aux fins pour lesquelles elles ont \u00e9t\u00e9 collect\u00e9es.<\/p>\n<p><b>\u00c0 qui pouvons-nous communiquer vos donn\u00e9es\u00a0?<\/b><\/p>\n<p>Vos donn\u00e9es ne seront transmises \u00e0 des tiers que lorsque cela est n\u00e9cessaire pour la bonne ex\u00e9cution du service contract\u00e9 ou avec votre consentement pr\u00e9alable. En ce sens, nous vous informons qu&rsquo;en cas d&rsquo;accident, les donn\u00e9es du locataire du v\u00e9hicule seront communiqu\u00e9es \u00e0 la compagnie d&rsquo;assurance indiqu\u00e9e dans le contrat de location, afin de traiter la couverture correspondante.<\/p>\n<p><b>Quels sont vos droits\u00a0?<\/b><\/p>\n<p>Vous avez le droit d&rsquo;obtenir la confirmation que nous traitons ou non vos donn\u00e9es personnelles et, le cas \u00e9ch\u00e9ant, d&rsquo;y acc\u00e9der.\u00a0 Vous pouvez \u00e9galement demander que vos donn\u00e9es soient corrig\u00e9es si elles sont inexactes ou que les donn\u00e9es incompl\u00e8tes soient compl\u00e9t\u00e9es, ainsi que demander leur suppression si, entre autres raisons, les donn\u00e9es ne sont plus n\u00e9cessaires aux fins pour lesquelles elles ont \u00e9t\u00e9 collect\u00e9es.<\/p>\n<p>Dans certaines circonstances, vous pouvez demander la limitation du traitement de vos donn\u00e9es. Dans un tel cas, nous ne traiterons les donn\u00e9es concern\u00e9es que pour la formulation, l&rsquo;exercice ou la d\u00e9fense de r\u00e9clamations ou en vue de prot\u00e9ger les droits d&rsquo;autrui. Sous certaines conditions et pour des raisons tenant \u00e0 votre situation personnelle, vous pouvez \u00e9galement vous opposer au traitement de vos donn\u00e9es. Dans ce cas, nous cesserons de traiter les donn\u00e9es, sauf pour des raisons l\u00e9gitimes imp\u00e9rieuses qui pr\u00e9valent sur vos int\u00e9r\u00eats ou vos droits et libert\u00e9s, ou pour la formulation, l&rsquo;exercice ou la d\u00e9fense de r\u00e9clamations. De m\u00eame, et sous certaines conditions, vous pouvez demander la portabilit\u00e9 de vos donn\u00e9es afin qu&rsquo;elles soient transmises \u00e0 un autre responsable du traitement.<\/p>\n<p>Vous pouvez r\u00e9voquer tout consentement que vous avez donn\u00e9 \u00e0 certaines fins, sans que cela n&rsquo;affecte la l\u00e9galit\u00e9 du traitement fond\u00e9 sur le consentement avant son retrait, et d\u00e9poser une plainte aupr\u00e8s de l&rsquo;Agence espagnole de protection des donn\u00e9es.<\/p>\n<p>Pour exercer vos droits, vous devez nous adresser une demande accompagn\u00e9e d&rsquo;une copie de votre carte d&rsquo;identit\u00e9 nationale ou d&rsquo;un autre document valable permettant de vous identifier, par courrier postal ou \u00e9lectronique, aux adresses indiqu\u00e9es dans la section Qui est responsable du traitement de vos donn\u00e9es\u00a0?<\/p>\n<p>Vous pouvez obtenir plus d&rsquo;informations sur vos droits et la mani\u00e8re de les exercer sur le site web de l&rsquo;Agence espagnole de protection des donn\u00e9es \u00e0 l&rsquo;adresse suivante<a href=\"http:\/\/www.aepd.es\">http:\/\/www.aepd.es<\/a>.<\/p>\n<\/div>\n","protected":false},"excerpt":{"rendered":"<p>Veuillez lire attentivement cette politique de confidentialit\u00e9. Vous trouverez des informations importantes sur le traitement de vos donn\u00e9es personnelles et [&hellip;]<\/p>\n","protected":false},"author":1,"featured_media":0,"parent":0,"menu_order":0,"comment_status":"closed","ping_status":"closed","template":"","meta":{"_acf_changed":false,"footnotes":""},"class_list":["post-18100","page","type-page","status-publish","hentry"],"acf":[],"_links":{"self":[{"href":"https:\/\/formotor.com\/fr\/wp-json\/wp\/v2\/pages\/18100","targetHints":{"allow":["GET"]}}],"collection":[{"href":"https:\/\/formotor.com\/fr\/wp-json\/wp\/v2\/pages"}],"about":[{"href":"https:\/\/formotor.com\/fr\/wp-json\/wp\/v2\/types\/page"}],"author":[{"embeddable":true,"href":"https:\/\/formotor.com\/fr\/wp-json\/wp\/v2\/users\/1"}],"replies":[{"embeddable":true,"href":"https:\/\/formotor.com\/fr\/wp-json\/wp\/v2\/comments?post=18100"}],"version-history":[{"count":2,"href":"https:\/\/formotor.com\/fr\/wp-json\/wp\/v2\/pages\/18100\/revisions"}],"predecessor-version":[{"id":18397,"href":"https:\/\/formotor.com\/fr\/wp-json\/wp\/v2\/pages\/18100\/revisions\/18397"}],"wp:attachment":[{"href":"https:\/\/formotor.com\/fr\/wp-json\/wp\/v2\/media?parent=18100"}],"curies":[{"name":"wp","href":"https:\/\/api.w.org\/{rel}","templated":true}]}}