{"id":18095,"date":"2022-03-03T11:37:29","date_gmt":"2022-03-03T10:37:29","guid":{"rendered":"https:\/\/formotor.com\/contacter\/"},"modified":"2023-04-13T10:00:14","modified_gmt":"2023-04-13T09:00:14","slug":"contacter","status":"publish","type":"page","link":"https:\/\/formotor.com\/fr\/contacter\/","title":{"rendered":"Contacter"},"content":{"rendered":"<div class=\"wpb-content-wrapper\"><p>[vc_row][vc_column column_width_percent=\u00a0\u00bb100&Prime; gutter_size=\u00a0\u00bb3&Prime; overlay_alpha=\u00a0\u00bb50&Prime; shift_x=\u00a0\u00bb0&Prime; shift_y=\u00a0\u00bb0&Prime; shift_y_down=\u00a0\u00bb0&Prime; z_index=\u00a0\u00bb0&Prime; medium_width=\u00a0\u00bb0&Prime; mobile_width=\u00a0\u00bb0&Prime; width=\u00a0\u00bb2\/3&Prime; uncode_shortcode_id=\u00a0\u00bb122280&Prime; el_id=\u00a0\u00bbfrmcontactbox\u00a0\u00bb][vc_custom_heading heading_semantic=\u00a0\u00bbh5&Prime; text_size=\u00a0\u00bbh5&Prime; uncode_shortcode_id=\u00a0\u00bb182477&Prime;]Contactez-nous[\/vc_custom_heading]\n<div class=\"wpcf7 no-js\" id=\"wpcf7-f18370-o1\" lang=\"fr-FR\" dir=\"ltr\" data-wpcf7-id=\"18370\">\n<div class=\"screen-reader-response\"><p role=\"status\" aria-live=\"polite\" aria-atomic=\"true\"><\/p> <ul><\/ul><\/div>\n<form action=\"\/fr\/wp-json\/wp\/v2\/pages\/18095#wpcf7-f18370-o1\" method=\"post\" class=\"wpcf7-form init\" aria-label=\"Formulaire de contact\" novalidate=\"novalidate\" data-status=\"init\">\n<div style=\"display: none;\">\n<input type=\"hidden\" name=\"_wpcf7\" value=\"18370\" \/>\n<input type=\"hidden\" name=\"_wpcf7_version\" value=\"6.0.3\" \/>\n<input type=\"hidden\" name=\"_wpcf7_locale\" value=\"fr_FR\" \/>\n<input type=\"hidden\" name=\"_wpcf7_unit_tag\" value=\"wpcf7-f18370-o1\" \/>\n<input type=\"hidden\" name=\"_wpcf7_container_post\" value=\"0\" \/>\n<input type=\"hidden\" name=\"_wpcf7_posted_data_hash\" value=\"\" \/>\n<\/div>\n<p class=\"frminputtitle\">Nom et pr\u00e9nom\n<\/p>\n<p><span class=\"wpcf7-form-control-wrap\" data-name=\"your-name\"><input size=\"40\" maxlength=\"400\" class=\"wpcf7-form-control wpcf7-text wpcf7-validates-as-required\" aria-required=\"true\" aria-invalid=\"false\" value=\"\" type=\"text\" name=\"your-name\" \/><\/span>\n<\/p>\n<p class=\"frminputtitle\">E-mail et\/ou t\u00e9l\u00e9phone\n<\/p>\n<p><span class=\"wpcf7-form-control-wrap\" data-name=\"your-email\"><input size=\"40\" maxlength=\"400\" class=\"wpcf7-form-control wpcf7-email wpcf7-validates-as-required wpcf7-text wpcf7-validates-as-email\" aria-required=\"true\" aria-invalid=\"false\" value=\"\" type=\"email\" name=\"your-email\" \/><\/span>\n<\/p>\n<p class=\"frminputtitle\">Sujet\n<\/p>\n<p><span class=\"wpcf7-form-control-wrap\" data-name=\"your-subject\"><input size=\"40\" maxlength=\"400\" class=\"wpcf7-form-control wpcf7-text wpcf7-validates-as-required\" aria-required=\"true\" aria-invalid=\"false\" value=\"\" type=\"text\" name=\"your-subject\" \/><\/span>\n<\/p>\n<p class=\"frminputtitle\">Message\n<\/p>\n<p><span class=\"wpcf7-form-control-wrap\" data-name=\"your-message\"><textarea cols=\"40\" rows=\"10\" maxlength=\"2000\" class=\"wpcf7-form-control wpcf7-textarea wpcf7-validates-as-required\" aria-required=\"true\" aria-invalid=\"false\" name=\"your-message\"><\/textarea><\/span>\n<\/p>\n<p class=\"frminputtitle\">Mentions l\u00e9gales et conditions d'utilisation (Obligatoire*)\n<\/p>\n<p><span class=\"wpcf7-form-control-wrap\" data-name=\"legal-notice\"><span class=\"wpcf7-form-control wpcf7-checkbox wpcf7-validates-as-required\"><span class=\"wpcf7-list-item first last\"><input type=\"checkbox\" name=\"legal-notice[]\" value=\"J&#039;accepte la notice l\u00e9gale et les conditions d&#039;utilisation que je d\u00e9clare avoir lues.\" \/><span class=\"wpcf7-list-item-label\">J&#039;accepte la notice l\u00e9gale et les conditions d&#039;utilisation que je d\u00e9clare avoir lues.<\/span><\/span><\/span><\/span><a href=\"\/fr\/mentions-legales-et-conditions-dutilisation-du-site\/\" target=\"_blank\">Lire la notice l\u00e9gale et les conditions d'utilisation<\/a>\n<\/p>\n<p class=\"frminputtitle\">Politique de confidentialit\u00e9 (obligatoire*)\n<\/p>\n<p><span class=\"wpcf7-form-control-wrap\" data-name=\"privacy-policy\"><span class=\"wpcf7-form-control wpcf7-checkbox wpcf7-validates-as-required\"><span class=\"wpcf7-list-item first last\"><input type=\"checkbox\" name=\"privacy-policy[]\" value=\"J&#039;accepte la politique de confidentialit\u00e9 que je d\u00e9clare avoir lue.\" \/><span class=\"wpcf7-list-item-label\">J&#039;accepte la politique de confidentialit\u00e9 que je d\u00e9clare avoir lue.<\/span><\/span><\/span><\/span><a href=\"\/fr\/politique-de-confidentialite\/\" target=\"_blank\">Lire la politique de confidentialit\u00e9<\/a>\n<\/p>\n<p class=\"checkbox\" style=\"padding-top\u00a0: 15px\u00a0;\"><br \/>\nAvant de soumettre ce formulaire, vous devez lire les informations de base sur la protection des donn\u00e9es ci-dessous. En appuyant sur le bouton Soumettre, vous d\u00e9clarez avoir pris connaissance de ces informations.<br \/>\nEnsuite, indiquez-nous vos pr\u00e9f\u00e9rences concernant le traitement de vos donn\u00e9es :\n<\/p>\n<p class=\"checkbox-2\" style=\"font-size: 12px; color: gray !important; font-size: 12px; font-family: 'Roboto';\"><span class=\"wpcf7-form-control-wrap\" data-name=\"no-informativa\"><span class=\"wpcf7-form-control wpcf7-checkbox\"><span class=\"wpcf7-list-item first last\"><input type=\"checkbox\" name=\"no-informativa[]\" value=\"Je ne veux pas pour recevoir des informations de communication sur FORMENTERA MOTOR\" \/><span class=\"wpcf7-list-item-label\">Je ne veux pas pour recevoir des informations de communication sur FORMENTERA MOTOR<\/span><\/span><\/span><\/span>\n<\/p>\n<p><input class=\"wpcf7-form-control wpcf7-submit has-spinner\" type=\"submit\" value=\"Soumettre\" \/>\n<\/p>\n<p class=\"frminputtitle\">Informations de base sur la confidentialit\u00e9\n<\/p>\n<p class=\"checkbox\">Responsable : FORMENTERA MOTOR, S.L.<br \/>\nObjet\u00a0: Attention \u00e0 votre demande et envoi de communications informatives de FORMENTERA MOTOR, S.L.<br \/>\nDroits : Vous disposez d'un droit d'acc\u00e8s, de rectification et de suppression des donn\u00e9es, ainsi que d'autres droits comme expliqu\u00e9 dans les informations compl\u00e9mentaires.<br \/>\nInformations suppl\u00e9mentaires : Vous pouvez consulter des informations suppl\u00e9mentaires et d\u00e9taill\u00e9es sur la protection des donn\u00e9es dans la politique de confidentialit\u00e9 de notre site Web disponible <a href=\"\/fr\/politique-de-confidentialite\/\">ici<\/a>.\n<\/p><input type='hidden' class='wpcf7-pum' value='{\"closepopup\":false,\"closedelay\":0,\"openpopup\":false,\"openpopup_id\":0}' \/><div class=\"wpcf7-response-output\" aria-hidden=\"true\"><\/div>\n<\/form>\n<\/div>\n[\/vc_column][vc_column width=\u00a0\u00bb1\/3&Prime;][vc_column_text uncode_shortcode_id=\u00a0\u00bb185249&Prime;]<\/p>\n<div id=\"widContacto\" class=\"widget widget_text limoking-widget\">\n<h3 class=\"limoking-widget-title\">Pour plus d&rsquo;informations\u00a0:<\/h3>\n<div class=\"clear\"><\/div>\n<div class=\"textwidget\">Agence (La Savina) &#8211; 0034 971 32 29 29<br \/>\nAgence Es Cal\u00f3 &#8211; 0034 971 32 70 48<br \/>\nGarage &#8211; 0034 971 32 22 42<br \/>\nFax &#8211; 0034 971 32 27 52<br \/>\nE-mail &#8211; rent@formotor.com<\/div>\n<\/div>\n<p>[\/vc_column_text][\/vc_column][\/vc_row][vc_row unlock_row_content=\u00a0\u00bbyes\u00a0\u00bb row_height_percent=\u00a0\u00bb0&Prime; override_padding=\u00a0\u00bbyes\u00a0\u00bb h_padding=\u00a0\u00bb0&Prime; top_padding=\u00a0\u00bb0&Prime; bottom_padding=\u00a0\u00bb0&Prime; overlay_alpha=\u00a0\u00bb50&Prime; gutter_size=\u00a0\u00bb3&Prime; column_width_percent=\u00a0\u00bb100&Prime; shift_y=\u00a0\u00bb0&Prime; z_index=\u00a0\u00bb0&Prime; uncode_shortcode_id=\u00a0\u00bb316514&Prime; css=\u00a0\u00bb.vc_custom_1646396464616{margin-bottom: 80px !important;}\u00a0\u00bb][vc_column width=\u00a0\u00bb1\/1&Prime;][vc_raw_html]PGlmcmFtZSBzdHlsZT0iYm9yZGVyOiAwOyIgc3JjPSJodHRwczovL3d3dy5nb29nbGUuY29tL21hcHMvZW1iZWQ\/cGI9ITFtMTghMW0xMiExbTMhMWQ5OTYzNC45NDUyOTQyNDU1NCEyZDEuNDEwODkwMjMwMjI5MjI3NyEzZDM4LjcwNDIxNDMzMjMwMDExITJtMyExZjAhMmYwITNmMCEzbTIhMWkxMDI0ITJpNzY4ITRmMTMuMSEzbTMhMW0yITFzMHgxMjk5NWJkYTFhODkyNTZkJTNBMHg4N2Q3ZjYxNTVlNDliMjA2ITJzRm9ybW90b3IrLStBbHF1aWxlcitkZStjb2NoZXMreSttb3RvcystK1JlbnRhY2FyITVlMCEzbTIhMXNlcyEyc3VzITR2MTU1Nzc0NDI1ODQ0OSE1bTIhMXNlcyEyc3VzIiB3aWR0aD0iMTAwJSIgaGVpZ2h0PSI3NTAiIGZyYW1lYm9yZGVyPSIwIiBhbGxvd2Z1bGxzY3JlZW49ImFsbG93ZnVsbHNjcmVlbiI+PC9pZnJhbWU+[\/vc_raw_html][\/vc_column][\/vc_row][vc_row][vc_column width=\u00a0\u00bb1\/1&Prime;][uncode_block id=\u00a0\u00bb15653&Prime;][\/vc_column][\/vc_row][vc_row][vc_column width=\u00a0\u00bb1\/1&Prime;][uncode_block id=\u00a0\u00bb15854&Prime;][\/vc_column][\/vc_row]<\/p>\n<\/div>","protected":false},"excerpt":{"rendered":"<p>Contactez-nous et commencez votre aventure \u00e0 Formentera<\/p>\n","protected":false},"author":1,"featured_media":12078,"parent":0,"menu_order":0,"comment_status":"closed","ping_status":"closed","template":"","meta":{"_acf_changed":false,"footnotes":""},"class_list":["post-18095","page","type-page","status-publish","has-post-thumbnail","hentry"],"acf":[],"_links":{"self":[{"href":"https:\/\/formotor.com\/fr\/wp-json\/wp\/v2\/pages\/18095","targetHints":{"allow":["GET"]}}],"collection":[{"href":"https:\/\/formotor.com\/fr\/wp-json\/wp\/v2\/pages"}],"about":[{"href":"https:\/\/formotor.com\/fr\/wp-json\/wp\/v2\/types\/page"}],"author":[{"embeddable":true,"href":"https:\/\/formotor.com\/fr\/wp-json\/wp\/v2\/users\/1"}],"replies":[{"embeddable":true,"href":"https:\/\/formotor.com\/fr\/wp-json\/wp\/v2\/comments?post=18095"}],"version-history":[{"count":2,"href":"https:\/\/formotor.com\/fr\/wp-json\/wp\/v2\/pages\/18095\/revisions"}],"predecessor-version":[{"id":18539,"href":"https:\/\/formotor.com\/fr\/wp-json\/wp\/v2\/pages\/18095\/revisions\/18539"}],"wp:featuredmedia":[{"embeddable":true,"href":"https:\/\/formotor.com\/fr\/wp-json\/wp\/v2\/media\/12078"}],"wp:attachment":[{"href":"https:\/\/formotor.com\/fr\/wp-json\/wp\/v2\/media?parent=18095"}],"curies":[{"name":"wp","href":"https:\/\/api.w.org\/{rel}","templated":true}]}}