{"id":18093,"date":"2022-03-03T11:55:36","date_gmt":"2022-03-03T10:55:36","guid":{"rendered":"https:\/\/formotor.com\/formotor-rent-conditions-generales-de-reservation\/"},"modified":"2025-02-27T09:42:09","modified_gmt":"2025-02-27T08:42:09","slug":"formotor-rent-conditions-generales-de-reservation","status":"publish","type":"page","link":"https:\/\/formotor.com\/fr\/formotor-rent-conditions-generales-de-reservation\/","title":{"rendered":"Formotor Rent\/ Conditions g\u00e9n\u00e9rales de r\u00e9servation"},"content":{"rendered":"<div style=\"text-align: justify;\">\n<h2><u>INTRODUCTION<\/u><\/h2>\n<p>Les pr\u00e9sentes conditions g\u00e9n\u00e9rales s&rsquo;appliquent aux r\u00e9servations trait\u00e9es via le site www.formotor.com (ci-apr\u00e8s le \u00ab\u00a0site Web\u00a0\u00bb) et constituent un contrat entre vous (ci-apr\u00e8s le \u00ab\u00a0client\u00a0\u00bb) et\u00a0:<\/p>\n<p>FORMENTERA MOTOR, S.L. (ci-apr\u00e8s FORMOTOR)<\/p>\n<p>Adresse\u00a0: La Savina, 07870 Formentera (\u00celes Bal\u00e9ares), Espagne<\/p>\n<p>CIF\u00a0: B07609951<\/p>\n<p>T\u00e9l. Agence La Savina &#8211; 0034 971 32 29 29<br \/>\nT\u00e9l. Agence Es Cal\u00f3 &#8211; 0034 971 32 70 48<\/p>\n<p>T\u00e9l. Garage &#8211; 0034 971 32 22 42<\/p>\n<p>Fax &#8211; 0034 971 32 27 52<\/p>\n<p>E-mail &#8211; rent@formotor.com<\/p>\n<p>La demande et le traitement des r\u00e9servations sur ce site Web impliquent l&rsquo;acceptation pleine et inconditionnelle de l&rsquo;avis juridique, des conditions d&rsquo;utilisation et de la politique de confidentialit\u00e9 du site Web, ainsi que des conditions du tarif et des pr\u00e9sentes conditions g\u00e9n\u00e9rales de contrat, dans leur derni\u00e8re version. Par cons\u00e9quent, nous vous conseillons de lire ces conditions avant de demander ou de formaliser votre r\u00e9servation et chaque fois que vous acc\u00e9dez \u00e0 notre site Web, car nous nous r\u00e9servons le droit de changer, modifier, ajouter ou supprimer toute partie de ces conditions g\u00e9n\u00e9rales \u00e0 tout moment.<\/p>\n<p><b>R\u00c9GLEMENTATION JURIDIQUE<\/b><\/p>\n<p>Les pr\u00e9sentes conditions g\u00e9n\u00e9rales sont soumises aux dispositions de la loi 7\/1998, du 13 avril, sur les conditions g\u00e9n\u00e9rales des contrats, du d\u00e9cret royal l\u00e9gislatif 1\/2007, du 16 novembre, qui approuve le texte r\u00e9vis\u00e9 de la loi g\u00e9n\u00e9rale pour la d\u00e9fense des consommateurs et des utilisateurs et d&rsquo;autres lois compl\u00e9mentaires, de la loi 34\/2002, du 11 juillet, sur les services de la soci\u00e9t\u00e9 de l&rsquo;information et le commerce \u00e9lectronique, ainsi que de toute r\u00e9glementation touristique applicable et, subsidiairement, du code civil et du code de commerce.<\/p>\n<p><b>CLAUSE<\/b><\/p>\n<p>La formalisation des r\u00e9servations sur le site Web est soumise aux clauses suivantes\u00a0:<\/p>\n<ol>\n<li><b> Manifestations\u00a0:<\/b> Le client d\u00e9clare\u00a0:<\/li>\n<\/ol>\n<ol>\n<li style=\"font-weight: 400;\" aria-level=\"1\">\u00catre majeur et avoir la pleine capacit\u00e9 de formaliser la r\u00e9servation, en d\u00e9clarant avoir bien compris toutes les conditions figurant sur le site Web.<\/li>\n<li style=\"font-weight: 400;\" aria-level=\"1\">Que les donn\u00e9es fournies lors de la r\u00e9servation sont vraies et compl\u00e8tes.<\/li>\n<li style=\"font-weight: 400;\" aria-level=\"1\">Qu&rsquo;il confirme la r\u00e9servation demand\u00e9e et en particulier les dates indiqu\u00e9es et le nombre de personnes.<\/li>\n<\/ol>\n<ol start=\"2\">\n<li><b> Acc\u00e8s au site Web\u00a0:<\/b> l&rsquo;acc\u00e8s \u00e0 ce site Web est de la responsabilit\u00e9 du client.<\/li>\n<li><b> R\u00e9servation\u00a0:<\/b><\/li>\n<\/ol>\n<p><b>3.1.<\/b>La r\u00e9servation comprend les services d\u00e9taill\u00e9s selon les conditions tarifaires stipul\u00e9es sur la page \u00e0 partir de laquelle la r\u00e9servation est demand\u00e9e ou formalis\u00e9e. Vous devez accepter ces conditions particuli\u00e8res, ainsi que les pr\u00e9sentes conditions g\u00e9n\u00e9rales, avant d&rsquo;effectuer votre r\u00e9servation. Le contrat peut \u00eatre formalis\u00e9 de mani\u00e8re valable en espagnol et dans les autres langues disponibles sur le site. En cas de divergence entre les versions traduites des pr\u00e9sentes conditions, la version espagnole pr\u00e9vaudra.<\/p>\n<p><b>3.2.<\/b>Le client accepte que la soci\u00e9t\u00e9 FORMOTOR n&rsquo;assume aucune obligation ou responsabilit\u00e9 pour les services qu&rsquo;elle ne fournit pas directement et notamment pour toute inexactitude, caract\u00e8re incomplet, p\u00e9rim\u00e9 et\/ou impr\u00e9cis des donn\u00e9es ou informations sur les offres, prix, caract\u00e9ristiques et toutes autres donn\u00e9es et informations pertinentes sur les produits ou services de fournisseurs externes qui sont annonc\u00e9s ou pourraient \u00eatre r\u00e9serv\u00e9s via le site Web. En outre, FORMOTOR est exon\u00e9r\u00e9e de toute responsabilit\u00e9 d\u00e9coulant de l&rsquo;inex\u00e9cution ou de la mauvaise ex\u00e9cution par ces fournisseurs des obligations d\u00e9coulant de leurs obligations contractuelles ou de la r\u00e9glementation en vigueur.<\/p>\n<p><b>3.3.<\/b> R\u00e9servations en ligne\u00a0: le processus de formalisation des r\u00e9servations en ligne suit les \u00e9tapes suivantes\u00a0:<\/p>\n<p>\u00c9tape 1. Info r\u00e9servation\u00a0: d\u00e9tails de la r\u00e9servation<\/p>\n<p>\u00c9tape 2. Conditions\u00a0: Acceptation des conditions l\u00e9gales.<\/p>\n<p>\u00c9tape 3. Donn\u00e9es personnelles.<\/p>\n<p>\u00c9tape 4. Confirmation et paiement.<\/p>\n<p>Une fois la r\u00e9servation effectu\u00e9e, une confirmation sera envoy\u00e9e par e-mail \u00e0 l&rsquo;adresse de contact fournie par le client.<\/p>\n<p>Sauf disposition contraire dans les conditions tarifaires, la r\u00e9servation n&rsquo;est pas consid\u00e9r\u00e9e comme ferme tant que le paiement du prix ou du d\u00e9p\u00f4t stipul\u00e9 n&rsquo;a pas \u00e9t\u00e9 effectu\u00e9.<\/p>\n<p><b>3.4.<\/b> R\u00e9servations sur demande (r\u00e9servations sur demande)\u00a0R\u00e9servations sur demande : pour les produits ou services qui ne peuvent \u00eatre r\u00e9serv\u00e9s que sur demande, sauf stipulation contraire dans les conditions tarifaires, la simple demande de disponibilit\u00e9 n&rsquo;implique pas l&rsquo;enregistrement de la r\u00e9servation, qui est soumise \u00e0 la r\u00e9alisation des conditions indiqu\u00e9es sur la page \u00e0 partir de laquelle la demande est effectu\u00e9e, ainsi qu&rsquo;\u00e0 sa confirmation effective par FORMOTOR.<\/p>\n<p><b>3.5.<\/b> \u00c0 chaque \u00e9tape de la r\u00e9servation, les \u00e9ventuelles erreurs dans la saisie des donn\u00e9es peuvent \u00eatre corrig\u00e9es en utilisant le bouton \u00ab\u00a0retour\u00a0\u00bb de votre navigateur. De m\u00eame, les donn\u00e9es de r\u00e9servation seront r\u00e9capitul\u00e9es dans l&rsquo;e-mail de confirmation. Si des erreurs sont d\u00e9tect\u00e9es, les utilisateurs doivent imm\u00e9diatement demander des corrections \u00e0 FORMOTOR en envoyant un courrier \u00e9lectronique \u00e0\u00a0: rent@formotor.com<\/p>\n<ol start=\"4\">\n<li><b> Conditions et avertissements\u00a0:<\/b><\/li>\n<\/ol>\n<p>Le v\u00e9hicule ne peut \u00eatre conduit que par le locataire lui-m\u00eame ou par des personnes express\u00e9ment autoris\u00e9es au recto du pr\u00e9sent contrat, dont l&rsquo;\u00e2ge minimum est de 23 ans et qui sont titulaires d&rsquo;un permis de conduire en cours de validit\u00e9 depuis au moins 3 ans et \u00e0 jour pour les v\u00e9hicules \u00e0 4 roues. Pour les scooters 125\u00a0cc, il est indispensable d&rsquo;avoir la cat\u00e9gorie A1, ou d&rsquo;avoir accompli 3 ann\u00e9es de la cat\u00e9gorie B du permis de conduire.<\/p>\n<p><b>4.1<\/b> Documents obligatoires<\/p>\n<p>Tout v\u00e9hicule doit \u00eatre pr\u00e9sent\u00e9 \u00e0 tout moment afin de pouvoir effectuer la location.\u00a0:<\/p>\n<ol>\n<li style=\"font-weight: 400;\" aria-level=\"1\">Permis de conduire original et en cours de validit\u00e9<\/li>\n<li style=\"font-weight: 400;\" aria-level=\"1\">Carte de cr\u00e9dit au nom du chauffeur \u00e0 titre de caution. Les cartes de cr\u00e9dit DINERS CLUB et AMERICAN EXPRESS ne seront pas accept\u00e9es comme caution.<\/li>\n<\/ol>\n<p><b>4.2<\/b> Franchise<\/p>\n<p>Il s&rsquo;agit de la somme jusqu&rsquo;\u00e0 laquelle le locataire supportera \u00e0 sa charge les dommages caus\u00e9s au v\u00e9hicule, de toute nature et condition, pendant la p\u00e9riode de location et applicable par accident.<\/p>\n<p>La franchise sera bloqu\u00e9e sur la carte de cr\u00e9dit, pour les locations de moins de 7 jours, et d\u00e9bit\u00e9e directement sur la carte pour les locations de 7 jours ou plus, avec le cr\u00e9dit correspondant, au moment de la restitution du v\u00e9hicule, \u00e0 condition qu&rsquo;il soit rendu dans le m\u00eame \u00e9tat qu&rsquo;au moment de la livraison.<\/p>\n<p><strong>VOITURES<\/strong><\/p>\n<p>Franchise groupes A et B 400 \u20ac Franchise<br \/>\ngroupes B+ et C 550 \u20ac<br \/>\nVan 5 pax, Minivan (7pax et 9pax), automatique (5pax et Smart Fortwo) et Fiat 500 cabrio (500c) franchise 800\u20ac<br \/>\nJeep Wrangler (4pax, 5pax et automatique ) et v\u00e9hicules \u00e9lectriques* franchise 1500 \u20ac<br \/>\n* V\u00e9hicules \u00e9lectriques 600 \u20ac suppl\u00e9mentaires pour perte de chargeur.<\/p>\n<p><strong>MOTOCYCLETTES<\/strong><\/p>\n<p>Scooter 50cc et 110cc franchise 250\u20ac<br \/>\nScooter jusqu&rsquo;\u00e0 125cc franchise 300\u20ac<\/p>\n<p><b>4.3<\/b> Super assurance (facultatif)<\/p>\n<p>Il s&rsquo;agit d&rsquo;un service optionnel qui dispense le locataire, lorsqu&rsquo;il le contracte, de payer le montant \u00e0 payer (franchise) pour les dommages et\/ou pertes caus\u00e9s au v\u00e9hicule, \u00e0 l&rsquo;exception des exclusions (dessous de caisse, toit, vitres, tout objet manquant \u00e0 l&rsquo;int\u00e9rieur).<\/p>\n<p><strong>VOITURES<\/strong><br \/>\nGroupes A et B = 11,50\u20ac\/jour<br \/>\nGroupes B+ et C = 15,40\u20ac\/jour<br \/>\nMinivan (5pax, 7pax et 9pax) = 23,40\u20ac\/jour<br \/>\nGroupe F et F+ (Automatique 5pax) = 23,40\u20ac\/jour<br \/>\nFiat 500 cabrio (500c ) = 23,40 \u20ac\/jour<\/p>\n<p><strong>Protection pare-brise et pneus<\/strong><\/p>\n<p>Protection de pare-brise, cristaux, feux et pneus 28euros\/location.<\/p>\n<p><strong>MOTOCYCLETTES<\/strong><br \/>\nCyclomoteurs (scooter 50cc) et motos jusqu&rsquo;\u00e0 125cc (scooter)<br \/>\nAssurance Super moto 1 jour : 15 \u20ac<br \/>\nAssurance Super moto 2 jours et plus : 5,20 \u20ac\/jour<\/p>\n<p><b>4.4<\/b> Charges (optionnelles)<\/p>\n<p>Si\u00e8ge b\u00e9b\u00e9\/Maxicosi\/Releveur\u00a0: prix 3,00\u00a0euros\/jour avec un maximum de 30,00\u00a0\u20ac .<\/p>\n<p>Conducteur suppl\u00e9mentaire\u00a0: prix 3\u00a0euros\/ jour, avec un maximum de 30\u00a0\u20ac.<\/p>\n<p>Livraison en dehors des heures d&rsquo;ouverture\u00a0: 30\u00a0\u20ac*<\/p>\n<ul>\n<li>Nous sommes ouverts jusqu&rsquo;\u00e0 l&rsquo;arriv\u00e9e du ferry, au plus tard \u00e0 23\u00a0h\u00a030.<\/li>\n<\/ul>\n<p>Livraison\/prise en charge \u00e0 domicile\u00a0: 20\u00a0\u20ac \/ trajet<\/p>\n<p><b>4.5<\/b> Politique relative au carburant<\/p>\n<p>Le v\u00e9hicule doit \u00eatre restitu\u00e9 avec le m\u00eame niveau de carburant qu&rsquo;au moment de la location. Dans le cas contraire, vous serez factur\u00e9 pour le carburant manquant plus un suppl\u00e9ment pour les services de ravitaillement, selon le tarif en vigueur et en fonction du groupe de v\u00e9hicules. Dans tous les cas, il y aura une p\u00e9nalit\u00e9 de 150\u20ac pour l&rsquo;utilisation inappropri\u00e9e de carburant, qui sera factur\u00e9e au client\/locataire.<\/p>\n<p>La taxe de ravitaillement est de 5 \u20ac pour les v\u00e9hicules \u00e0 2 roues et de 15 \u20ac pour les v\u00e9hicules \u00e0 4 roues.<\/p>\n<p>En cas de retour du v\u00e9hicule avec plus de carburant que la quantit\u00e9 initiale, il sera proc\u00e9d\u00e9 au remboursement de ce montant en fonction du prix du march\u00e9 du carburant en vigueur au moment.<\/p>\n<p><b>4.6<\/b> Frais r\u00e9sultant d&rsquo;une utilisation inappropri\u00e9e du v\u00e9hicule\u00a0:<\/p>\n<ol>\n<li style=\"font-weight: 400;\" aria-level=\"1\">Perte de casque 50\u00a0cc\u00a0: 21\u00a0\u20ac<\/li>\n<li style=\"font-weight: 400;\" aria-level=\"1\">Perte de casque 125\u00a0cc\u00a0: 40\u00a0\u20ac<\/li>\n<li style=\"font-weight: 400;\" aria-level=\"1\">Perte de cl\u00e9s de scooter 50\u00a0cc ou non cod\u00e9es\u00a0: 20\u00a0\u20ac.<\/li>\n<li style=\"font-weight: 400;\" aria-level=\"1\">Perte de cl\u00e9 cod\u00e9e descooter jusqu&rsquo;\u00e0 125\u00a0cc\u00a0: 90\u00a0\u20ac .<\/li>\n<li style=\"font-weight: 400;\" aria-level=\"1\">Perte de cl\u00e9 de cadenas de v\u00e9lo\u00a0: 6\u00a0\u20ac .<\/li>\n<li style=\"font-weight: 400;\" aria-level=\"1\">Perte de cadenas\u00a0: 12\u00a0\u20ac .<\/li>\n<li style=\"font-weight: 400;\" aria-level=\"1\">Perte de cl\u00e9 de voiture : Prix selon le co\u00fbt de fabrication.<\/li>\n<li style=\"font-weight: 400;\" aria-level=\"1\">Utilisation de carburant inad\u00e9quat dans les v\u00e9hicules 4 roues\u00a0: 150\u00a0\u20ac .<\/li>\n<li style=\"font-weight: 400;\" aria-level=\"1\">Frais de d\u00e9placement en cas de perte de cl\u00e9s\u00a0: 15\u00a0\u20ac .<\/li>\n<li style=\"font-weight: 400;\" aria-level=\"1\">Transfert de v\u00e9hicule avec grue\u00a0: 80\u00a0\u20ac.<\/li>\n<li style=\"font-weight: 400;\" aria-level=\"1\">Restitution du v\u00e9hicule avec fauteuils mouill\u00e9s\u00a0; 50\u00a0\u20ac.<\/li>\n<li style=\"font-weight: 400;\" aria-level=\"1\">Livraison en dehors des heures de bureau\u00a0: 30\u00a0\u20ac.<\/li>\n<li style=\"font-weight: 400;\" aria-level=\"1\">Nettoyage suppl\u00e9mentaire, en cas de retour du v\u00e9hicule avec une salet\u00e9 EXTR\u00caME\u00a0: 70\u00a0\u20ac<\/li>\n<li style=\"font-weight: 400;\" aria-level=\"1\">R\u00e9troviseurs Vespa Primavera \/LX\u00a0: 70\u00a0\u20ac.<\/li>\n<li style=\"font-weight: 400;\" aria-level=\"1\">R\u00e9troviseurs Scooter 50\u00a0cc\u00a0: 30\u00a0\u20ac.<\/li>\n<\/ol>\n<p><b>4.6<\/b> Politique de livraison\/retour de v\u00e9hicule<\/p>\n<p>Au moment de la livraison du v\u00e9hicule, la soci\u00e9t\u00e9 remettra au client un \u00e9tat initial du v\u00e9hicule, qui comprendra tous les d\u00e9fauts mineurs que le v\u00e9hicule peut pr\u00e9senter, ainsi que le niveau de carburant et le kilom\u00e9trage, que le client devra signer et joindre au contrat de location, acceptant par sa signature l&rsquo;\u00e9tat initial du v\u00e9hicule, qui pourra \u00eatre r\u00e9vis\u00e9 de mani\u00e8re conjointe si le client le demande. Le dernier jour, au moment de la restitution, la soci\u00e9t\u00e9 contr\u00f4lera \u00e0 nouveau l&rsquo;\u00e9tat du v\u00e9hicule pour v\u00e9rifier son \u00e9tat. Le client peut demander une copie du rapport d&rsquo;inspection, indiquant la pr\u00e9sence ou l&rsquo;absence de dommages et les d\u00e9tails de ces derniers.<\/p>\n<ol start=\"5\">\n<li><b> Prix et paiement\u00a0:<br \/>\n<\/b><\/li>\n<\/ol>\n<p><b>5.1.<\/b> Les conditions, le prix des services et les modes de paiement accept\u00e9s sont ceux qui sont express\u00e9ment d\u00e9termin\u00e9s sur la page sur laquelle vous effectuez la r\u00e9servation.<\/p>\n<p>Le Client autorise express\u00e9ment FORMOTOR \u00e0 facturer les frais pr\u00e9vus dans les conditions tarifaires, par exemple pour couvrir les \u00e9ventuelles p\u00e9nalit\u00e9s d&rsquo;annulation tardive ou de non-pr\u00e9sentation, en acceptant que les coordonn\u00e9es des moyens de paiement fournis soient utilis\u00e9es pour facturer les frais correspondants.<\/p>\n<p><b>5.2.<\/b> Les promotions et offres ne sont valables que tant qu&rsquo;elles restent accessibles aux destinataires du service.<\/p>\n<p><b>5.3.<\/b> Sauf indication contraire expresse, les prix indiqu\u00e9s sur <a href=\"http:\/\/www.cicerone.com\">le<\/a> site Web sont des prix de d\u00e9tail, TVA incluse (21\u00a0%). La transaction sera effectu\u00e9e en EUROS, quelle que soit le pays d&rsquo;origine du client.<\/p>\n<ol start=\"6\">\n<li><b> Modification ou annulation des r\u00e9servations\u00a0:<\/b> Sauf indication contraire dans les conditions tarifaires stipul\u00e9es sur la page \u00e0 partir de laquelle la r\u00e9servation est demand\u00e9e ou formalis\u00e9e, vous pouvez annuler votre r\u00e9servation sans frais jusqu&rsquo;\u00e0 48\u00a0h avant la prise en charge du v\u00e9hicule.<\/li>\n<\/ol>\n<p>Si l&rsquo;annulation est effectu\u00e9e dans les 48\u00a0heures pr\u00e9c\u00e9dant le jour de la prise en charge du v\u00e9hicule, vous perdrez 50\u00a0% du paiement.<\/p>\n<p>En cas d&rsquo;annulation moins de 24 heures avant la prise en charge, la totalit\u00e9 de l&rsquo;acompte sera perdue.<\/p>\n<ol start=\"7\">\n<li><b> Droit de r\u00e9tractation\u00a0:<\/b> Aux fins des dispositions de l&rsquo;article 97.1.i) RDL 1\/2007, vous \u00eates inform\u00e9 que, conform\u00e9ment aux dispositions de l&rsquo;article 103 l) du d\u00e9cret-loi royal susmentionn\u00e9, vous ne disposez pas du droit de r\u00e9tractation.<\/li>\n<li><b> Nullit\u00e9 des clauses\u00a0: <\/b>Si une ou plusieurs des clauses incluses dans les pr\u00e9sentes conditions g\u00e9n\u00e9rales devaient \u00eatre d\u00e9clar\u00e9es totalement ou partiellement nulles ou inefficaces, cela n&rsquo;affecterait que la disposition ou la partie ainsi d\u00e9clar\u00e9e, les conditions g\u00e9n\u00e9rales subsistant \u00e0 tous autres \u00e9gards, et la disposition, ou la partie de celle-ci, sera r\u00e9put\u00e9e ne pas avoir \u00e9t\u00e9 incluse.<\/li>\n<li><b> Acceptation\u00a0: <\/b>La demande et la formalisation de la r\u00e9servation impliquent n\u00e9cessairement que vous acceptiez toutes et chacune des pr\u00e9sentes conditions g\u00e9n\u00e9rales, consid\u00e9r\u00e9es comme partie int\u00e9grante de la r\u00e9servation et compl\u00e9t\u00e9es par les conditions tarifaires et la l\u00e9gislation sp\u00e9cifique applicable.<\/li>\n<li><b> Droit applicable et juridiction\u00a0: <\/b>Le pr\u00e9sent contrat est r\u00e9gi par la loi espagnole, \u00e0 l&rsquo;exclusion de ses r\u00e8gles de conflit de lois. Sans pr\u00e9judice des droits accord\u00e9s aux consommateurs en mati\u00e8re de juridiction par le D\u00e9cret Royal L\u00e9gislatif 1\/2007, du 16 novembre, tout litige pouvant d\u00e9couler de l&rsquo;utilisation du site Web ou des services qui lui sont li\u00e9s sera soumis \u00e0 la juridiction et \u00e0 la comp\u00e9tence des Cours et Tribunaux comp\u00e9tents bas\u00e9s au domicile de FORMOTOR, le Client renon\u00e7ant express\u00e9ment \u00e0 sa propre juridiction s&rsquo;il en a une.<\/li>\n<\/ol>\n<p>Version 1.1 \u2013 avril 2025<\/p>\n<\/div>\n","protected":false},"excerpt":{"rendered":"<p>INTRODUCTION Les pr\u00e9sentes conditions g\u00e9n\u00e9rales s&rsquo;appliquent aux r\u00e9servations trait\u00e9es via le site www.formotor.com (ci-apr\u00e8s le \u00ab\u00a0site Web\u00a0\u00bb) et constituent un [&hellip;]<\/p>\n","protected":false},"author":1,"featured_media":0,"parent":0,"menu_order":0,"comment_status":"closed","ping_status":"closed","template":"","meta":{"_acf_changed":false,"footnotes":""},"class_list":["post-18093","page","type-page","status-publish","hentry"],"acf":[],"_links":{"self":[{"href":"https:\/\/formotor.com\/fr\/wp-json\/wp\/v2\/pages\/18093","targetHints":{"allow":["GET"]}}],"collection":[{"href":"https:\/\/formotor.com\/fr\/wp-json\/wp\/v2\/pages"}],"about":[{"href":"https:\/\/formotor.com\/fr\/wp-json\/wp\/v2\/types\/page"}],"author":[{"embeddable":true,"href":"https:\/\/formotor.com\/fr\/wp-json\/wp\/v2\/users\/1"}],"replies":[{"embeddable":true,"href":"https:\/\/formotor.com\/fr\/wp-json\/wp\/v2\/comments?post=18093"}],"version-history":[{"count":5,"href":"https:\/\/formotor.com\/fr\/wp-json\/wp\/v2\/pages\/18093\/revisions"}],"predecessor-version":[{"id":19620,"href":"https:\/\/formotor.com\/fr\/wp-json\/wp\/v2\/pages\/18093\/revisions\/19620"}],"wp:attachment":[{"href":"https:\/\/formotor.com\/fr\/wp-json\/wp\/v2\/media?parent=18093"}],"curies":[{"name":"wp","href":"https:\/\/api.w.org\/{rel}","templated":true}]}}