{"id":18089,"date":"2022-03-03T13:04:50","date_gmt":"2022-03-03T12:04:50","guid":{"rendered":"https:\/\/formotor.com\/nous-sommes-differents\/"},"modified":"2023-04-13T09:52:23","modified_gmt":"2023-04-13T08:52:23","slug":"nous-sommes-differents","status":"publish","type":"page","link":"https:\/\/formotor.com\/fr\/nous-sommes-differents\/","title":{"rendered":"Nous sommes diff\u00e9rents"},"content":{"rendered":"<div class=\"wpb-content-wrapper\"><p>[vc_row row_height_percent=\u00a0\u00bb0&Prime; override_padding=\u00a0\u00bbyes\u00a0\u00bb h_padding=\u00a0\u00bb2&Prime; top_padding=\u00a0\u00bb0&Prime; bottom_padding=\u00a0\u00bb0&Prime; back_image=\u00a0\u00bb11816&Prime; back_repeat=\u00a0\u00bbno-repeat\u00a0\u00bb back_position=\u00a0\u00bbright center\u00a0\u00bb overlay_alpha=\u00a0\u00bb50&Prime; gutter_size=\u00a0\u00bb3&Prime; column_width_percent=\u00a0\u00bb100&Prime; shift_y=\u00a0\u00bb0&Prime; z_index=\u00a0\u00bb0&Prime; uncode_shortcode_id=\u00a0\u00bb318145&Prime; el_id=\u00a0\u00bbfeatured-title\u00a0\u00bb][vc_column width=\u00a0\u00bb1\/2&Prime;][vc_custom_heading text_color=\u00a0\u00bbcolor-blue-formotor\u00a0\u00bb heading_semantic=\u00a0\u00bbh4&Prime; text_size=\u00a0\u00bbh4&Prime; uncode_shortcode_id=\u00a0\u00bb182312&Prime; text_color_type=\u00a0\u00bbuncode-palette\u00a0\u00bb]Nous travaillons sans rel\u00e2che pour que vous n&rsquo;ayez \u00e0 vous soucier que de vous faire plaisir.[\/vc_custom_heading][vc_column_text text_color=\u00a0\u00bbcolor-blue-formotor\u00a0\u00bb uncode_shortcode_id=\u00a0\u00bb377096&Prime; text_color_type=\u00a0\u00bbuncode-palette\u00a0\u00bb]<\/p>\n<div class=\"about-us-title-divider\"><\/div>\n<p>Formotor est une entreprise qui \u0153uvre toute l&rsquo;ann\u00e9e pour \u00eatre en mesure de vous proposer la r\u00e9servation de votre moto et\/ou voiture au meilleur prix et de trouver le v\u00e9hicule qui correspond le mieux \u00e0 vos besoins.[\/vc_column_text][vc_custom_heading text_color=\u00a0\u00bbcolor-blue-light-2-formotor\u00a0\u00bb heading_semantic=\u00a0\u00bbh6&Prime; text_size=\u00a0\u00bbh6&Prime; uncode_shortcode_id=\u00a0\u00bb307486&Prime; text_color_type=\u00a0\u00bbuncode-palette\u00a0\u00bb]Votre satisfaction est notre priorit\u00e9[\/vc_custom_heading][\/vc_column][vc_column width=\u00a0\u00bb1\/2&Prime;][\/vc_column][\/vc_row][vc_row][vc_column width=\u00a0\u00bb1\/1&Prime;][uncode_block id=\u00a0\u00bb15646&Prime;][\/vc_column][\/vc_row][vc_row row_height_percent=\u00a0\u00bb0&Prime; back_image=\u00a0\u00bb11831&Prime; overlay_alpha=\u00a0\u00bb0&Prime; gutter_size=\u00a0\u00bb3&Prime; column_width_percent=\u00a0\u00bb100&Prime; shift_y=\u00a0\u00bb0&Prime; z_index=\u00a0\u00bb0&Prime; uncode_shortcode_id=\u00a0\u00bb620441&Prime; el_id=\u00a0\u00bbv\u00e9hicule\u00a0\u00bb][vc_column width=\u00a0\u00bb1\/2&Prime;][\/vc_column][vc_column width=\u00a0\u00bb1\/2&Prime;][vc_custom_heading heading_semantic=\u00a0\u00bbh4&Prime; text_size=\u00a0\u00bbh4&Prime; uncode_shortcode_id=\u00a0\u00bb571346&Prime;]30 ans \u00e0 offrir le meilleur service de location de v\u00e9hicules \u00e0 Formentera[\/vc_custom_heading][vc_column_text text_color=\u00a0\u00bbcolor-blue-formotor\u00a0\u00bb uncode_shortcode_id=\u00a0\u00bb102716&Prime; text_color_type=\u00a0\u00bbuncode-palette\u00a0\u00bb]<\/p>\n<div class=\"about-us-title-divider\"><\/div>\n<p>Formotor dispose de plusieurs agences, situ\u00e9es dans le port de La Savina et \u00e0 Es Cal\u00f3 de Sant Agust\u00ed. Dans le but de garantir un service de qualit\u00e9, Formotor dispose \u00e9galement d&rsquo;un atelier qui maintient sa flotte de v\u00e9hicules dans des conditions optimales.[\/vc_column_text][vc_button button_color=\u00a0\u00bbcolor-blue-light-2-formotor\u00a0\u00bb border_width=\u00a0\u00bb0&Prime; button_color_type=\u00a0\u00bbuncode-palette\u00a0\u00bb el_class=\u00a0\u00bbbtn-fomotor-light-2&Prime; uncode_shortcode_id=\u00a0\u00bb138014&Prime; link=\u00a0\u00bburl:https%3A%2F%2Fformotor.com%2Freservas%2F|\u00a0\u00bb]R\u00c9SERVER[\/vc_button][\/vc_column][\/vc_row][vc_row row_height_percent=\u00a0\u00bb0&Prime; override_padding=\u00a0\u00bbyes\u00a0\u00bb h_padding=\u00a0\u00bb2&Prime; top_padding=\u00a0\u00bb5&Prime; bottom_padding=\u00a0\u00bb5&Prime; overlay_alpha=\u00a0\u00bb50&Prime; gutter_size=\u00a0\u00bb3&Prime; column_width_percent=\u00a0\u00bb100&Prime; shift_y=\u00a0\u00bb0&Prime; z_index=\u00a0\u00bb0&Prime; uncode_shortcode_id=\u00a0\u00bb964125&Prime; el_id=\u00a0\u00bbfrmhomeboxotherservices-2&Prime;][vc_column column_width_percent=\u00a0\u00bb100&Prime; gutter_size=\u00a0\u00bb3&Prime; overlay_alpha=\u00a0\u00bb50&Prime; shift_x=\u00a0\u00bb0&Prime; shift_y=\u00a0\u00bb0&Prime; shift_y_down=\u00a0\u00bb0&Prime; z_index=\u00a0\u00bb0&Prime; medium_width=\u00a0\u00bb0&Prime; mobile_width=\u00a0\u00bb0&Prime; width=\u00a0\u00bb1\/1&Prime; uncode_shortcode_id=\u00a0\u00bb199351&Prime; el_class=\u00a0\u00bbsubtitle-as-proc\u00a0\u00bb][vc_custom_heading heading_semantic=\u00a0\u00bbh3&Prime; text_size=\u00a0\u00bbh3&Prime; uncode_shortcode_id=\u00a0\u00bb102187&Prime; el_class=\u00a0\u00bbas-proc\u00a0\u00bb]NOTRE ATOUT[\/vc_custom_heading][vc_column_text text_color=\u00a0\u00bbcolor-blue-formotor\u00a0\u00bb uncode_shortcode_id=\u00a0\u00bb926375&Prime; text_color_type=\u00a0\u00bbuncode-palette\u00a0\u00bb]<\/p>\n<p style=\"text-align: center;\">Les r\u00e9sultats que nous avons obtenus au cours des 30 derni\u00e8res ann\u00e9es ne sont pas le fruit du hasard, mais d&rsquo;une volont\u00e9 constante de vous satisfaire.<\/p>\n<p>[\/vc_column_text][vc_row_inner row_inner_height_percent=\u00a0\u00bb0&Prime; overlay_alpha=\u00a0\u00bb50&Prime; gutter_size=\u00a0\u00bb3&Prime; shift_y=\u00a0\u00bb0&Prime; z_index=\u00a0\u00bb0&Prime; uncode_shortcode_id=\u00a0\u00bb195300&Prime; el_class=\u00a0\u00bbradius-img\u00a0\u00bb][vc_column_inner width=\u00a0\u00bb1\/4&Prime;][vc_single_image media=\u00a0\u00bb11842&Prime; media_width_percent=\u00a0\u00bb100&Prime; uncode_shortcode_id=\u00a0\u00bb114647&Prime;][\/vc_column_inner][vc_column_inner column_width_percent=\u00a0\u00bb100&Prime; position_vertical=\u00a0\u00bbmiddle\u00a0\u00bb gutter_size=\u00a0\u00bb3&Prime; overlay_alpha=\u00a0\u00bb50&Prime; shift_x=\u00a0\u00bb0&Prime; shift_y=\u00a0\u00bb0&Prime; shift_y_down=\u00a0\u00bb0&Prime; z_index=\u00a0\u00bb0&Prime; medium_width=\u00a0\u00bb0&Prime; mobile_width=\u00a0\u00bb0&Prime; width=\u00a0\u00bb3\/4&Prime; uncode_shortcode_id=\u00a0\u00bb299708&Prime;][vc_custom_heading text_color=\u00a0\u00bbcolor-blue-light-2-formotor\u00a0\u00bb heading_semantic=\u00a0\u00bbh4&Prime; text_size=\u00a0\u00bbh4&Prime; uncode_shortcode_id=\u00a0\u00bb193173&Prime; text_color_type=\u00a0\u00bbuncode-palette\u00a0\u00bb]Entreprise familiale et de confiance[\/vc_custom_heading][vc_column_text uncode_shortcode_id=\u00a0\u00bb164939&Prime;]Formotor est une entreprise locale et familiale, qui est toujours dirig\u00e9e par les fondateurs et leurs descendants, en collaboration avec une \u00e9quipe formidable.<\/p>\n<p>Elle commen\u00e7a, dans la Formentera des ann\u00e9es 80 qui venait de s&rsquo;ouvrir au tourisme, par la location de bicyclettes, puis se lan\u00e7a dans la location de la c\u00e9l\u00e8bre Vespa Primavera, avant de passer aux quatre roues avec la Mehari, un mod\u00e8le historique. Apr\u00e8s 30 ans et enti\u00e8rement restaur\u00e9e, elle reste l&rsquo;un de nos v\u00e9hicules vedettes.<\/p>\n<p>Nos clients constituent la base qui permet \u00e0 Formotor de se d\u00e9velopper et de s&rsquo;am\u00e9liorer jour apr\u00e8s jour. Vous (les clients) nous donnez la confiance et la s\u00e9curit\u00e9 dont nous avons besoin pour poursuivre dans cette voie.[\/vc_column_text][\/vc_column_inner][\/vc_row_inner][vc_row_inner row_inner_height_percent=\u00a0\u00bb0&Prime; overlay_alpha=\u00a0\u00bb50&Prime; gutter_size=\u00a0\u00bb3&Prime; shift_y=\u00a0\u00bb0&Prime; z_index=\u00a0\u00bb0&Prime; uncode_shortcode_id=\u00a0\u00bb693881&Prime; el_class=\u00a0\u00bbradius-img\u00a0\u00bb][vc_column_inner width=\u00a0\u00bb1\/4&Prime;][vc_single_image media=\u00a0\u00bb11859&Prime; media_width_percent=\u00a0\u00bb100&Prime; uncode_shortcode_id=\u00a0\u00bb708232&Prime;][\/vc_column_inner][vc_column_inner column_width_percent=\u00a0\u00bb100&Prime; position_vertical=\u00a0\u00bbmiddle\u00a0\u00bb gutter_size=\u00a0\u00bb3&Prime; overlay_alpha=\u00a0\u00bb50&Prime; shift_x=\u00a0\u00bb0&Prime; shift_y=\u00a0\u00bb0&Prime; shift_y_down=\u00a0\u00bb0&Prime; z_index=\u00a0\u00bb0&Prime; medium_width=\u00a0\u00bb0&Prime; mobile_width=\u00a0\u00bb0&Prime; width=\u00a0\u00bb3\/4&Prime; uncode_shortcode_id=\u00a0\u00bb109315&Prime;][vc_custom_heading text_color=\u00a0\u00bbcolor-blue-light-2-formotor\u00a0\u00bb heading_semantic=\u00a0\u00bbh4&Prime; text_size=\u00a0\u00bbh4&Prime; uncode_shortcode_id=\u00a0\u00bb126468&Prime; text_color_type=\u00a0\u00bbuncode-palette\u00a0\u00bb]Une attention 100\u00a0% personnalis\u00e9e[\/vc_custom_heading][vc_column_text uncode_shortcode_id=\u00a0\u00bb114513&Prime;]Chez Formotor, vous pourrez b\u00e9n\u00e9ficier d&rsquo;un service personnalis\u00e9, convivial et professionnel gr\u00e2ce \u00e0 ses 30 ans d&rsquo;exp\u00e9rience dans le secteur de la location de voitures et \u00e0 l&rsquo;excellente \u00e9quipe humaine qui la compose.[\/vc_column_text][\/vc_column_inner][\/vc_row_inner][vc_row_inner row_inner_height_percent=\u00a0\u00bb0&Prime; overlay_alpha=\u00a0\u00bb50&Prime; gutter_size=\u00a0\u00bb3&Prime; shift_y=\u00a0\u00bb0&Prime; z_index=\u00a0\u00bb0&Prime; uncode_shortcode_id=\u00a0\u00bb693881&Prime; el_class=\u00a0\u00bbradius-img\u00a0\u00bb][vc_column_inner width=\u00a0\u00bb1\/4&Prime;][vc_single_image media=\u00a0\u00bb13977&Prime; media_width_percent=\u00a0\u00bb100&Prime; uncode_shortcode_id=\u00a0\u00bb114590&Prime;][\/vc_column_inner][vc_column_inner column_width_percent=\u00a0\u00bb100&Prime; position_vertical=\u00a0\u00bbmiddle\u00a0\u00bb gutter_size=\u00a0\u00bb3&Prime; overlay_alpha=\u00a0\u00bb50&Prime; shift_x=\u00a0\u00bb0&Prime; shift_y=\u00a0\u00bb0&Prime; shift_y_down=\u00a0\u00bb0&Prime; z_index=\u00a0\u00bb0&Prime; medium_width=\u00a0\u00bb0&Prime; mobile_width=\u00a0\u00bb0&Prime; width=\u00a0\u00bb3\/4&Prime; uncode_shortcode_id=\u00a0\u00bb150880&Prime;][vc_custom_heading text_color=\u00a0\u00bbcolor-blue-light-2-formotor\u00a0\u00bb heading_semantic=\u00a0\u00bbh4&Prime; text_size=\u00a0\u00bbh4&Prime; uncode_shortcode_id=\u00a0\u00bb362583&Prime; text_color_type=\u00a0\u00bbuncode-palette\u00a0\u00bb]Exp\u00e9rience, engagement et d\u00e9vouement[\/vc_custom_heading][vc_column_text uncode_shortcode_id=\u00a0\u00bb616027&Prime;]Chez Formotor, nous nous appuyons sur 30 ans d&rsquo;exp\u00e9rience pour fournir le meilleur service de location de voitures \u00e0 Formentera. Nous sommes une entreprise familiale qui s&rsquo;efforce de s&rsquo;am\u00e9liorer chaque jour et de soigner chaque d\u00e9tail pour que nos clients soient satisfaits \u00e0 100\u00a0%.[\/vc_column_text][\/vc_column_inner][\/vc_row_inner][\/vc_column][\/vc_row][vc_row][vc_column width=\u00a0\u00bb1\/1&Prime;][uncode_block id=\u00a0\u00bb15653&Prime;][\/vc_column][\/vc_row][vc_row][vc_column width=\u00a0\u00bb1\/1&Prime;][uncode_block id=\u00a0\u00bb15663&Prime;][\/vc_column][\/vc_row]<\/p>\n<\/div>","protected":false},"excerpt":{"rendered":"<p>Nous fournissons le meilleur service de location de v\u00e9hicules \u00e0 Formentera depuis 30 ans<\/p>\n","protected":false},"author":1,"featured_media":15771,"parent":0,"menu_order":0,"comment_status":"closed","ping_status":"closed","template":"","meta":{"_acf_changed":false,"footnotes":""},"class_list":["post-18089","page","type-page","status-publish","has-post-thumbnail","hentry"],"acf":[],"_links":{"self":[{"href":"https:\/\/formotor.com\/fr\/wp-json\/wp\/v2\/pages\/18089","targetHints":{"allow":["GET"]}}],"collection":[{"href":"https:\/\/formotor.com\/fr\/wp-json\/wp\/v2\/pages"}],"about":[{"href":"https:\/\/formotor.com\/fr\/wp-json\/wp\/v2\/types\/page"}],"author":[{"embeddable":true,"href":"https:\/\/formotor.com\/fr\/wp-json\/wp\/v2\/users\/1"}],"replies":[{"embeddable":true,"href":"https:\/\/formotor.com\/fr\/wp-json\/wp\/v2\/comments?post=18089"}],"version-history":[{"count":2,"href":"https:\/\/formotor.com\/fr\/wp-json\/wp\/v2\/pages\/18089\/revisions"}],"predecessor-version":[{"id":18098,"href":"https:\/\/formotor.com\/fr\/wp-json\/wp\/v2\/pages\/18089\/revisions\/18098"}],"wp:featuredmedia":[{"embeddable":true,"href":"https:\/\/formotor.com\/fr\/wp-json\/wp\/v2\/media\/15771"}],"wp:attachment":[{"href":"https:\/\/formotor.com\/fr\/wp-json\/wp\/v2\/media?parent=18089"}],"curies":[{"name":"wp","href":"https:\/\/api.w.org\/{rel}","templated":true}]}}