{"id":18085,"date":"2022-03-03T13:55:37","date_gmt":"2022-03-03T12:55:37","guid":{"rendered":"https:\/\/formotor.com\/services-et-avantages\/"},"modified":"2024-09-18T12:55:29","modified_gmt":"2024-09-18T11:55:29","slug":"services-et-avantages","status":"publish","type":"page","link":"https:\/\/formotor.com\/fr\/services-et-avantages\/","title":{"rendered":"Services et avantages"},"content":{"rendered":"<div class=\"wpb-content-wrapper\"><p>[vc_row][vc_column width=\u00a0\u00bb1\/2&Prime;][vc_column_text uncode_shortcode_id=\u00a0\u00bb213518&Prime;]<\/p>\n<div class=\"column-service-content-wrapper\">\n<div style=\"display: block; float: left;\">\n<div class=\"column-service-image\"><img decoding=\"async\" src=\"https:\/\/www.formotor.com\/wp-content\/uploads\/2015\/11\/formotor_icon_attention.png\" alt=\"\" width=\"57\" height=\"50\" \/><\/div>\n<\/div>\n<div style=\"display: block; float: left;\">\n<h3 class=\"column-service-title\">Attention<br \/>\npersonnalis\u00e9e<\/h3>\n<\/div>\n<div style=\"display: block; clear: both;\"><\/div>\n<div class=\"column-service-content limoking-skin-content\">\n<p>Vous pouvez b\u00e9n\u00e9ficier du service personnalis\u00e9, convivial et professionnel de <strong>FORMOTOR<\/strong>, gr\u00e2ce \u00e0 ses 30 ans d&rsquo;exp\u00e9rience dans le secteur de la location de voitures.<br \/>\nNotre principal objectif est la satisfaction de nos clients, qui \u00e0 son tour constitue notre meilleure garantie de succ\u00e8s.<\/p>\n<\/div>\n<\/div>\n<p>[\/vc_column_text][\/vc_column][vc_column width=\u00a0\u00bb1\/2&Prime;][vc_column_text uncode_shortcode_id=\u00a0\u00bb316155&Prime;]<\/p>\n<div class=\"column-service-content-wrapper\">\n<div style=\"display: block; float: left;\">\n<div class=\"column-service-image\"><img decoding=\"async\" src=\"https:\/\/www.formotor.com\/wp-content\/uploads\/2015\/11\/fronticoncar2.png\" alt=\"\" width=\"63\" height=\"43\" \/><\/div>\n<\/div>\n<div style=\"display: block; float: left;\">\n<h3 class=\"column-service-title\">Flotte de v\u00e9hicules<br \/>\nrenouvel\u00e9e<\/h3>\n<\/div>\n<div style=\"display: block; clear: both;\"><\/div>\n<div class=\"column-service-content limoking-skin-content\">\n<p><strong>FORMOTOR<\/strong> rent a car b\u00e9n\u00e9ficie du soutien d&rsquo;une vaste infrastructure \u00e0 <strong>FORMENTERA<\/strong>. Notre flotte de v\u00e9hicules de location est tr\u00e8s vari\u00e9e et con\u00e7ue pour profiter au maximum de vos vacances \u00e0 <strong>FORMENTERA<\/strong>.<br \/>\nNous disposons de petits utilitaires, con\u00e7us pour les courts s\u00e9jours.<\/p>\n<\/div>\n<\/div>\n<p>[\/vc_column_text][\/vc_column][\/vc_row][vc_row][vc_column width=\u00a0\u00bb1\/2&Prime;][vc_column_text uncode_shortcode_id=\u00a0\u00bb794546&Prime;]<\/p>\n<div class=\"column-service-content-wrapper\">\n<div style=\"display: block; float: left;\">\n<div class=\"column-service-image\"><img decoding=\"async\" src=\"https:\/\/www.formotor.com\/wp-content\/uploads\/2015\/11\/formotor_icon_entrega.png\" alt=\"\" width=\"50\" height=\"50\" \/><\/div>\n<\/div>\n<div style=\"display: block; float: left;\">\n<h3 class=\"column-service-title\">Livraison<br \/>\nflexible<\/h3>\n<\/div>\n<div style=\"display: block; clear: both;\"><\/div>\n<div class=\"column-service-content limoking-skin-content\">\n<p><strong>FORMOTOR<\/strong> facilite vos vacances en vous proposant un service de livraison de 8 h \u00e0 21 h, pendant les heures d&rsquo;ouverture de<strong> l&rsquo;agence de La Savina Port<\/strong>, du 1er mai au 31 octobre.<br \/>\nOffre d&rsquo;un service suppl\u00e9mentaire pour les r\u00e9servations confirm\u00e9es, avec des livraisons jusqu&rsquo;\u00e0 23h45 (voir suppl\u00e9ment pour livraison en dehors des heures de bureau)<\/p>\n<p>Outre ce service, il convient d&rsquo;ajouter que FORMOTOR propose un service de livraison et\/ou de collecte \u00e0 domicile de <strong>moto et\/ou votre voiture<\/strong>, sur r\u00e9servation, en tout point de <strong>Formentera<\/strong>.<br \/>\nEn outre, nous vous rappelons que nous restons ouverts toute l&rsquo;ann\u00e9e pour offrir nos services aux clients qui aiment profiter de l&rsquo;\u00eele de <strong>Formentera<\/strong> d&rsquo;une mani\u00e8re diff\u00e9rente pendant les mois d&rsquo;hiver et qui veulent r\u00e9server leur <strong>voiture et\/ou leur moto.<\/strong><\/p>\n<p>&nbsp;<\/p>\n<\/div>\n<\/div>\n<p>[\/vc_column_text][\/vc_column][vc_column width=\u00a0\u00bb1\/2&Prime;][vc_column_text uncode_shortcode_id=\u00a0\u00bb172586&Prime;]<\/p>\n<div class=\"column-service-content-wrapper\">\n<div style=\"display: block; float: left;\">\n<div class=\"column-service-image\"><img decoding=\"async\" src=\"https:\/\/www.formotor.com\/wp-content\/uploads\/2016\/03\/formotor_icon_point.png\" alt=\"\" width=\"41\" height=\"46\" \/><\/div>\n<\/div>\n<div style=\"display: block; float: left;\">\n<h3 class=\"column-service-title\">Nous disposons de 5 agences<br \/>\n\u00e0 Formentera<\/h3>\n<\/div>\n<div style=\"display: block; clear: both;\"><\/div>\n<div class=\"column-service-content limoking-skin-content\">\n<p><strong>FORMOTOR<\/strong> vous offre ses services d\u00e8s que vous descendez du bateau, en mettant \u00e0 votre disposition trois de ses agences, en premi\u00e8re ligne.<br \/>\nPour ceux qui se rendent sur notre \u00eele de Formentera en excursion d&rsquo;une journ\u00e9e, nous avons une agence \u00e0 100 m\u00e8tres du d\u00e9barcad\u00e8re.<\/p>\n<p><strong>L&rsquo;agence Es Cal\u00f3<\/strong> est situ\u00e9e \u00e0 300 m\u00e8tres du port de p\u00eache d&rsquo;<strong>Es Cal\u00f3 de Sant Agust\u00ed<\/strong>, juste \u00e0 c\u00f4t\u00e9 du Cam\u00ed de Sa Pujada.<\/p>\n<\/div>\n<\/div>\n<p>[\/vc_column_text][\/vc_column][\/vc_row][vc_row][vc_column width=\u00a0\u00bb1\/2&Prime;][vc_column_text uncode_shortcode_id=\u00a0\u00bb107181&Prime;]<\/p>\n<div class=\"column-service-content-wrapper\">\n<div style=\"display: block; float: left;\">\n<div class=\"column-service-image\"><img decoding=\"async\" src=\"https:\/\/www.formotor.com\/wp-content\/uploads\/2016\/03\/formotor_icon_tool.png\" alt=\"\" width=\"41\" height=\"46\" \/><\/div>\n<\/div>\n<div style=\"display: block; float: left;\">\n<h3 class=\"column-service-title\">Propre atelier<br \/>\nde r\u00e9paration<\/h3>\n<\/div>\n<div style=\"display: block; clear: both;\"><\/div>\n<div class=\"column-service-content limoking-skin-content\">\n<p>Il fait partie de l&rsquo;infrastructure de <strong>FORMOTOR<\/strong>, un atelier sp\u00e9cialis\u00e9 multimarques qui garantit que nos v\u00e9hicules sont dans un \u00e9tat optimal. En plus de proposer un service au public pour l&rsquo;achat et la vente de v\u00e9hicules, il est charg\u00e9 des r\u00e9parations m\u00e9caniques, de la carrosserie et de la peinture.<\/p>\n<\/div>\n<\/div>\n<p>[\/vc_column_text][\/vc_column][vc_column width=\u00a0\u00bb1\/2&Prime;][vc_column_text uncode_shortcode_id=\u00a0\u00bb193896&Prime;]<\/p>\n<div class=\"column-service-content-wrapper\">\n<div style=\"display: block; float: left;\">\n<div class=\"column-service-image\"><img decoding=\"async\" src=\"https:\/\/www.formotor.com\/wp-content\/uploads\/2016\/03\/formotor_icon_hotel.png\" alt=\"\" width=\"41\" height=\"46\" \/><\/div>\n<\/div>\n<div style=\"display: block; float: left;\">\n<h3 class=\"column-service-title\">Livraison du v\u00e9hicule<br \/>\n\u00e0 l&rsquo;h\u00f4tel<\/h3>\n<\/div>\n<div style=\"display: block; clear: both;\"><\/div>\n<div class=\"column-service-content limoking-skin-content\">\n<p>Demandez la livraison de votre <strong>voiture ou de votre moto<\/strong>, sur <strong>r\u00e9servation<\/strong>, directement \u00e0 votre h\u00e9bergement. <strong>FORMOTOR<\/strong> vous garantit la livraison du v\u00e9hicule r\u00e9serv\u00e9 \u00e0 l&rsquo;endroit sp\u00e9cifi\u00e9, sur <strong>r\u00e9servation pr\u00e9alable<\/strong>.<\/p>\n<\/div>\n<\/div>\n<p>[\/vc_column_text][\/vc_column][\/vc_row][vc_row row_height_percent=\u00a0\u00bb0&Prime; back_image=\u00a0\u00bb7094&Prime; overlay_alpha=\u00a0\u00bb50&Prime; gutter_size=\u00a0\u00bb3&Prime; column_width_percent=\u00a0\u00bb100&Prime; shift_y=\u00a0\u00bb0&Prime; z_index=\u00a0\u00bb0&Prime; uncode_shortcode_id=\u00a0\u00bb794923&Prime; el_id=\u00a0\u00bbv\u00e9hicule\u00a0\u00bb css=\u00a0\u00bb.vc_custom_1646397552479{margin-top: 60px !important;}\u00a0\u00bb][vc_column width=\u00a0\u00bb2\/3&Prime;][vc_custom_heading heading_semantic=\u00a0\u00bbh4&Prime; text_size=\u00a0\u00bbh4&Prime; uncode_shortcode_id=\u00a0\u00bb768006&Prime;]Plus de 6\u00a0500 clients satisfaits.<br \/>\nC&rsquo;est notre meilleure garantie.[\/vc_custom_heading][vc_column_text text_color=\u00a0\u00bbcolor-blue-formotor\u00a0\u00bb uncode_shortcode_id=\u00a0\u00bb614482&Prime; text_color_type=\u00a0\u00bbuncode-palette\u00a0\u00bb]<\/p>\n<div class=\"about-us-title-divider\"><\/div>\n<p>Notre objectif, la satisfaction de nos clients. La satisfaction de nos clients notre plus grande garantie de succ\u00e8s.[\/vc_column_text][vc_button button_color=\u00a0\u00bbcolor-blue-light-2-formotor\u00a0\u00bb border_width=\u00a0\u00bb0&Prime; button_color_type=\u00a0\u00bbuncode-palette\u00a0\u00bb el_class=\u00a0\u00bbbtn-formotor-2&Prime; uncode_shortcode_id=\u00a0\u00bb894688&Prime; link=\u00a0\u00bburl:https%3A%2F%2Fformotor.com%2Freservas%2F|title:RESERVAS|\u00a0\u00bb]R\u00c9SERVER[\/vc_button][\/vc_column][vc_column width=\u00a0\u00bb1\/3&Prime;][\/vc_column][\/vc_row][vc_row][vc_column width=\u00a0\u00bb1\/1&Prime;][uncode_block id=\u00a0\u00bb15653&Prime;][\/vc_column][\/vc_row]<\/p>\n<\/div>","protected":false},"excerpt":{"rendered":"<p>Des services et des avantages pens\u00e9s pour votre confort absolu<\/p>\n","protected":false},"author":1,"featured_media":17144,"parent":0,"menu_order":0,"comment_status":"closed","ping_status":"closed","template":"","meta":{"_acf_changed":false,"footnotes":""},"class_list":["post-18085","page","type-page","status-publish","has-post-thumbnail","hentry"],"acf":[],"_links":{"self":[{"href":"https:\/\/formotor.com\/fr\/wp-json\/wp\/v2\/pages\/18085","targetHints":{"allow":["GET"]}}],"collection":[{"href":"https:\/\/formotor.com\/fr\/wp-json\/wp\/v2\/pages"}],"about":[{"href":"https:\/\/formotor.com\/fr\/wp-json\/wp\/v2\/types\/page"}],"author":[{"embeddable":true,"href":"https:\/\/formotor.com\/fr\/wp-json\/wp\/v2\/users\/1"}],"replies":[{"embeddable":true,"href":"https:\/\/formotor.com\/fr\/wp-json\/wp\/v2\/comments?post=18085"}],"version-history":[{"count":2,"href":"https:\/\/formotor.com\/fr\/wp-json\/wp\/v2\/pages\/18085\/revisions"}],"predecessor-version":[{"id":19538,"href":"https:\/\/formotor.com\/fr\/wp-json\/wp\/v2\/pages\/18085\/revisions\/19538"}],"wp:featuredmedia":[{"embeddable":true,"href":"https:\/\/formotor.com\/fr\/wp-json\/wp\/v2\/media\/17144"}],"wp:attachment":[{"href":"https:\/\/formotor.com\/fr\/wp-json\/wp\/v2\/media?parent=18085"}],"curies":[{"name":"wp","href":"https:\/\/api.w.org\/{rel}","templated":true}]}}