{"id":18081,"date":"2022-03-03T15:21:05","date_gmt":"2022-03-03T14:21:05","guid":{"rendered":"https:\/\/formotor.com\/flotte-de-vehicules-formotor\/"},"modified":"2023-04-13T09:55:15","modified_gmt":"2023-04-13T08:55:15","slug":"flotte-de-vehicules-formotor","status":"publish","type":"page","link":"https:\/\/formotor.com\/fr\/flotte-de-vehicules-formotor\/","title":{"rendered":"Flotte de v\u00e9hicules Formotor"},"content":{"rendered":"<div class=\"wpb-content-wrapper\"><p>[vc_row][vc_column width=\u00a0\u00bb1\/1&Prime;][vc_column_text uncode_shortcode_id=\u00a0\u00bb213951&Prime;][ibexrentacar-fleet width=\u00a0\u00bb100%\u00a0\u00bb include_jquery=\u00a0\u00bb0&Prime; locale=\u00a0\u00bbes_ES\u00a0\u00bb result_view=\u00a0\u00bbgrid\u00a0\u00bb include_css=\u00a0\u00bbhttp:\/\/formotor.com\/custom\/formotor_motorreservas.css\u00a0\u00bb][\/vc_column_text][\/vc_column][\/vc_row][vc_row][vc_column width=\u00a0\u00bb1\/1&Prime;][uncode_block id=\u00a0\u00bb15653&Prime;][\/vc_column][\/vc_row]<\/p>\n<\/div>","protected":false},"excerpt":{"rendered":"<p>Grande flotte de v\u00e9hicules renouvel\u00e9e, parfaite pour effectuer une location de voiture \u00e0 Formentera.<\/p>\n","protected":false},"author":1,"featured_media":17012,"parent":0,"menu_order":0,"comment_status":"closed","ping_status":"closed","template":"","meta":{"_acf_changed":false,"footnotes":""},"class_list":["post-18081","page","type-page","status-publish","has-post-thumbnail","hentry"],"acf":[],"_links":{"self":[{"href":"https:\/\/formotor.com\/fr\/wp-json\/wp\/v2\/pages\/18081","targetHints":{"allow":["GET"]}}],"collection":[{"href":"https:\/\/formotor.com\/fr\/wp-json\/wp\/v2\/pages"}],"about":[{"href":"https:\/\/formotor.com\/fr\/wp-json\/wp\/v2\/types\/page"}],"author":[{"embeddable":true,"href":"https:\/\/formotor.com\/fr\/wp-json\/wp\/v2\/users\/1"}],"replies":[{"embeddable":true,"href":"https:\/\/formotor.com\/fr\/wp-json\/wp\/v2\/comments?post=18081"}],"version-history":[{"count":1,"href":"https:\/\/formotor.com\/fr\/wp-json\/wp\/v2\/pages\/18081\/revisions"}],"predecessor-version":[{"id":18084,"href":"https:\/\/formotor.com\/fr\/wp-json\/wp\/v2\/pages\/18081\/revisions\/18084"}],"wp:featuredmedia":[{"embeddable":true,"href":"https:\/\/formotor.com\/fr\/wp-json\/wp\/v2\/media\/17012"}],"wp:attachment":[{"href":"https:\/\/formotor.com\/fr\/wp-json\/wp\/v2\/media?parent=18081"}],"curies":[{"name":"wp","href":"https:\/\/api.w.org\/{rel}","templated":true}]}}