{"id":19670,"date":"2025-07-11T09:49:16","date_gmt":"2025-07-11T08:49:16","guid":{"rendered":"https:\/\/formotor.com\/?post_type=product&#038;p=19670"},"modified":"2025-07-18T08:22:37","modified_gmt":"2025-07-18T07:22:37","slug":"citroen-berlingo-copia-copia","status":"publish","type":"product","link":"https:\/\/formotor.com\/de\/flotte\/mietwagen-auf-formentera\/citroen-berlingo-copia-copia\/","title":{"rendered":"Citro\u00ebn C4"},"content":{"rendered":"<h1>Miete Citro\u00ebn Berlingo auf Formentera<\/h1>\n<p>Der Citro\u00ebn Berlingo \u2013 ein praktisches Familienfahrzeug. Ein Fahrzeug mit gro\u00dfem Kofferraum und ausreichend Platz f\u00fcr eine bequeme Reise von Fahrer und Mitfahrern.<\/p>\n<p>Das Fahrerlebnis ist dem eines normalen Pkw \u00e4hnlich. Dies liegt daran, dass die Fahrerposition nicht so hoch liegt, wie in einem Minivan und bei niedrigen Drehzahlen nur geringe Vibrationen verursacht, was f\u00fcr lange Fahrten gro\u00dfartig ist.<\/p>\n<p>Der Citro\u00ebn Berlingo hat eine Innenraumkapazit\u00e4t f\u00fcr bis zu 5 Personen.<\/p>\n<h2>Warum einen Citro\u00ebn Berlingo mieten?<\/h2>\n<p>F\u00fcr Familien auf der Suche nach einem praktischen Fahrzeug gibt es keine bessere Wahl. Der Citro\u00ebn Berlingo hat einen gro\u00dfen Kofferraum und die Schiebet\u00fcren f\u00fcr die Passagiere machen ihn sehr komfortabel.<\/p>\n","protected":false},"excerpt":{"rendered":"<p>Miete Citro\u00ebn Berlingo auf Formentera Der Citro\u00ebn Berlingo \u2013 ein praktisches Familienfahrzeug. Ein Fahrzeug mit gro\u00dfem Kofferraum und ausreichend Platz [&hellip;]<\/p>\n","protected":false},"featured_media":19677,"comment_status":"closed","ping_status":"closed","template":"","meta":{"_acf_changed":false},"product_cat":[487],"product_tag":[],"class_list":{"0":"post-19670","1":"product","2":"type-product","3":"status-publish","4":"has-post-thumbnail","6":"product_cat-mietwagen-auf-formentera","8":"first","9":"instock","10":"purchasable","11":"product-type-simple"},"acf":[],"_links":{"self":[{"href":"https:\/\/formotor.com\/de\/wp-json\/wp\/v2\/product\/19670","targetHints":{"allow":["GET"]}}],"collection":[{"href":"https:\/\/formotor.com\/de\/wp-json\/wp\/v2\/product"}],"about":[{"href":"https:\/\/formotor.com\/de\/wp-json\/wp\/v2\/types\/product"}],"replies":[{"embeddable":true,"href":"https:\/\/formotor.com\/de\/wp-json\/wp\/v2\/comments?post=19670"}],"wp:featuredmedia":[{"embeddable":true,"href":"https:\/\/formotor.com\/de\/wp-json\/wp\/v2\/media\/19677"}],"wp:attachment":[{"href":"https:\/\/formotor.com\/de\/wp-json\/wp\/v2\/media?parent=19670"}],"wp:term":[{"taxonomy":"product_cat","embeddable":true,"href":"https:\/\/formotor.com\/de\/wp-json\/wp\/v2\/product_cat?post=19670"},{"taxonomy":"product_tag","embeddable":true,"href":"https:\/\/formotor.com\/de\/wp-json\/wp\/v2\/product_tag?post=19670"}],"curies":[{"name":"wp","href":"https:\/\/api.w.org\/{rel}","templated":true}]}}