{"id":19574,"date":"2024-10-21T11:29:20","date_gmt":"2024-10-21T10:29:20","guid":{"rendered":"https:\/\/formotor.com\/flota\/unkategorisiert\/19574\/"},"modified":"2025-01-29T10:36:22","modified_gmt":"2025-01-29T09:36:22","slug":"19574","status":"publish","type":"product","link":"https:\/\/formotor.com\/de\/flotte\/mietwagen-auf-formentera\/19574\/","title":{"rendered":"Fiat Panda Cross"},"content":{"rendered":"<h1>Fiat Panda Cross auf Formentera mieten<\/h1>\n<p>Der Fiat Panda Cross ist der perfekte Begleiter, um Formentera zu erkunden, mit seinem kompakten und robusten Design, das ein komfortables und agiles Fahrerlebnis bietet. Trotz seiner geringen Gr\u00f6\u00dfe verf\u00fcgt dieses Fahrzeug \u00fcber einen gut genutzten Innenraum, der ausreichend Platz f\u00fcr 4 Personen und ihr Gep\u00e4ck bietet.<\/p>\n<p>Dank der 5 verf\u00fcgbaren T\u00fcren ist der Zugang zum Innenraum einfach, was seine Vielseitigkeit sowohl f\u00fcr Fahrten in der Stadt als auch auf den abenteuerlicheren Wegen der Insel unterstreicht.<\/p>\n<h2>Warum einen Fiat Panda Cross mieten?<\/h2>\n<p>Weil er kompakt, aber robust ist, ideal f\u00fcr die Mobilit\u00e4t auf dem vielf\u00e4ltigen Gel\u00e4nde der Insel und ein komfortables und sicheres Fahrerlebnis bietet.<\/p>\n","protected":false},"excerpt":{"rendered":"<p>Fiat Panda Cross auf Formentera mieten Der Fiat Panda Cross ist der perfekte Begleiter, um Formentera zu erkunden, mit seinem [&hellip;]<\/p>\n","protected":false},"featured_media":19559,"comment_status":"open","ping_status":"closed","template":"","meta":{"_acf_changed":false},"product_cat":[487],"product_tag":[],"class_list":{"0":"post-19574","1":"product","2":"type-product","3":"status-publish","4":"has-post-thumbnail","6":"product_cat-mietwagen-auf-formentera","8":"first","9":"instock","10":"sale","11":"shipping-taxable","12":"purchasable","13":"product-type-simple"},"acf":[],"_links":{"self":[{"href":"https:\/\/formotor.com\/de\/wp-json\/wp\/v2\/product\/19574","targetHints":{"allow":["GET"]}}],"collection":[{"href":"https:\/\/formotor.com\/de\/wp-json\/wp\/v2\/product"}],"about":[{"href":"https:\/\/formotor.com\/de\/wp-json\/wp\/v2\/types\/product"}],"replies":[{"embeddable":true,"href":"https:\/\/formotor.com\/de\/wp-json\/wp\/v2\/comments?post=19574"}],"wp:featuredmedia":[{"embeddable":true,"href":"https:\/\/formotor.com\/de\/wp-json\/wp\/v2\/media\/19559"}],"wp:attachment":[{"href":"https:\/\/formotor.com\/de\/wp-json\/wp\/v2\/media?parent=19574"}],"wp:term":[{"taxonomy":"product_cat","embeddable":true,"href":"https:\/\/formotor.com\/de\/wp-json\/wp\/v2\/product_cat?post=19574"},{"taxonomy":"product_tag","embeddable":true,"href":"https:\/\/formotor.com\/de\/wp-json\/wp\/v2\/product_tag?post=19574"}],"curies":[{"name":"wp","href":"https:\/\/api.w.org\/{rel}","templated":true}]}}