{"id":19569,"date":"2024-10-21T11:14:29","date_gmt":"2024-10-21T10:14:29","guid":{"rendered":"https:\/\/formotor.com\/?post_type=product&#038;p=19569"},"modified":"2024-10-21T11:40:14","modified_gmt":"2024-10-21T10:40:14","slug":"smart-fortwo","status":"publish","type":"product","link":"https:\/\/formotor.com\/de\/flotte\/mietwagen-auf-formentera\/smart-fortwo\/","title":{"rendered":"Smart ForTwo"},"content":{"rendered":"<h1>Smart ForTwo Cabrio auf Formentera mieten<\/h1>\n<p>Der Smart ForTwo Cabrio ist die perfekte Wahl, um Formentera stilvoll zu genie\u00dfen. Mit seinem kompakten und Cabrio-Design k\u00f6nnen Sie die Insel mit v\u00f6lliger Freiheit erkunden und die Sonne sowie die atemberaubenden Ausblicke dieses mediterranen Paradieses voll ausnutzen. Mit Platz f\u00fcr 2 Personen ist er ideal, um bequem durch enge Stra\u00dfen und malerische Wege zu fahren.<\/p>\n<p>Dank seiner geringen Gr\u00f6\u00dfe und Agilit\u00e4t k\u00f6nnen Sie problemlos \u00fcberall parken und die versteckten Ecken der Insel erreichen. Au\u00dferdem k\u00f6nnen Sie mit dem einziehbaren Dach jederzeit die Meeresbrise genie\u00dfen.<\/p>\n<h2>Warum einen Smart ForTwo Cabrio mieten?<\/h2>\n<p>Weil er kompakt, elegant und agil ist\u2014ideal, um sich auf dem vielf\u00e4ltigen Gel\u00e4nde der Insel fortzubewegen und dabei ein einzigartiges, komfortables Fahrerlebnis in v\u00f6lliger Freiheit zu genie\u00dfen.<\/p>\n","protected":false},"excerpt":{"rendered":"<p>Smart ForTwo Cabrio auf Formentera mieten Der Smart ForTwo Cabrio ist die perfekte Wahl, um Formentera stilvoll zu genie\u00dfen. Mit [&hellip;]<\/p>\n","protected":false},"featured_media":19564,"comment_status":"open","ping_status":"closed","template":"","meta":{"_acf_changed":false},"product_cat":[487],"product_tag":[],"class_list":{"0":"post-19569","1":"product","2":"type-product","3":"status-publish","4":"has-post-thumbnail","6":"product_cat-mietwagen-auf-formentera","8":"first","9":"instock","10":"sale","11":"shipping-taxable","12":"purchasable","13":"product-type-simple"},"acf":[],"_links":{"self":[{"href":"https:\/\/formotor.com\/de\/wp-json\/wp\/v2\/product\/19569","targetHints":{"allow":["GET"]}}],"collection":[{"href":"https:\/\/formotor.com\/de\/wp-json\/wp\/v2\/product"}],"about":[{"href":"https:\/\/formotor.com\/de\/wp-json\/wp\/v2\/types\/product"}],"replies":[{"embeddable":true,"href":"https:\/\/formotor.com\/de\/wp-json\/wp\/v2\/comments?post=19569"}],"wp:featuredmedia":[{"embeddable":true,"href":"https:\/\/formotor.com\/de\/wp-json\/wp\/v2\/media\/19564"}],"wp:attachment":[{"href":"https:\/\/formotor.com\/de\/wp-json\/wp\/v2\/media?parent=19569"}],"wp:term":[{"taxonomy":"product_cat","embeddable":true,"href":"https:\/\/formotor.com\/de\/wp-json\/wp\/v2\/product_cat?post=19569"},{"taxonomy":"product_tag","embeddable":true,"href":"https:\/\/formotor.com\/de\/wp-json\/wp\/v2\/product_tag?post=19569"}],"curies":[{"name":"wp","href":"https:\/\/api.w.org\/{rel}","templated":true}]}}