{"id":18197,"date":"2021-01-27T17:08:41","date_gmt":"2021-01-27T16:08:41","guid":{"rendered":"https:\/\/formotor.com\/flota\/unkategorisiert\/renault-zoe\/"},"modified":"2024-07-01T00:00:50","modified_gmt":"2024-06-30T23:00:50","slug":"fiat-600e","status":"publish","type":"product","link":"https:\/\/formotor.com\/de\/flotte\/mietwagen-auf-formentera\/fiat-600e\/","title":{"rendered":"Fiat 600e"},"content":{"rendered":"<h1>Miete Fiat 600e auf Formentera<\/h1>\n<h2>Warum einen Fiat 600e mieten?<\/h2>\n<p>Wenn Sie sich Sorgen um Ihren \u00f6kologischen Fu\u00dfabdruck machen, ist dies Ihr Fahrzeug! Keine Emissionen und keine L\u00e4rmbel\u00e4stigung. Es ist ein praktisches und kompaktes Fahrzeug, das sich ideal zum Genie\u00dfen und Entdecken der sch\u00f6nsten Ecken der Insel eignet.<\/p>\n","protected":false},"excerpt":{"rendered":"<p>Miete Fiat 600e auf Formentera Warum einen Fiat 600e mieten? Wenn Sie sich Sorgen um Ihren \u00f6kologischen Fu\u00dfabdruck machen, ist [&hellip;]<\/p>\n","protected":false},"featured_media":19657,"comment_status":"closed","ping_status":"closed","template":"","meta":{"_acf_changed":false},"product_cat":[487],"product_tag":[],"class_list":{"0":"post-18197","1":"product","2":"type-product","3":"status-publish","4":"has-post-thumbnail","6":"product_cat-mietwagen-auf-formentera","8":"first","9":"instock","10":"purchasable","11":"product-type-simple"},"acf":[],"_links":{"self":[{"href":"https:\/\/formotor.com\/de\/wp-json\/wp\/v2\/product\/18197","targetHints":{"allow":["GET"]}}],"collection":[{"href":"https:\/\/formotor.com\/de\/wp-json\/wp\/v2\/product"}],"about":[{"href":"https:\/\/formotor.com\/de\/wp-json\/wp\/v2\/types\/product"}],"replies":[{"embeddable":true,"href":"https:\/\/formotor.com\/de\/wp-json\/wp\/v2\/comments?post=18197"}],"wp:featuredmedia":[{"embeddable":true,"href":"https:\/\/formotor.com\/de\/wp-json\/wp\/v2\/media\/19657"}],"wp:attachment":[{"href":"https:\/\/formotor.com\/de\/wp-json\/wp\/v2\/media?parent=18197"}],"wp:term":[{"taxonomy":"product_cat","embeddable":true,"href":"https:\/\/formotor.com\/de\/wp-json\/wp\/v2\/product_cat?post=18197"},{"taxonomy":"product_tag","embeddable":true,"href":"https:\/\/formotor.com\/de\/wp-json\/wp\/v2\/product_tag?post=18197"}],"curies":[{"name":"wp","href":"https:\/\/api.w.org\/{rel}","templated":true}]}}