{"id":18196,"date":"2021-01-27T17:08:41","date_gmt":"2021-01-27T16:08:41","guid":{"rendered":"https:\/\/formotor.com\/flota\/unkategorisiert\/piaggio-medley\/"},"modified":"2024-07-18T10:02:49","modified_gmt":"2024-07-18T09:02:49","slug":"piaggio-medley","status":"publish","type":"product","link":"https:\/\/formotor.com\/de\/flotte\/motorroller-mieten-auf-formentera\/piaggio-medley\/","title":{"rendered":"Piaggio Medley"},"content":{"rendered":"<h1>Miete Piaggio Medley auf Formentera<\/h1>\n<h2>Warum einen Piaggio Medley mieten?<\/h2>\n<p>Wenn Sie gern mit dem Motorroller unterwegs sind. Der Medley ist Ihr Gef\u00e4hrt, denn er bietet maximalen Komfort auf zwei R\u00e4dern und ein gro\u00dfes Stauraumvolumen, in das beide Helme problemlos passen.<\/p>\n<p><img decoding=\"async\" class=\"alignnone size-full wp-image-19410\" src=\"https:\/\/formotor.com\/wp-content\/uploads\/2021\/01\/frase-oficinas-Formotor-1_page-0001-scaled.webp\" alt=\"\" width=\"2560\" height=\"615\" srcset=\"https:\/\/formotor.com\/wp-content\/uploads\/2021\/01\/frase-oficinas-Formotor-1_page-0001-scaled.webp 2560w, https:\/\/formotor.com\/wp-content\/uploads\/2021\/01\/frase-oficinas-Formotor-1_page-0001-300x72.webp 300w, https:\/\/formotor.com\/wp-content\/uploads\/2021\/01\/frase-oficinas-Formotor-1_page-0001-1024x246.webp 1024w, https:\/\/formotor.com\/wp-content\/uploads\/2021\/01\/frase-oficinas-Formotor-1_page-0001-768x184.webp 768w, https:\/\/formotor.com\/wp-content\/uploads\/2021\/01\/frase-oficinas-Formotor-1_page-0001-1536x369.webp 1536w, https:\/\/formotor.com\/wp-content\/uploads\/2021\/01\/frase-oficinas-Formotor-1_page-0001-2048x492.webp 2048w, https:\/\/formotor.com\/wp-content\/uploads\/2021\/01\/frase-oficinas-Formotor-1_page-0001-600x144.webp 600w\" sizes=\"(max-width: 2560px) 100vw, 2560px\" \/><\/p>\n","protected":false},"excerpt":{"rendered":"<p>Miete Piaggio Medley auf Formentera Warum einen Piaggio Medley mieten? Wenn Sie gern mit dem Motorroller unterwegs sind. Der Medley [&hellip;]<\/p>\n","protected":false},"featured_media":19442,"comment_status":"closed","ping_status":"closed","template":"","meta":{"_acf_changed":false},"product_cat":[498],"product_tag":[],"class_list":{"0":"post-18196","1":"product","2":"type-product","3":"status-publish","4":"has-post-thumbnail","6":"product_cat-motorroller-mieten-auf-formentera","8":"first","9":"instock","10":"sale","11":"purchasable","12":"product-type-simple"},"acf":[],"_links":{"self":[{"href":"https:\/\/formotor.com\/de\/wp-json\/wp\/v2\/product\/18196","targetHints":{"allow":["GET"]}}],"collection":[{"href":"https:\/\/formotor.com\/de\/wp-json\/wp\/v2\/product"}],"about":[{"href":"https:\/\/formotor.com\/de\/wp-json\/wp\/v2\/types\/product"}],"replies":[{"embeddable":true,"href":"https:\/\/formotor.com\/de\/wp-json\/wp\/v2\/comments?post=18196"}],"wp:featuredmedia":[{"embeddable":true,"href":"https:\/\/formotor.com\/de\/wp-json\/wp\/v2\/media\/19442"}],"wp:attachment":[{"href":"https:\/\/formotor.com\/de\/wp-json\/wp\/v2\/media?parent=18196"}],"wp:term":[{"taxonomy":"product_cat","embeddable":true,"href":"https:\/\/formotor.com\/de\/wp-json\/wp\/v2\/product_cat?post=18196"},{"taxonomy":"product_tag","embeddable":true,"href":"https:\/\/formotor.com\/de\/wp-json\/wp\/v2\/product_tag?post=18196"}],"curies":[{"name":"wp","href":"https:\/\/api.w.org\/{rel}","templated":true}]}}