{"id":18195,"date":"2021-01-27T17:08:41","date_gmt":"2021-01-27T16:08:41","guid":{"rendered":"https:\/\/formotor.com\/flota\/unkategorisiert\/kia-soul\/"},"modified":"2024-07-01T00:00:51","modified_gmt":"2024-06-30T23:00:51","slug":"kia-soul-2","status":"publish","type":"product","link":"https:\/\/formotor.com\/de\/flotte\/mietwagen-auf-formentera\/kia-soul-2\/","title":{"rendered":"KIA SOUL"},"content":{"rendered":"<h1>Miete KIA SOUL auf Formentera<\/h1>\n<p>Der Kia Soul ist ein kleiner Van, der sich auf die beste Kombination aus Design und Sicherheit konzentriert.<\/p>\n<p>Innen hat man mehr Platz, als man vermuten w\u00fcrde. Der Kia Soul bietet eine Kapazit\u00e4t f\u00fcr bis zu 5 Personen.<\/p>\n<p>Es ist ein Auto, das gef\u00e4llt, das mit seinen rechteckigen Formen, seinem SUV-Look und seinen Farben auf Anhieb ins Auge sticht. Der Soul zieht viele Blicke auf sich und ist ein Begleiter f\u00fcr tolle Erlebnisse. Unglaubliche Erlebnisse auf der Insel Formentera.<\/p>\n<h2>Warum einen KIA Soul mieten?<\/h2>\n<p>Wenn Sie sich Sorgen um Ihren \u00f6kologischen Fu\u00dfabdruck machen, ist dies Ihr Fahrzeug! Keine Emissionen und keine L\u00e4rmbel\u00e4stigung. Es ist ein praktisches und kompaktes Fahrzeug, das sich ideal zum Genie\u00dfen und Entdecken der sch\u00f6nsten Ecken der Insel eignet.<\/p>\n","protected":false},"excerpt":{"rendered":"<p>Miete KIA SOUL auf Formentera Der Kia Soul ist ein kleiner Van, der sich auf die beste Kombination aus Design [&hellip;]<\/p>\n","protected":false},"featured_media":17487,"comment_status":"closed","ping_status":"closed","template":"","meta":{"_acf_changed":false},"product_cat":[487],"product_tag":[],"class_list":{"0":"post-18195","1":"product","2":"type-product","3":"status-publish","4":"has-post-thumbnail","6":"product_cat-mietwagen-auf-formentera","8":"first","9":"instock","10":"sale","11":"purchasable","12":"product-type-simple"},"acf":[],"_links":{"self":[{"href":"https:\/\/formotor.com\/de\/wp-json\/wp\/v2\/product\/18195","targetHints":{"allow":["GET"]}}],"collection":[{"href":"https:\/\/formotor.com\/de\/wp-json\/wp\/v2\/product"}],"about":[{"href":"https:\/\/formotor.com\/de\/wp-json\/wp\/v2\/types\/product"}],"replies":[{"embeddable":true,"href":"https:\/\/formotor.com\/de\/wp-json\/wp\/v2\/comments?post=18195"}],"wp:featuredmedia":[{"embeddable":true,"href":"https:\/\/formotor.com\/de\/wp-json\/wp\/v2\/media\/17487"}],"wp:attachment":[{"href":"https:\/\/formotor.com\/de\/wp-json\/wp\/v2\/media?parent=18195"}],"wp:term":[{"taxonomy":"product_cat","embeddable":true,"href":"https:\/\/formotor.com\/de\/wp-json\/wp\/v2\/product_cat?post=18195"},{"taxonomy":"product_tag","embeddable":true,"href":"https:\/\/formotor.com\/de\/wp-json\/wp\/v2\/product_tag?post=18195"}],"curies":[{"name":"wp","href":"https:\/\/api.w.org\/{rel}","templated":true}]}}